{"id":16400,"date":"2024-10-06T18:14:22","date_gmt":"2024-10-06T16:14:22","guid":{"rendered":"https:\/\/9play.de\/shop\/produkt\/geldboerse-miraculous-ladybug-love-and-courage\/"},"modified":"2024-10-06T18:14:35","modified_gmt":"2024-10-06T16:14:35","slug":"geldboerse-miraculous-ladybug-love-and-courage","status":"publish","type":"product","link":"https:\/\/9play.de\/shop\/produkt\/geldboerse-miraculous-ladybug-love-and-courage\/","title":{"rendered":"Geldb\u00f6rse Miraculous Ladybug Love and Courage"},"content":{"rendered":"<p>Suchen Sie nach einer stilvollen und ger\u00e4umigen Geldb\u00f6rse, in der Sie all Ihr Geld und Ihre Karten problemlos aufbewahren k\u00f6nnen? Dann k\u00f6nnen Sie diese Geldb\u00f6rse mit Miraculous ab sofort in Ihre Tasche stecken.<br \/>In dieser sch\u00f6nen Brieftasche finden Sie gen\u00fcgend praktische F\u00e4cher, um alles zu verstauen.<br \/>Alle Ihre Habseligkeiten sind bei Miraculous&nbsp;Ladybug in guten H\u00e4nden, die mit ihrem coolen roten Anzug auf der Vorderseite des Portemonnaies zu sehen ist.<br \/>Das rot-blaue Portemonnaie wird mit einem Klettverschluss geschlossen, sodass Sie sicher sein k\u00f6nnen, dass Sie unterwegs weder Geld noch Karten verlieren.<\/p>\n<p>Innenfach mit Rei\u00dfverschluss<br \/>Material: 100% Polyester<br \/>Gr\u00f6\u00dfe: ca. 10.00 x 10.00 x 1.00 cm<br \/>Altersempfehlung: ab 4 Jahre<\/p>\n<p><span style=\"font-size:12.0pt\"><span style=\"font-family:Times New Roman,serif\">Achtung:&nbsp;Nicht f\u00fcr Kinder unter 36 Monaten geeignet wegen verschluckbarer Kleinteile, Erstickungsgefahr.<\/span><\/span><\/p>\n","protected":false},"excerpt":{"rendered":"<p>In dieser sch\u00f6nen Brieftasche finden Sie gen\u00fcgend praktische F\u00e4cher, um alles zu verstauen.<\/p>\n","protected":false},"featured_media":16401,"comment_status":"closed","ping_status":"open","template":"","meta":[],"product_brand":[],"product_cat":[515],"product_tag":[],"class_list":{"0":"post-16400","1":"product","2":"type-product","3":"status-publish","4":"has-post-thumbnail","6":"product_cat-geldboersen","8":"first","9":"instock","10":"shipping-taxable","11":"purchasable","12":"product-type-simple"},"_links":{"self":[{"href":"https:\/\/9play.de\/shop\/wp-json\/wp\/v2\/product\/16400","targetHints":{"allow":["GET"]}}],"collection":[{"href":"https:\/\/9play.de\/shop\/wp-json\/wp\/v2\/product"}],"about":[{"href":"https:\/\/9play.de\/shop\/wp-json\/wp\/v2\/types\/product"}],"replies":[{"embeddable":true,"href":"https:\/\/9play.de\/shop\/wp-json\/wp\/v2\/comments?post=16400"}],"wp:featuredmedia":[{"embeddable":true,"href":"https:\/\/9play.de\/shop\/wp-json\/wp\/v2\/media\/16401"}],"wp:attachment":[{"href":"https:\/\/9play.de\/shop\/wp-json\/wp\/v2\/media?parent=16400"}],"wp:term":[{"taxonomy":"product_brand","embeddable":true,"href":"https:\/\/9play.de\/shop\/wp-json\/wp\/v2\/product_brand?post=16400"},{"taxonomy":"product_cat","embeddable":true,"href":"https:\/\/9play.de\/shop\/wp-json\/wp\/v2\/product_cat?post=16400"},{"taxonomy":"product_tag","embeddable":true,"href":"https:\/\/9play.de\/shop\/wp-json\/wp\/v2\/product_tag?post=16400"}],"curies":[{"name":"wp","href":"https:\/\/api.w.org\/{rel}","templated":true}]}}