{"id":16420,"date":"2024-10-06T18:14:22","date_gmt":"2024-10-06T16:14:22","guid":{"rendered":"https:\/\/9play.de\/shop\/produkt\/eisprinzessin-kostuem-mit-tutu-tiara-und-stab\/"},"modified":"2024-10-06T18:14:47","modified_gmt":"2024-10-06T16:14:47","slug":"eisprinzessin-kostuem-mit-tutu-tiara-und-stab","status":"publish","type":"product","link":"https:\/\/9play.de\/shop\/produkt\/eisprinzessin-kostuem-mit-tutu-tiara-und-stab\/","title":{"rendered":"Eisprinzessin Kost\u00fcm mit Tutu, Tiara und Stab"},"content":{"rendered":"<p>Mit diesem wundersch\u00f6nen Kost\u00fcm kann jedes Kind zur Eisprinzessin werden! Ein echtes Outfit im Stil der Eisk\u00f6nigin aus dem beliebten Film.<br \/>Das Set besteht aus einem glitzernden Prinzessinnenrock mit passender Krone und einem Zauberstab mit blauen Kristallen. Der blonde Zopf mit Haarspange rundet das Set ab.<br \/>Verkleiden macht nicht nur an Fasching Spa\u00df, sondern auch auf jedem Kindergeburtstag!<br \/>Verwandle dich also schnell in diese Eisprinzessin!<\/p>\n<p>Material: Polyster<br \/>Inhalt: 4 Teile (Krone, Zauberstab, Zopf, Rock)<br \/>Altersempfehlung: ab 4 bis 6 Jahre<\/p>\n<p>Achtung: Nicht f\u00fcr Kinder unter 36 Monaten geeignet wegen verschluckbarer Kleinteile, Erstickungsgefahr.<\/p>\n","protected":false},"excerpt":{"rendered":"<p>Mit diesem wundersch\u00f6nen Kost\u00fcm kann jedes Kind zur Eisprinzessin werden!<\/p>\n","protected":false},"featured_media":16421,"comment_status":"closed","ping_status":"open","template":"","meta":[],"product_brand":[],"product_cat":[518],"product_tag":[],"class_list":{"0":"post-16420","1":"product","2":"type-product","3":"status-publish","4":"has-post-thumbnail","6":"product_cat-verkleiden","8":"first","9":"instock","10":"shipping-taxable","11":"purchasable","12":"product-type-simple"},"_links":{"self":[{"href":"https:\/\/9play.de\/shop\/wp-json\/wp\/v2\/product\/16420","targetHints":{"allow":["GET"]}}],"collection":[{"href":"https:\/\/9play.de\/shop\/wp-json\/wp\/v2\/product"}],"about":[{"href":"https:\/\/9play.de\/shop\/wp-json\/wp\/v2\/types\/product"}],"replies":[{"embeddable":true,"href":"https:\/\/9play.de\/shop\/wp-json\/wp\/v2\/comments?post=16420"}],"wp:featuredmedia":[{"embeddable":true,"href":"https:\/\/9play.de\/shop\/wp-json\/wp\/v2\/media\/16421"}],"wp:attachment":[{"href":"https:\/\/9play.de\/shop\/wp-json\/wp\/v2\/media?parent=16420"}],"wp:term":[{"taxonomy":"product_brand","embeddable":true,"href":"https:\/\/9play.de\/shop\/wp-json\/wp\/v2\/product_brand?post=16420"},{"taxonomy":"product_cat","embeddable":true,"href":"https:\/\/9play.de\/shop\/wp-json\/wp\/v2\/product_cat?post=16420"},{"taxonomy":"product_tag","embeddable":true,"href":"https:\/\/9play.de\/shop\/wp-json\/wp\/v2\/product_tag?post=16420"}],"curies":[{"name":"wp","href":"https:\/\/api.w.org\/{rel}","templated":true}]}}