{"id":16430,"date":"2024-10-06T18:14:22","date_gmt":"2024-10-06T16:14:22","guid":{"rendered":"https:\/\/9play.de\/shop\/produkt\/polizei-set-grosses-polizei-waffen-set-fuer-kinder\/"},"modified":"2024-10-06T18:14:53","modified_gmt":"2024-10-06T16:14:53","slug":"polizei-set-grosses-polizei-waffen-set-fuer-kinder","status":"publish","type":"product","link":"https:\/\/9play.de\/shop\/produkt\/polizei-set-grosses-polizei-waffen-set-fuer-kinder\/","title":{"rendered":"Polizei-Set Gro\u00dfes Polizei Waffen Set f\u00fcr Kinder"},"content":{"rendered":"<p>Polizei Set f\u00fcr Kinder mit viel Zubeh\u00f6r. Zu einem Polizeikost\u00fcm passt dieses Set mit dem reichhaltigen Zubeh\u00f6r besonders gut.<br \/>Mit dem 16-teiligen Zubeh\u00f6r kann man so richtig loslegen und auf Verbrecherjagd gehen. Mal etwas anderes als immer nur Spielzeugwaffen zum Kost\u00fcm.<br \/>Ein echter Polizist braucht schlie\u00dflich noch viel mehr Zubeh\u00f6r f\u00fcr die echte Polizeiarbeit. Stell die Zielscheiben in Form der Verbrecher auf und triff die Mitte.<br \/>Im Polizei Set f\u00fcr Kinder befinden sich graue Handschellen aus Kunststoff, ein Fake Uhr f\u00fcr das Inspizieren des Tatorts, ein Funkger\u00e4t um Verst\u00e4rkung anzufordern, nat\u00fcrlich die Polizeimarke mit der man sich ausweisen kann, ein Schlagstock, Messer und Handgranaten f\u00fcr ganz besonders kriminelle Verbrecher. Pistole um Einbrecher in Schach zu halten.<br \/>Der Bank\u00fcberfall wird bestimmt vereitelt. Jetzt geht es los und die Stadt wird gereinigt von den B\u00f6sewichten.<br \/>Tipp von Kost\u00fcmpalast: Mit diesem Polizei Zubeh\u00f6rset Kinderspielzeug hat das Kind das ganze Jahr \u00fcber viel Spa\u00df beim Spiel.<br \/>Daher eignet sich das Set auch gut als Geburtstags- oder Weihnachtsgeschenk.<br \/>Falls Ihr Kind noch kein Kost\u00fcm hat, das gro\u00dfe Set mit Polizeim\u00fctze, Hemd und G\u00fcrtel haben wir ebenfalls im Sortiment.<\/p>\n<p>Altersempfehlung: ab 3 Jahre<br \/>Inhalt: 13 Teile<br \/>Material: Kunststoff&nbsp;<\/p>\n<p>Achtung: Nicht f\u00fcr Kinder unter 36 Monaten geeignet wegen verschluckbarer Kleinteile, Erstickungsgefahr.<\/p>\n","protected":false},"excerpt":{"rendered":"<p>Polizei Set f\u00fcr Kinder mit viel Zubeh\u00f6r.<\/p>\n","protected":false},"featured_media":16431,"comment_status":"closed","ping_status":"open","template":"","meta":[],"product_brand":[],"product_cat":[476],"product_tag":[],"class_list":{"0":"post-16430","1":"product","2":"type-product","3":"status-publish","4":"has-post-thumbnail","6":"product_cat-polizei-detektiv","8":"first","9":"instock","10":"shipping-taxable","11":"purchasable","12":"product-type-simple"},"_links":{"self":[{"href":"https:\/\/9play.de\/shop\/wp-json\/wp\/v2\/product\/16430","targetHints":{"allow":["GET"]}}],"collection":[{"href":"https:\/\/9play.de\/shop\/wp-json\/wp\/v2\/product"}],"about":[{"href":"https:\/\/9play.de\/shop\/wp-json\/wp\/v2\/types\/product"}],"replies":[{"embeddable":true,"href":"https:\/\/9play.de\/shop\/wp-json\/wp\/v2\/comments?post=16430"}],"wp:featuredmedia":[{"embeddable":true,"href":"https:\/\/9play.de\/shop\/wp-json\/wp\/v2\/media\/16431"}],"wp:attachment":[{"href":"https:\/\/9play.de\/shop\/wp-json\/wp\/v2\/media?parent=16430"}],"wp:term":[{"taxonomy":"product_brand","embeddable":true,"href":"https:\/\/9play.de\/shop\/wp-json\/wp\/v2\/product_brand?post=16430"},{"taxonomy":"product_cat","embeddable":true,"href":"https:\/\/9play.de\/shop\/wp-json\/wp\/v2\/product_cat?post=16430"},{"taxonomy":"product_tag","embeddable":true,"href":"https:\/\/9play.de\/shop\/wp-json\/wp\/v2\/product_tag?post=16430"}],"curies":[{"name":"wp","href":"https:\/\/api.w.org\/{rel}","templated":true}]}}