{"id":16435,"date":"2024-10-06T18:14:22","date_gmt":"2024-10-06T16:14:22","guid":{"rendered":"https:\/\/9play.de\/shop\/produkt\/verkleidungsset-kampf-pilot-mit-helm-und-weste\/"},"modified":"2024-10-06T18:14:56","modified_gmt":"2024-10-06T16:14:56","slug":"verkleidungsset-kampf-pilot-mit-helm-und-weste","status":"publish","type":"product","link":"https:\/\/9play.de\/shop\/produkt\/verkleidungsset-kampf-pilot-mit-helm-und-weste\/","title":{"rendered":"Verkleidungsset Kampf Pilot mit Helm und Weste"},"content":{"rendered":"<p>Verwandeln Sie sich mit diesem lebensechten Verkleidungsset in einen echten Flugzeugpiloten !<br \/>Die Piloten Ausr\u00fcstung mit Helm und Weste sind die ideale Erg\u00e4nzung f\u00fcr jedes Piloten Kost\u00fcm f\u00fcr Kinder an Karneval oder als Erweiterung der Piloten-Ausr\u00fcstung zum Spielen.<br \/>In dem Pilotenset befinden sich ein Pilotenhelm mit Visir und eine Schutzweste mit Atemmaske. Das Set ist aus Plastik gefertigt uns ist dank der Qualit\u00e4t perfekt zum fantasievollen Spielen geeignet.<br \/>Alle Teile des Piloten Spielsets sind aus robusten Material gefertigt und entsprechen allen relevanten Sicherheitsstandards.<br \/>Sie k\u00f6nnen sogar mit einer Sauerstoffmaske mit der Air Force fliegen. Ideal f\u00fcr Fasching oder f\u00fcr eine Kost\u00fcmparty.<\/p>\n<p>Inhalt: 1 x kugelsichere Weste, 1 x Helm, 1 x Sauerstoffmaske, 1 x Sonnenbrille<br \/>Altersempfehlung: ab 6 Jahre<br \/>Farbe: Grau<br \/>Material: Kunststoff, Polyester<br \/>Gr\u00f6\u00dfe: ca. 122\/128<\/p>\n<p>Achtung: Nicht f\u00fcr Kinder unter 36 Monaten geeignet wegen verschluckbarer Kleinteile, Erstickungsgefahr.<\/p>\n","protected":false},"excerpt":{"rendered":"<p>Verwandeln Sie sich mit diesem lebensechten Verkleidungsset in einen echten Flugzeugpiloten.<\/p>\n","protected":false},"featured_media":16436,"comment_status":"closed","ping_status":"open","template":"","meta":[],"product_brand":[],"product_cat":[476],"product_tag":[],"class_list":{"0":"post-16435","1":"product","2":"type-product","3":"status-publish","4":"has-post-thumbnail","6":"product_cat-polizei-detektiv","8":"first","9":"instock","10":"shipping-taxable","11":"purchasable","12":"product-type-simple"},"_links":{"self":[{"href":"https:\/\/9play.de\/shop\/wp-json\/wp\/v2\/product\/16435","targetHints":{"allow":["GET"]}}],"collection":[{"href":"https:\/\/9play.de\/shop\/wp-json\/wp\/v2\/product"}],"about":[{"href":"https:\/\/9play.de\/shop\/wp-json\/wp\/v2\/types\/product"}],"replies":[{"embeddable":true,"href":"https:\/\/9play.de\/shop\/wp-json\/wp\/v2\/comments?post=16435"}],"wp:featuredmedia":[{"embeddable":true,"href":"https:\/\/9play.de\/shop\/wp-json\/wp\/v2\/media\/16436"}],"wp:attachment":[{"href":"https:\/\/9play.de\/shop\/wp-json\/wp\/v2\/media?parent=16435"}],"wp:term":[{"taxonomy":"product_brand","embeddable":true,"href":"https:\/\/9play.de\/shop\/wp-json\/wp\/v2\/product_brand?post=16435"},{"taxonomy":"product_cat","embeddable":true,"href":"https:\/\/9play.de\/shop\/wp-json\/wp\/v2\/product_cat?post=16435"},{"taxonomy":"product_tag","embeddable":true,"href":"https:\/\/9play.de\/shop\/wp-json\/wp\/v2\/product_tag?post=16435"}],"curies":[{"name":"wp","href":"https:\/\/api.w.org\/{rel}","templated":true}]}}