{"id":16445,"date":"2024-10-06T18:14:22","date_gmt":"2024-10-06T16:14:22","guid":{"rendered":"https:\/\/9play.de\/shop\/produkt\/wachstumeier-3x-eier-dinosaurier-zum-schluepfen\/"},"modified":"2024-10-06T18:15:02","modified_gmt":"2024-10-06T16:15:02","slug":"wachstumeier-3x-eier-dinosaurier-zum-schluepfen","status":"publish","type":"product","link":"https:\/\/9play.de\/shop\/produkt\/wachstumeier-3x-eier-dinosaurier-zum-schluepfen\/","title":{"rendered":"Wachstumeier 3x Eier Dinosaurier zum Schl\u00fcpfen"},"content":{"rendered":"<p>3 Eier-Set. Du erh\u00e4lst 3 Dino-Eier zu schl\u00fcpfen!<br \/>Der gerade aus dem Ei geschl\u00fcpfte Dinosaurierbaby leuchtet auf und br\u00fcllt leise.<br \/>Sch\u00f6n anzusehen oder als Nachtlicht zu verwenden.<br \/>Du kannst nicht genug von Dinosauriern bekommen? Versuchen Sie, ein Dinosaurier-Ei auszubr\u00fcten.<br \/>Legen Sie das Ei in ein Glas Wasser und entdecken Sie, wie der Dino langsam aus dem Ei kommt.<br \/>Welcher Dinosaurier wird aus deinem Ei schl\u00fcpfen?<br \/>Lass dich \u00fcberraschen!<\/p>\n<p>Inhalt: 3&nbsp;Wachstumseier<br \/>Altersempfehlung: ab 6 Jahre<br \/>Verpackung: ca.&nbsp;10 x 8 x 5 cm<br \/>Material: Kunststoff&nbsp;<\/p>\n<p>Achtung: Nicht f\u00fcr Kinder unter 36 Monaten geeignet wegen verschluckbarer Kleinteile, Erstickungsgefahr.<\/p>\n","protected":false},"excerpt":{"rendered":"<p>Versuchen Sie, die Dinosaurier-Eier auszubr\u00fcten. Das macht Spa\u00df!<\/p>\n","protected":false},"featured_media":16446,"comment_status":"closed","ping_status":"open","template":"","meta":[],"product_brand":[],"product_cat":[473],"product_tag":[],"class_list":{"0":"post-16445","1":"product","2":"type-product","3":"status-publish","4":"has-post-thumbnail","6":"product_cat-experiment","8":"first","9":"instock","10":"shipping-taxable","11":"purchasable","12":"product-type-simple"},"_links":{"self":[{"href":"https:\/\/9play.de\/shop\/wp-json\/wp\/v2\/product\/16445","targetHints":{"allow":["GET"]}}],"collection":[{"href":"https:\/\/9play.de\/shop\/wp-json\/wp\/v2\/product"}],"about":[{"href":"https:\/\/9play.de\/shop\/wp-json\/wp\/v2\/types\/product"}],"replies":[{"embeddable":true,"href":"https:\/\/9play.de\/shop\/wp-json\/wp\/v2\/comments?post=16445"}],"wp:featuredmedia":[{"embeddable":true,"href":"https:\/\/9play.de\/shop\/wp-json\/wp\/v2\/media\/16446"}],"wp:attachment":[{"href":"https:\/\/9play.de\/shop\/wp-json\/wp\/v2\/media?parent=16445"}],"wp:term":[{"taxonomy":"product_brand","embeddable":true,"href":"https:\/\/9play.de\/shop\/wp-json\/wp\/v2\/product_brand?post=16445"},{"taxonomy":"product_cat","embeddable":true,"href":"https:\/\/9play.de\/shop\/wp-json\/wp\/v2\/product_cat?post=16445"},{"taxonomy":"product_tag","embeddable":true,"href":"https:\/\/9play.de\/shop\/wp-json\/wp\/v2\/product_tag?post=16445"}],"curies":[{"name":"wp","href":"https:\/\/api.w.org\/{rel}","templated":true}]}}