{"id":16461,"date":"2024-10-06T18:15:12","date_gmt":"2024-10-06T16:15:12","guid":{"rendered":"https:\/\/9play.de\/shop\/produkt\/einhorn-kinder-regenschirm-dream-pferd\/"},"modified":"2024-10-06T18:15:12","modified_gmt":"2024-10-06T16:15:12","slug":"einhorn-kinder-regenschirm-dream-pferd","status":"publish","type":"product","link":"https:\/\/9play.de\/shop\/produkt\/einhorn-kinder-regenschirm-dream-pferd\/","title":{"rendered":"Einhorn Kinder Regenschirm Dream Pferd"},"content":{"rendered":"<p>Wie l\u00e4sst sich ein tr\u00fcber Regentag doch noch etwas sonniger gestalten?<br \/>Alles, was Sie tun m\u00fcssen, ist, ihm diesen bunten Regenschirm zu geben.<br \/>Die Farben mischen sich wunderbar, und Ihre Tochter sieht sofort, dass es der Schirm von Einhorn ist.<br \/>Wie alles von der Marke ist auch der Regenschirm super trendy. Pl\u00f6tzlich durch den Regen zur Schule zu laufen, ist f\u00fcr Ihr kleines M\u00e4dchen kein Problem mehr.<br \/>Der Regenschirm hat einen Aufdruck mit Einh\u00f6rnern. Wer liebt ihn nicht?<br \/>Der Griff ist rund und liegt bequem in der Hand. Der Schirm ist sehr leicht.<\/p>\n<p>Altersempfehlung: ab 8&nbsp;Jahre<br \/>Gr\u00f6\u00dfe: ca. \u00d8 80 x 66 cm<br \/>Material:&nbsp;Polyester, Kunststoff&nbsp;<\/p>\n<p>Achtung: Nicht f\u00fcr Kinder unter 36 Monaten geeignet wegen verschluckbarer Kleinteile, Erstickungsgefahr.<\/p>\n","protected":false},"excerpt":{"rendered":"<p>Pl\u00f6tzlich durch den Regen zur Schule zu laufen, ist f\u00fcr Ihr kleines M\u00e4dchen kein Problem mehr.<\/p>\n","protected":false},"featured_media":16462,"comment_status":"closed","ping_status":"open","template":"","meta":[],"product_brand":[],"product_cat":[464],"product_tag":[],"class_list":{"0":"post-16461","1":"product","2":"type-product","3":"status-publish","4":"has-post-thumbnail","6":"product_cat-regenschirme","8":"first","9":"instock","10":"shipping-taxable","11":"purchasable","12":"product-type-simple"},"_links":{"self":[{"href":"https:\/\/9play.de\/shop\/wp-json\/wp\/v2\/product\/16461","targetHints":{"allow":["GET"]}}],"collection":[{"href":"https:\/\/9play.de\/shop\/wp-json\/wp\/v2\/product"}],"about":[{"href":"https:\/\/9play.de\/shop\/wp-json\/wp\/v2\/types\/product"}],"replies":[{"embeddable":true,"href":"https:\/\/9play.de\/shop\/wp-json\/wp\/v2\/comments?post=16461"}],"wp:featuredmedia":[{"embeddable":true,"href":"https:\/\/9play.de\/shop\/wp-json\/wp\/v2\/media\/16462"}],"wp:attachment":[{"href":"https:\/\/9play.de\/shop\/wp-json\/wp\/v2\/media?parent=16461"}],"wp:term":[{"taxonomy":"product_brand","embeddable":true,"href":"https:\/\/9play.de\/shop\/wp-json\/wp\/v2\/product_brand?post=16461"},{"taxonomy":"product_cat","embeddable":true,"href":"https:\/\/9play.de\/shop\/wp-json\/wp\/v2\/product_cat?post=16461"},{"taxonomy":"product_tag","embeddable":true,"href":"https:\/\/9play.de\/shop\/wp-json\/wp\/v2\/product_tag?post=16461"}],"curies":[{"name":"wp","href":"https:\/\/api.w.org\/{rel}","templated":true}]}}