{"id":16466,"date":"2024-10-06T18:15:12","date_gmt":"2024-10-06T16:15:12","guid":{"rendered":"https:\/\/9play.de\/shop\/produkt\/little-stars-baby-schmusetuch-mit-rassel-dino\/"},"modified":"2024-10-06T18:15:15","modified_gmt":"2024-10-06T16:15:15","slug":"little-stars-baby-schmusetuch-mit-rassel-dino","status":"publish","type":"product","link":"https:\/\/9play.de\/shop\/produkt\/little-stars-baby-schmusetuch-mit-rassel-dino\/","title":{"rendered":"LITTLE STARS Baby Schmusetuch mit Rassel Dino"},"content":{"rendered":"<p>Toi-Toys Kuscheltuch Ihr Kind wird von diesem super s\u00fc\u00dfen, weichen Kuscheltuch begeistert sein!<br \/>Das Tuch ist aus Pl\u00fcsch und macht beim Spielen ein rasselndes Ger\u00e4usch.<br \/>Sehr sch\u00f6n f\u00fcr zu Hause in der Box, im Bett aber auch f\u00fcr unterwegs.<br \/>&nbsp;<\/p>\n<p>Spezifikationen:<br \/>Farbe: gr\u00fcn<br \/>Geschlecht: Junior<br \/>Material: Pl\u00fcsch<br \/>Abmessungen: 30 x 30 cm<\/p>\n<p>Alter: ab 0 Monate<\/p>\n","protected":false},"excerpt":{"rendered":"<p>Ihr Kind wird von diesem super s\u00fc\u00dfen, weichen Kuscheltuch begeistert sein!<\/p>\n","protected":false},"featured_media":16467,"comment_status":"closed","ping_status":"open","template":"","meta":[],"product_brand":[],"product_cat":[520],"product_tag":[],"class_list":{"0":"post-16466","1":"product","2":"type-product","3":"status-publish","4":"has-post-thumbnail","6":"product_cat-plueschtiere","8":"first","9":"instock","10":"shipping-taxable","11":"purchasable","12":"product-type-simple"},"_links":{"self":[{"href":"https:\/\/9play.de\/shop\/wp-json\/wp\/v2\/product\/16466","targetHints":{"allow":["GET"]}}],"collection":[{"href":"https:\/\/9play.de\/shop\/wp-json\/wp\/v2\/product"}],"about":[{"href":"https:\/\/9play.de\/shop\/wp-json\/wp\/v2\/types\/product"}],"replies":[{"embeddable":true,"href":"https:\/\/9play.de\/shop\/wp-json\/wp\/v2\/comments?post=16466"}],"wp:featuredmedia":[{"embeddable":true,"href":"https:\/\/9play.de\/shop\/wp-json\/wp\/v2\/media\/16467"}],"wp:attachment":[{"href":"https:\/\/9play.de\/shop\/wp-json\/wp\/v2\/media?parent=16466"}],"wp:term":[{"taxonomy":"product_brand","embeddable":true,"href":"https:\/\/9play.de\/shop\/wp-json\/wp\/v2\/product_brand?post=16466"},{"taxonomy":"product_cat","embeddable":true,"href":"https:\/\/9play.de\/shop\/wp-json\/wp\/v2\/product_cat?post=16466"},{"taxonomy":"product_tag","embeddable":true,"href":"https:\/\/9play.de\/shop\/wp-json\/wp\/v2\/product_tag?post=16466"}],"curies":[{"name":"wp","href":"https:\/\/api.w.org\/{rel}","templated":true}]}}