{"id":16481,"date":"2024-10-06T18:15:12","date_gmt":"2024-10-06T16:15:12","guid":{"rendered":"https:\/\/9play.de\/shop\/produkt\/spiderman-schreibwaren-set-heft-radiergummie-uvm\/"},"modified":"2024-10-06T18:15:23","modified_gmt":"2024-10-06T16:15:23","slug":"spiderman-schreibwaren-set-heft-radiergummie-uvm","status":"publish","type":"product","link":"https:\/\/9play.de\/shop\/produkt\/spiderman-schreibwaren-set-heft-radiergummie-uvm\/","title":{"rendered":"Spiderman Schreibwaren Set Heft, Radiergummie uvm"},"content":{"rendered":"<p>Dieses Spiderman-Set passt in jedes Standard-Federm\u00e4ppchen und enth\u00e4lt alles, was man f\u00fcr den Schulanfang braucht.<br \/>Das Set enth\u00e4lt: &#8211; 1x liniertes Spiralheft &#8211; 1x Radiergummi &#8211; 1x Bleistift &#8211; 1x Lineal &#8211; 1x Bleistiftspitzer<\/p>\n<p>Inhalt: Lineal, Stift, Radiergummi, Notizblock, Anspitzer &nbsp;<br \/>Altersempfehlung: ab 3 Jahre<br \/>Material: Kunststoff, Papier<br \/>Notizblock Gr\u00f6\u00dfe: ca. 12 x 7&nbsp;cm<br \/>Verpackung: ca. 15x26x2 cm<br \/><span style=\"font-size:12.0pt\"><span style=\"font-family:Times New Roman,serif\">Achtung! Nicht f\u00fcr Kinder unter 36 Monaten geeignet wegen verschluckbarer Kleinteile, Erstickungsgefahr.<\/span><\/span><\/p>\n","protected":false},"excerpt":{"rendered":"<p>Dieses Spiderman-Set passt in jedes Standard-Federm\u00e4ppchen und enth\u00e4lt alles, was man f\u00fcr den Schulanfang braucht!<\/p>\n","protected":false},"featured_media":16482,"comment_status":"closed","ping_status":"open","template":"","meta":[],"product_brand":[],"product_cat":[509],"product_tag":[],"class_list":{"0":"post-16481","1":"product","2":"type-product","3":"status-publish","4":"has-post-thumbnail","6":"product_cat-malen-zeichnen","8":"first","9":"instock","10":"shipping-taxable","11":"purchasable","12":"product-type-simple"},"_links":{"self":[{"href":"https:\/\/9play.de\/shop\/wp-json\/wp\/v2\/product\/16481","targetHints":{"allow":["GET"]}}],"collection":[{"href":"https:\/\/9play.de\/shop\/wp-json\/wp\/v2\/product"}],"about":[{"href":"https:\/\/9play.de\/shop\/wp-json\/wp\/v2\/types\/product"}],"replies":[{"embeddable":true,"href":"https:\/\/9play.de\/shop\/wp-json\/wp\/v2\/comments?post=16481"}],"wp:featuredmedia":[{"embeddable":true,"href":"https:\/\/9play.de\/shop\/wp-json\/wp\/v2\/media\/16482"}],"wp:attachment":[{"href":"https:\/\/9play.de\/shop\/wp-json\/wp\/v2\/media?parent=16481"}],"wp:term":[{"taxonomy":"product_brand","embeddable":true,"href":"https:\/\/9play.de\/shop\/wp-json\/wp\/v2\/product_brand?post=16481"},{"taxonomy":"product_cat","embeddable":true,"href":"https:\/\/9play.de\/shop\/wp-json\/wp\/v2\/product_cat?post=16481"},{"taxonomy":"product_tag","embeddable":true,"href":"https:\/\/9play.de\/shop\/wp-json\/wp\/v2\/product_tag?post=16481"}],"curies":[{"name":"wp","href":"https:\/\/api.w.org\/{rel}","templated":true}]}}