{"id":16493,"date":"2024-10-06T18:15:12","date_gmt":"2024-10-06T16:15:12","guid":{"rendered":"https:\/\/9play.de\/shop\/produkt\/kinder-kasse-kuechen-spielzeug-donat-set\/"},"modified":"2024-10-06T18:15:29","modified_gmt":"2024-10-06T16:15:29","slug":"kinder-kasse-kuechen-spielzeug-donat-set","status":"publish","type":"product","link":"https:\/\/9play.de\/shop\/produkt\/kinder-kasse-kuechen-spielzeug-donat-set\/","title":{"rendered":"Kinder Kasse K\u00fcchen Spielzeug, Donat Set"},"content":{"rendered":"<p>Die perfekte Erg\u00e4nzung f\u00fcr deine Kinderk\u00fcche!<br \/>Verkaufe Donats und kassiere mit der Kasse Geld per Kreditkarte oder Bargeld. Ein Traum f\u00fcr jede Kinder-K\u00fcche.<br \/>Du bist der Chef in diesem Donut-Laden. Machen Sie zun\u00e4chst die sch\u00f6nsten Donuts, luftigen Kuchen und bunten Macarons selbst, denn die einzelnen weichen Teile aller Geb\u00e4cke lassen sich kombinieren. Wie lustig! Anschlie\u00dfend w\u00e4hlt der Kunde das leckerste aus, das Sie dann mit einer Zange ordentlich in die Take-away-Box legen. Ein kurzer Zwischenstopp an Ihrer Kasse, wo sie mit Kreditkarte oder Banknoten bezahlen k\u00f6nnen, und dann k\u00f6nnen alle Leckereien mitgenommen werden. Und Sie k\u00f6nnen wieder neue Torten backen. Was f\u00fcr ein Backvergn\u00fcgen mit diesem fr\u00f6hlichen Set!<\/p>\n<p>Altersempfehlung: ab 3 Jahre<br \/>Material: Kunststoff&nbsp;<br \/>Batterien: nicht notwendig&nbsp;<br \/>Kasse: ca. 8cm x 8cm x 6 cm<br \/>Verpackung: ca. 27cm x 20cm x 6cm&nbsp;<br \/>&nbsp;<\/p>\n<p>Achtung: Nicht f\u00fcr Kinder unter 36 Monaten geeignet wegen verschluckbarer Kleinteile, Erstickungsgefahr.<\/p>\n<p>Achtung: Benutzung unter unmittelbarer Aufsicht von Erwachsenen.<\/p>\n","protected":false},"excerpt":{"rendered":"<p>Die perfekte Erg\u00e4nzung f\u00fcr deine Kinderk\u00fcche!<\/p>\n","protected":false},"featured_media":16494,"comment_status":"closed","ping_status":"open","template":"","meta":[],"product_brand":[],"product_cat":[521],"product_tag":[],"class_list":{"0":"post-16493","1":"product","2":"type-product","3":"status-publish","4":"has-post-thumbnail","6":"product_cat-kauflaeden","8":"first","9":"instock","10":"shipping-taxable","11":"purchasable","12":"product-type-simple"},"_links":{"self":[{"href":"https:\/\/9play.de\/shop\/wp-json\/wp\/v2\/product\/16493","targetHints":{"allow":["GET"]}}],"collection":[{"href":"https:\/\/9play.de\/shop\/wp-json\/wp\/v2\/product"}],"about":[{"href":"https:\/\/9play.de\/shop\/wp-json\/wp\/v2\/types\/product"}],"replies":[{"embeddable":true,"href":"https:\/\/9play.de\/shop\/wp-json\/wp\/v2\/comments?post=16493"}],"wp:featuredmedia":[{"embeddable":true,"href":"https:\/\/9play.de\/shop\/wp-json\/wp\/v2\/media\/16494"}],"wp:attachment":[{"href":"https:\/\/9play.de\/shop\/wp-json\/wp\/v2\/media?parent=16493"}],"wp:term":[{"taxonomy":"product_brand","embeddable":true,"href":"https:\/\/9play.de\/shop\/wp-json\/wp\/v2\/product_brand?post=16493"},{"taxonomy":"product_cat","embeddable":true,"href":"https:\/\/9play.de\/shop\/wp-json\/wp\/v2\/product_cat?post=16493"},{"taxonomy":"product_tag","embeddable":true,"href":"https:\/\/9play.de\/shop\/wp-json\/wp\/v2\/product_tag?post=16493"}],"curies":[{"name":"wp","href":"https:\/\/api.w.org\/{rel}","templated":true}]}}