{"id":16495,"date":"2024-10-06T18:15:12","date_gmt":"2024-10-06T16:15:12","guid":{"rendered":"https:\/\/9play.de\/shop\/produkt\/kinder-gebaeck-kuechen-spielzeug-kuchen-set\/"},"modified":"2024-10-06T18:15:30","modified_gmt":"2024-10-06T16:15:30","slug":"kinder-gebaeck-kuechen-spielzeug-kuchen-set","status":"publish","type":"product","link":"https:\/\/9play.de\/shop\/produkt\/kinder-gebaeck-kuechen-spielzeug-kuchen-set\/","title":{"rendered":"Kinder Geb\u00e4ck K\u00fcchen Spielzeug, Kuchen Set"},"content":{"rendered":"<p>Wow, diese 3 Kuchen und 3 verschiedenen Kuchenst\u00fccke sehen wirklich sehr lecker und h\u00fcbsch aus.<br \/>Da hat der B\u00e4cker wirklich sein Bestes gegeben. Oder waren Sie der Koch? Auf jeden Fall sind die Torten fertig zum Verkauf.<br \/>Nehmen Sie den Tortenheber, der ebenfalls in diesem farbenfrohen Food Market-Set enthalten ist, und sch\u00f6pfen Sie die Torten vorsichtig aus der Vitrine.<br \/>Fr\u00f6hliche Spiel-Kekse f\u00fcr unsere Kleinen.<\/p>\n<p>&nbsp;<\/p>\n<p>Altersempfehlung: ab 3 Jahre<br \/>Das Kit beinhaltet: 3 Muffins, 3 St\u00fcck Kuchen, Aufbewahrungsbox, Tortenheber&nbsp;<br \/>Verpackung: ca.&nbsp;26,5&#215;24,5&#215;9 cm.<br \/>Material: Kunststoff<br \/>&nbsp;<\/p>\n<p>Achtung: Nicht f\u00fcr Kinder unter 36 Monaten geeignet wegen verschluckbarer Kleinteile, Erstickungsgefahr.<\/p>\n<p>Achtung: Benutzung unter unmittelbarer Aufsicht von Erwachsenen.<\/p>\n","protected":false},"excerpt":{"rendered":"<p>Fr\u00f6hliche Spiel-Kekse f\u00fcr unsere Kleinen.<\/p>\n","protected":false},"featured_media":16496,"comment_status":"closed","ping_status":"open","template":"","meta":[],"product_brand":[],"product_cat":[475],"product_tag":[],"class_list":{"0":"post-16495","1":"product","2":"type-product","3":"status-publish","4":"has-post-thumbnail","6":"product_cat-kinderkuechen","8":"first","9":"instock","10":"shipping-taxable","11":"purchasable","12":"product-type-simple"},"_links":{"self":[{"href":"https:\/\/9play.de\/shop\/wp-json\/wp\/v2\/product\/16495","targetHints":{"allow":["GET"]}}],"collection":[{"href":"https:\/\/9play.de\/shop\/wp-json\/wp\/v2\/product"}],"about":[{"href":"https:\/\/9play.de\/shop\/wp-json\/wp\/v2\/types\/product"}],"replies":[{"embeddable":true,"href":"https:\/\/9play.de\/shop\/wp-json\/wp\/v2\/comments?post=16495"}],"wp:featuredmedia":[{"embeddable":true,"href":"https:\/\/9play.de\/shop\/wp-json\/wp\/v2\/media\/16496"}],"wp:attachment":[{"href":"https:\/\/9play.de\/shop\/wp-json\/wp\/v2\/media?parent=16495"}],"wp:term":[{"taxonomy":"product_brand","embeddable":true,"href":"https:\/\/9play.de\/shop\/wp-json\/wp\/v2\/product_brand?post=16495"},{"taxonomy":"product_cat","embeddable":true,"href":"https:\/\/9play.de\/shop\/wp-json\/wp\/v2\/product_cat?post=16495"},{"taxonomy":"product_tag","embeddable":true,"href":"https:\/\/9play.de\/shop\/wp-json\/wp\/v2\/product_tag?post=16495"}],"curies":[{"name":"wp","href":"https:\/\/api.w.org\/{rel}","templated":true}]}}