{"id":16505,"date":"2024-10-06T18:15:12","date_gmt":"2024-10-06T16:15:12","guid":{"rendered":"https:\/\/9play.de\/shop\/produkt\/kinder-kueche-bratpfanne-mit-lebensmittel\/"},"modified":"2024-10-06T18:15:36","modified_gmt":"2024-10-06T16:15:36","slug":"kinder-kueche-bratpfanne-mit-lebensmittel","status":"publish","type":"product","link":"https:\/\/9play.de\/shop\/produkt\/kinder-kueche-bratpfanne-mit-lebensmittel\/","title":{"rendered":"Kinder K\u00fcche Bratpfanne mit Lebensmittel"},"content":{"rendered":"<p>Toi Toys Bratpfanne und Lebensmittel Pfannen und Lebensmittel f\u00fcr die Spielk\u00fcche Eine Bratpfanne geh\u00f6rt in jede Spielk\u00fcche.<br \/>In dieser Bratpfanne kann man mit all den Lebensmitteln, die man darin findet, so viele Speisen zubereiten. Aber nur sehr gesunde Gerichte. Wie w\u00e4re es mit Mais mit Lauch.<br \/>Oder gegrillte Aubergine, Paprika und Fisch. Ein wenig Zitronensaft oben drauf macht es sch\u00f6n frisch. Zum Nachtisch k\u00f6nnen Sie eine leckere s\u00fc\u00dfe Frucht wie Erdbeere, Banane oder Melone essen.<br \/>Aber erst mal alles mit dem Messer auf dem Schneidebrett schneiden, wie ein richtiger Koch. Es gibt 2 verschiedene Versionen. Auswahl erfolgt per Zufall. Mit welchem Food Market-Set werden Sie gerne kochen? Inklusive Lebensmittel f\u00fcr realistisches Spielen f\u00fcr Ihre Kinder. Bratpfanne mit allerlei leckerem Essen. Lecker, so dass das Wasser im Munde zusammen l\u00e4uft \ud83d\ude42 Beinhaltet eine Bratpfanne, Obst, Gem\u00fcse und passt perfekt in jede Kinder-K\u00fcche.<\/p>\n<p>Auswahl erfolgt per Zufall.<\/p>\n<p>Altersempfehlung: ab 3 Jahre<br \/>Gr\u00f6\u00dfe: ca.&nbsp;18 x 30 cm<br \/>Material: Kunststoff&nbsp;<\/p>\n<p>Auswahl erfolgt per Zufall.<\/p>\n<p>Achtung: Benutzung unter unmittelbarer Aufsicht von Erwachsenen.<\/p>\n<p>Achtung: Nicht f\u00fcr Kinder unter 36 Monaten geeignet wegen verschluckbarer Kleinteile, Erstickungsgefahr.<\/p>\n","protected":false},"excerpt":{"rendered":"<p>Pfanne und Lebensmittel f\u00fcr die Spielk\u00fcche<\/p>\n","protected":false},"featured_media":16506,"comment_status":"closed","ping_status":"open","template":"","meta":[],"product_brand":[],"product_cat":[475],"product_tag":[],"class_list":{"0":"post-16505","1":"product","2":"type-product","3":"status-publish","4":"has-post-thumbnail","6":"product_cat-kinderkuechen","8":"first","9":"instock","10":"shipping-taxable","11":"purchasable","12":"product-type-simple"},"_links":{"self":[{"href":"https:\/\/9play.de\/shop\/wp-json\/wp\/v2\/product\/16505","targetHints":{"allow":["GET"]}}],"collection":[{"href":"https:\/\/9play.de\/shop\/wp-json\/wp\/v2\/product"}],"about":[{"href":"https:\/\/9play.de\/shop\/wp-json\/wp\/v2\/types\/product"}],"replies":[{"embeddable":true,"href":"https:\/\/9play.de\/shop\/wp-json\/wp\/v2\/comments?post=16505"}],"wp:featuredmedia":[{"embeddable":true,"href":"https:\/\/9play.de\/shop\/wp-json\/wp\/v2\/media\/16506"}],"wp:attachment":[{"href":"https:\/\/9play.de\/shop\/wp-json\/wp\/v2\/media?parent=16505"}],"wp:term":[{"taxonomy":"product_brand","embeddable":true,"href":"https:\/\/9play.de\/shop\/wp-json\/wp\/v2\/product_brand?post=16505"},{"taxonomy":"product_cat","embeddable":true,"href":"https:\/\/9play.de\/shop\/wp-json\/wp\/v2\/product_cat?post=16505"},{"taxonomy":"product_tag","embeddable":true,"href":"https:\/\/9play.de\/shop\/wp-json\/wp\/v2\/product_tag?post=16505"}],"curies":[{"name":"wp","href":"https:\/\/api.w.org\/{rel}","templated":true}]}}