{"id":16510,"date":"2024-10-06T18:15:12","date_gmt":"2024-10-06T16:15:12","guid":{"rendered":"https:\/\/9play.de\/shop\/produkt\/polizei-set-mit-messer-brille-pistole\/"},"modified":"2024-10-06T18:15:39","modified_gmt":"2024-10-06T16:15:39","slug":"polizei-set-mit-messer-brille-pistole","status":"publish","type":"product","link":"https:\/\/9play.de\/shop\/produkt\/polizei-set-mit-messer-brille-pistole\/","title":{"rendered":"Polizei-Set mit Messer Brille Pistole"},"content":{"rendered":"<p>Toi-Toys Polizeiset mit Waffe Mit diesem Polizei-Spielset k\u00f6nnen Sie Ihrer Fantasie freien Lauf lassen.<br \/>Setze die Sonnenbrille auf, orte deinen Standort mit dem Kompass, trage alle anderen Accessoires aus diesem Polizei-Set und du bist ein echter Undercover-Polizist.<br \/>Verhalten Sie sich so unauff\u00e4llig wie m\u00f6glich und spielen Sie das Spiel bis zur Stunde der Wahrheit. Rufen Sie Ihre Kollegen mit dem Walkie-Talkie an und verteidigen Sie sich in der Zwischenzeit mit allen Waffen: Fuchteln Sie mit dem Messer, werfen Sie die Handgranate und feuern Sie, wenn n\u00f6tig, die Pistole ab (mit echten Schie\u00dfger\u00e4uschen und Licht). Auf diese Weise werden Sie die Mission auf jeden Fall erfolgreich abschlie\u00dfen!<br \/>Das Set beinhaltet ein Gewehr, einen Kompass, eine Sonnenbrille und Polizei-Zubeh\u00f6r. Die Kinder-Pistole ist mit Licht und Sound Effekten.<br \/>Wenn du nach Kinderpistolen suchst, dann bist du bei uns genau richtig.<br \/>Du suchst eine Kinderpistole f\u00fcr einen Kinderkost\u00fcm? Dann erg\u00e4nze dein Polizeikost\u00fcm mit dieser Pistole !<\/p>\n<p>Inhalt: 1 Messer, 1 Kompass, 1 Pistole, 1 Walkie-Talkie, 1 Granate, 1 Sonnenbrille<br \/>Altersempfehlung: ab 4 Jahre<br \/>Verpackung: 22,5 x 33 x 3,7 cm (L x B x H)<br \/>Material: Kunststoff&nbsp;<br \/>&nbsp;<\/p>\n<p>Achtung: Nicht f\u00fcr Kinder unter 36 Monaten geeignet wegen verschluckbarer Kleinteile, Erstickungsgefahr.<\/p>\n<p><span style=\"font-size:12pt\"><span style=\"font-family:Times New Roman,serif\">Hinweis zur Entsorgung von Altbatterien<\/span><\/span><\/p>\n<p class=\"Textbody\" style=\"margin-bottom:8px\"><span style=\"font-size:12pt\"><span style=\"font-family:Times New Roman,serif\">Der nachfolgende Hinweis richtet sich an diejenigen, die Batterien oder Produkte mit eingebauten Batterien nutzen und in der an sie gelieferten Form nicht mehr weiterver\u00e4u\u00dfern (Endnutzer):<\/span><\/span><\/p>\n<p class=\"Textbody\" style=\"margin-bottom:8px\"><span style=\"font-size:12pt\"><span style=\"font-family:Times New Roman,serif\">1. Unentgeltliche R\u00fccknahme von Altbatterien<\/span><\/span><\/p>\n<p class=\"Textbody\" style=\"margin-bottom:8px\"><span style=\"font-size:12pt\"><span style=\"font-family:Times New Roman,serif\">Batterien d\u00fcrfen nicht \u00fcber den Hausm\u00fcll entsorgt werden. Sie sind zur R\u00fcckgabe von Altbatterien gesetzlich verpflichtet, damit eine fachgerechte Entsorgung gew\u00e4hrleistet werden kann. Sie k\u00f6nnen Altbatterien an einer kommunalen Sammelstelle oder im Handel vor Ort abgeben. Auch wir sind als Vertreiber von Batterien zur R\u00fccknahme von Altbatterien verpflichtet, wobei sich unsere R\u00fccknahmeverpflichtung auf Altbatterien der Art beschr\u00e4nkt, die wir als Neubatterien in unserem Sortiment f\u00fchren oder gef\u00fchrt haben. Altbatterien vorgenannter Art k\u00f6nnen Sie daher entweder ausreichend frankiert an uns zur\u00fccksenden oder sie direkt an unserem Versandlager unter der im Impressum genannten Adresse unentgeltlich abgeben.<\/span><\/span><\/p>\n<p class=\"Textbody\" style=\"margin-bottom:8px\"><span style=\"font-size:12pt\"><span style=\"font-family:Times New Roman,serif\">2. Bedeutung der Batteriesymbole<\/span><\/span><\/p>\n<p class=\"Textbody\" style=\"margin-bottom:8px\"><span style=\"font-size:12pt\"><span style=\"font-family:Times New Roman,serif\">Batterien sind mit dem Symbol einer durchgekreuzten M\u00fclltonne gekennzeichnet. Dieses Symbol weist darauf hin, dass Batterien nicht in den Hausm\u00fcll gegeben werden d\u00fcrfen. Bei Batterien, die mehr als 0,0005 Masseprozent Quecksilber, mehr als 0,002 Masseprozent Cadmium oder mehr als 0,004 Masseprozent Blei enthalten, befindet sich unter dem M\u00fclltonnen-Symbol die chemische Bezeichnung des jeweils eingesetzten Schadstoffes \u2013 dabei steht &#8222;Cd&#8220; f\u00fcr Cadmium, &#8222;Pb&#8220; steht f\u00fcr Blei, und &#8222;Hg&#8220; f\u00fcr Quecksilber.<\/span><\/span><\/p>\n","protected":false},"excerpt":{"rendered":"<p>Mit diesem Polizei-Spielset k\u00f6nnen Sie Ihrer Fantasie freien Lauf lassen.<\/p>\n","protected":false},"featured_media":16511,"comment_status":"closed","ping_status":"open","template":"","meta":[],"product_brand":[],"product_cat":[476],"product_tag":[],"class_list":{"0":"post-16510","1":"product","2":"type-product","3":"status-publish","4":"has-post-thumbnail","6":"product_cat-polizei-detektiv","8":"first","9":"instock","10":"shipping-taxable","11":"purchasable","12":"product-type-simple"},"_links":{"self":[{"href":"https:\/\/9play.de\/shop\/wp-json\/wp\/v2\/product\/16510","targetHints":{"allow":["GET"]}}],"collection":[{"href":"https:\/\/9play.de\/shop\/wp-json\/wp\/v2\/product"}],"about":[{"href":"https:\/\/9play.de\/shop\/wp-json\/wp\/v2\/types\/product"}],"replies":[{"embeddable":true,"href":"https:\/\/9play.de\/shop\/wp-json\/wp\/v2\/comments?post=16510"}],"wp:featuredmedia":[{"embeddable":true,"href":"https:\/\/9play.de\/shop\/wp-json\/wp\/v2\/media\/16511"}],"wp:attachment":[{"href":"https:\/\/9play.de\/shop\/wp-json\/wp\/v2\/media?parent=16510"}],"wp:term":[{"taxonomy":"product_brand","embeddable":true,"href":"https:\/\/9play.de\/shop\/wp-json\/wp\/v2\/product_brand?post=16510"},{"taxonomy":"product_cat","embeddable":true,"href":"https:\/\/9play.de\/shop\/wp-json\/wp\/v2\/product_cat?post=16510"},{"taxonomy":"product_tag","embeddable":true,"href":"https:\/\/9play.de\/shop\/wp-json\/wp\/v2\/product_tag?post=16510"}],"curies":[{"name":"wp","href":"https:\/\/api.w.org\/{rel}","templated":true}]}}