{"id":16530,"date":"2024-10-06T18:15:12","date_gmt":"2024-10-06T16:15:12","guid":{"rendered":"https:\/\/9play.de\/shop\/produkt\/militaer-kinder-kostuem-armee-ausruestung\/"},"modified":"2024-10-06T18:15:50","modified_gmt":"2024-10-06T16:15:50","slug":"militaer-kinder-kostuem-armee-ausruestung","status":"publish","type":"product","link":"https:\/\/9play.de\/shop\/produkt\/militaer-kinder-kostuem-armee-ausruestung\/","title":{"rendered":"Milit\u00e4r Kinder Kost\u00fcm Armee Ausr\u00fcstung"},"content":{"rendered":"<p>Mit allem, was in diesem Alfafox-Set enthalten ist, bist du bereit f\u00fcr einen Einsatz in der W\u00fcste.<br \/>Eine Sandmaske, ein Kompass, ein Abzeichen und eine Uhr. Bewaffnet mit einer Handgranate und einem Gewehr, das ein rasselndes Ger\u00e4usch von sich gibt, scannen Sie mit dem Fernglas das Gebiet auf der Suche nach dem Feind. Bleiben Sie ruhig und halten Sie auch die Ohren offen, Soldat! Echtes Rollenspiel! Das Milit\u00e4rsoldatenkost\u00fcm ist voll ausgestattet, was Kindern ein realistischeres Spielerlebnis bietet. Kinder k\u00f6nnen beim Spielen sicher in ihre Milit\u00e4rwelt eintauchen und sich vorstellen, ein echter Soldat zu sein Hochwertiges Kost\u00fcm f\u00fcr Armeesoldaten: Dieses Spielzeugset f\u00fcr Soldaten von Soldaten besteht aus hochwertigen Materialien, ist ungiftig und harmlos und schadet Kindern nicht.<br \/>Das Set besteht aus einer Milit\u00e4r-Maske, Uhr, Kompas, Medalie, Fernglas, Granate und einem Maschinengewehr. Perfektes Geschenk: Es ist sehr gut geeignet f\u00fcr Geburtstage, Partys und Spiele im Freien. Lernen Sie die Qualit\u00e4ten von Soldaten und machen Sie Kinder in milit\u00e4rischen Spielen mutiger und h\u00e4rter Fantasie anregen: Das Spielzeug bietet p\u00e4dagogische Denkf\u00e4higkeiten, Formerkennung, Probleml\u00f6sung, Kommunikationsf\u00e4higkeiten, soziale F\u00e4higkeiten, Kreativit\u00e4t, Spiel- und Lebensf\u00e4higkeit.<\/p>\n<p>Altersempfehlung: ab 3 Jahre<br \/>Material: Kunststoff&nbsp;<br \/>Maschinengewehr: ca. 51cm x 15cm<br \/>Batterie: nicht notwendig&nbsp;<\/p>\n<p>Achtung: Nicht f\u00fcr Kinder unter 36 Monaten geeignet wegen verschluckbarer Kleinteile, Erstickungsgefahr.<\/p>\n","protected":false},"excerpt":{"rendered":"<p>Echtes Rollenspiel! Das Milit\u00e4rsoldatenkost\u00fcm ist voll ausgestattet, was Kindern ein realistischeres Spielerlebnis bietet.<\/p>\n","protected":false},"featured_media":16531,"comment_status":"closed","ping_status":"open","template":"","meta":[],"product_brand":[],"product_cat":[476],"product_tag":[],"class_list":{"0":"post-16530","1":"product","2":"type-product","3":"status-publish","4":"has-post-thumbnail","6":"product_cat-polizei-detektiv","8":"first","9":"instock","10":"shipping-taxable","11":"purchasable","12":"product-type-simple"},"_links":{"self":[{"href":"https:\/\/9play.de\/shop\/wp-json\/wp\/v2\/product\/16530","targetHints":{"allow":["GET"]}}],"collection":[{"href":"https:\/\/9play.de\/shop\/wp-json\/wp\/v2\/product"}],"about":[{"href":"https:\/\/9play.de\/shop\/wp-json\/wp\/v2\/types\/product"}],"replies":[{"embeddable":true,"href":"https:\/\/9play.de\/shop\/wp-json\/wp\/v2\/comments?post=16530"}],"wp:featuredmedia":[{"embeddable":true,"href":"https:\/\/9play.de\/shop\/wp-json\/wp\/v2\/media\/16531"}],"wp:attachment":[{"href":"https:\/\/9play.de\/shop\/wp-json\/wp\/v2\/media?parent=16530"}],"wp:term":[{"taxonomy":"product_brand","embeddable":true,"href":"https:\/\/9play.de\/shop\/wp-json\/wp\/v2\/product_brand?post=16530"},{"taxonomy":"product_cat","embeddable":true,"href":"https:\/\/9play.de\/shop\/wp-json\/wp\/v2\/product_cat?post=16530"},{"taxonomy":"product_tag","embeddable":true,"href":"https:\/\/9play.de\/shop\/wp-json\/wp\/v2\/product_tag?post=16530"}],"curies":[{"name":"wp","href":"https:\/\/api.w.org\/{rel}","templated":true}]}}