{"id":16550,"date":"2024-10-06T18:16:00","date_gmt":"2024-10-06T16:16:00","guid":{"rendered":"https:\/\/9play.de\/shop\/produkt\/fernglas-militaer-tarnfarbig-kinderfernglas\/"},"modified":"2024-10-06T18:16:03","modified_gmt":"2024-10-06T16:16:03","slug":"fernglas-militaer-tarnfarbig-kinderfernglas","status":"publish","type":"product","link":"https:\/\/9play.de\/shop\/produkt\/fernglas-militaer-tarnfarbig-kinderfernglas\/","title":{"rendered":"Fernglas Milit\u00e4r tarnfarbig Kinderfernglas"},"content":{"rendered":"<p>Kommt der Feind? Mit diesem Camouflage-Fernglas k\u00f6nnen Sie es aus der Ferne sehen.<br \/>Ein Vorteil f\u00fcr Sie als Soldat, wenn Sie sich mitten im Gefecht befinden.<br \/>Einen Soldaten zu spielen ist ein Kinderspiel.<br \/>Mit diesem supercoolen Abenteuer-Fernglas mit Kompas in armeegr\u00fcnen Farben k\u00f6nnen Sie wilde Tiere aus sicherer Entfernung entdecken, ohne sie in ihrem Lebensraum zu st\u00f6ren.<br \/>In das Fernglas ist ein Komaps integriert. So kann man sich nicht verirren. Die Spielzeug-Ferngl\u00e4ser verf\u00fcgen \u00fcber eine empfindliche Fokuseinstellung.<\/p>\n<p>Altersempfehlung: ab 6 Jahre<br \/>Material: Kunststoff&nbsp;<br \/>Verpackung: ca. 24cm x 17cm x 4cm<br \/>Gr\u00f6\u00dfe: ca. 10,5cm&nbsp; x 10,5cm<\/p>\n<p>Achtung: Nicht f\u00fcr Kinder unter 36 Monaten geeignet wegen verschluckbarer Kleinteile, Erstickungsgefahr.<\/p>\n","protected":false},"excerpt":{"rendered":"<p>Kommt der Feind? Mit diesem Camouflage-Fernglas k\u00f6nnen Sie es aus der Ferne sehen.<\/p>\n","protected":false},"featured_media":16551,"comment_status":"closed","ping_status":"open","template":"","meta":[],"product_brand":[],"product_cat":[476],"product_tag":[],"class_list":{"0":"post-16550","1":"product","2":"type-product","3":"status-publish","4":"has-post-thumbnail","6":"product_cat-polizei-detektiv","8":"first","9":"instock","10":"shipping-taxable","11":"purchasable","12":"product-type-simple"},"_links":{"self":[{"href":"https:\/\/9play.de\/shop\/wp-json\/wp\/v2\/product\/16550","targetHints":{"allow":["GET"]}}],"collection":[{"href":"https:\/\/9play.de\/shop\/wp-json\/wp\/v2\/product"}],"about":[{"href":"https:\/\/9play.de\/shop\/wp-json\/wp\/v2\/types\/product"}],"replies":[{"embeddable":true,"href":"https:\/\/9play.de\/shop\/wp-json\/wp\/v2\/comments?post=16550"}],"wp:featuredmedia":[{"embeddable":true,"href":"https:\/\/9play.de\/shop\/wp-json\/wp\/v2\/media\/16551"}],"wp:attachment":[{"href":"https:\/\/9play.de\/shop\/wp-json\/wp\/v2\/media?parent=16550"}],"wp:term":[{"taxonomy":"product_brand","embeddable":true,"href":"https:\/\/9play.de\/shop\/wp-json\/wp\/v2\/product_brand?post=16550"},{"taxonomy":"product_cat","embeddable":true,"href":"https:\/\/9play.de\/shop\/wp-json\/wp\/v2\/product_cat?post=16550"},{"taxonomy":"product_tag","embeddable":true,"href":"https:\/\/9play.de\/shop\/wp-json\/wp\/v2\/product_tag?post=16550"}],"curies":[{"name":"wp","href":"https:\/\/api.w.org\/{rel}","templated":true}]}}