{"id":16555,"date":"2024-10-06T18:16:00","date_gmt":"2024-10-06T16:16:00","guid":{"rendered":"https:\/\/9play.de\/shop\/produkt\/spiel-militaer-set-gewehr-handschellen-soldat-figur\/"},"modified":"2024-10-06T18:16:06","modified_gmt":"2024-10-06T16:16:06","slug":"spiel-militaer-set-gewehr-handschellen-soldat-figur","status":"publish","type":"product","link":"https:\/\/9play.de\/shop\/produkt\/spiel-militaer-set-gewehr-handschellen-soldat-figur\/","title":{"rendered":"Spiel Milit\u00e4r Set Gewehr Handschellen Soldat Figur"},"content":{"rendered":"<p>Dieses Set enth\u00e4lt alles, was du als Soldat brauchst, um dich auf die Armeemission Alfafox vorzubereiten und daran teilzunehmen.<br \/>Ein Kn\u00fcppel und Handschellen mit Schl\u00fcsseln an einem Schl\u00fcsselbund. Aber auch 3 Handgranaten und nat\u00fcrlich eine Pistole mit 2 Kugeln.<br \/>Bereit f\u00fcr den Feind, Soldat. Aber manchmal muss man sich auch in seiner Freizeit entspannen. Dann h\u00e4ngen Sie die Spielfigur an den Gleitschirm, den Sie ebenfalls in diesem Set finden, und lassen Sie sie durch die L\u00fcfte schweben.Armee-Spielset Milit\u00e4r mit einer Spielfigur als Soldat.<br \/>Nehmen Sie Ihre Gegner in Gefangenschaft in dem Sie ihn Handschellen anlegen.<br \/>Das Kinder Milit\u00e4r Set enth\u00e4lt zwei Reisep\u00e4sse, Handschellen, 3 Granaten, Schlagstock und ein Gewehr mit zwei Kugeln.<\/p>\n<p>Inhalt: 12 Teile (Soldat, Drachenflieger, 2x Reisepass, Handschellen, 3x Granaten, Schlagstock, Gewehr, 2x Kugeln)<br \/>Altersempfehlung: ab 3 Jahren<br \/>Material: Kunststoff<br \/>Verpackung: 9 x 5 x 44,0 cm (LxBxH)<\/p>\n<p>Achtung: Nicht f\u00fcr Kinder unter 36 Monaten geeignet wegen verschluckbarer Kleinteile, Erstickungsgefahr.<\/p>\n","protected":false},"excerpt":{"rendered":"<p>Armee-Spielset Milit\u00e4r mit einer Spielfigur als Soldat.<\/p>\n","protected":false},"featured_media":16556,"comment_status":"closed","ping_status":"open","template":"","meta":[],"product_brand":[],"product_cat":[476],"product_tag":[],"class_list":{"0":"post-16555","1":"product","2":"type-product","3":"status-publish","4":"has-post-thumbnail","6":"product_cat-polizei-detektiv","8":"first","9":"instock","10":"shipping-taxable","11":"purchasable","12":"product-type-simple"},"_links":{"self":[{"href":"https:\/\/9play.de\/shop\/wp-json\/wp\/v2\/product\/16555","targetHints":{"allow":["GET"]}}],"collection":[{"href":"https:\/\/9play.de\/shop\/wp-json\/wp\/v2\/product"}],"about":[{"href":"https:\/\/9play.de\/shop\/wp-json\/wp\/v2\/types\/product"}],"replies":[{"embeddable":true,"href":"https:\/\/9play.de\/shop\/wp-json\/wp\/v2\/comments?post=16555"}],"wp:featuredmedia":[{"embeddable":true,"href":"https:\/\/9play.de\/shop\/wp-json\/wp\/v2\/media\/16556"}],"wp:attachment":[{"href":"https:\/\/9play.de\/shop\/wp-json\/wp\/v2\/media?parent=16555"}],"wp:term":[{"taxonomy":"product_brand","embeddable":true,"href":"https:\/\/9play.de\/shop\/wp-json\/wp\/v2\/product_brand?post=16555"},{"taxonomy":"product_cat","embeddable":true,"href":"https:\/\/9play.de\/shop\/wp-json\/wp\/v2\/product_cat?post=16555"},{"taxonomy":"product_tag","embeddable":true,"href":"https:\/\/9play.de\/shop\/wp-json\/wp\/v2\/product_tag?post=16555"}],"curies":[{"name":"wp","href":"https:\/\/api.w.org\/{rel}","templated":true}]}}