{"id":16560,"date":"2024-10-06T18:16:00","date_gmt":"2024-10-06T16:16:00","guid":{"rendered":"https:\/\/9play.de\/shop\/produkt\/rettungsdienst-fahrzeuge-polizei-krankenwagen-strassenschilder\/"},"modified":"2024-10-06T18:16:09","modified_gmt":"2024-10-06T16:16:09","slug":"rettungsdienst-fahrzeuge-polizei-krankenwagen-strassenschilder","status":"publish","type":"product","link":"https:\/\/9play.de\/shop\/produkt\/rettungsdienst-fahrzeuge-polizei-krankenwagen-strassenschilder\/","title":{"rendered":"Rettungsdienst Fahrzeuge Polizei Krankenwagen Stra\u00dfenschilder"},"content":{"rendered":"<p>Deutsches Verkehrsset bestehend aus einem Polizeiauto aus Metall, einem Feuerwehrauto, einem Rettungswagen und einem Feuerwehrhubschrauber aus Kunststoff.<br \/>Ebenfalls enthalten sind 8 Verkehrsschilder und eine Ampel.<br \/>Dabei kann sogar die Farbe der Ampel ge\u00e4ndert werden. Zusammen mit den Z\u00e4unen und Pf\u00e4hlen regeln Sie so den Verkehr sicher.<br \/>Kinder-Autos Spielset mit Rettungsfahrzeugen aus&nbsp;Metall.&nbsp;2x Absperrbarken, 5x Pylonen, 8x&nbsp;Verkehrsschilder, 1x Warndreieck, 1x Polizeischild,&nbsp;1x Ampel, 1x Feuerwehrhubschrauber, 1x Feuerwehrauto, 1x Polizeiauto, 1x Krankenwagen, im Karton mit Sichtfenster.<\/p>\n<p>Inhalt: 22 Teile (2x Absperrbarken, 5x Pylonen, 8x&nbsp;Verkehrsschilder, 1x Warndreieck, 1x Polizeischild,&nbsp;1x Ampel, 1x Feuerwehrhubschrauber, 1x Feuerwehrauto, 1x Polizeiauto, 1x Krankenwagen)<br \/>Altersempfehlung: ab 3 Jahre<br \/>Material: Metal, Kunststoff<\/p>\n<p>Achtung: Nicht f\u00fcr Kinder unter 36 Monaten geeignet wegen verschluckbarer Kleinteile, Erstickungsgefahr.<\/p>\n","protected":false},"excerpt":{"rendered":"<p>Spieleset Rettungsfahrzeuge aus Metall.<\/p>\n","protected":false},"featured_media":16561,"comment_status":"closed","ping_status":"open","template":"","meta":[],"product_brand":[],"product_cat":[466],"product_tag":[],"class_list":{"0":"post-16560","1":"product","2":"type-product","3":"status-publish","4":"has-post-thumbnail","6":"product_cat-dienstfahrzeuge","8":"first","9":"instock","10":"shipping-taxable","11":"purchasable","12":"product-type-simple"},"_links":{"self":[{"href":"https:\/\/9play.de\/shop\/wp-json\/wp\/v2\/product\/16560","targetHints":{"allow":["GET"]}}],"collection":[{"href":"https:\/\/9play.de\/shop\/wp-json\/wp\/v2\/product"}],"about":[{"href":"https:\/\/9play.de\/shop\/wp-json\/wp\/v2\/types\/product"}],"replies":[{"embeddable":true,"href":"https:\/\/9play.de\/shop\/wp-json\/wp\/v2\/comments?post=16560"}],"wp:featuredmedia":[{"embeddable":true,"href":"https:\/\/9play.de\/shop\/wp-json\/wp\/v2\/media\/16561"}],"wp:attachment":[{"href":"https:\/\/9play.de\/shop\/wp-json\/wp\/v2\/media?parent=16560"}],"wp:term":[{"taxonomy":"product_brand","embeddable":true,"href":"https:\/\/9play.de\/shop\/wp-json\/wp\/v2\/product_brand?post=16560"},{"taxonomy":"product_cat","embeddable":true,"href":"https:\/\/9play.de\/shop\/wp-json\/wp\/v2\/product_cat?post=16560"},{"taxonomy":"product_tag","embeddable":true,"href":"https:\/\/9play.de\/shop\/wp-json\/wp\/v2\/product_tag?post=16560"}],"curies":[{"name":"wp","href":"https:\/\/api.w.org\/{rel}","templated":true}]}}