{"id":16570,"date":"2024-10-06T18:16:00","date_gmt":"2024-10-06T16:16:00","guid":{"rendered":"https:\/\/9play.de\/shop\/produkt\/rettungshubschrauber-helicopter-mit-licht-und-sound\/"},"modified":"2024-10-06T18:16:15","modified_gmt":"2024-10-06T16:16:15","slug":"rettungshubschrauber-helicopter-mit-licht-und-sound","status":"publish","type":"product","link":"https:\/\/9play.de\/shop\/produkt\/rettungshubschrauber-helicopter-mit-licht-und-sound\/","title":{"rendered":"Rettungshubschrauber Helicopter mit Licht und Sound"},"content":{"rendered":"<p>Wenn man die Tasten dr\u00fcckt, h\u00f6rt man, wie der Hubschrauber abhebt, sich die Rotorbl\u00e4tter drehen oder die Sirene heult.<br \/>Es ist auf dem Weg zum Meer oder vielleicht zu einer schwer zug\u00e4nglichen Stelle in den Bergen, um eine verletzte Person zu holen.<br \/>Mit seiner Krankentrage, dem gro\u00dfen Haken an der Winde und dem Suchscheinwerfer, der wirklich funktioniert, ist er f\u00fcr eine Rettungsaktion gut ausger\u00fcstet.<br \/>Am Boden haben die R\u00e4der des Hubschraubers aus der Produktlinie Planes and Helicopters eine Reibungsfunktion.Lastenhelikopter mit vielen tollen Spielfunktionen.<br \/>Seitliche Seilwinde mit der man die Rettungstrage hoch-und niederlassen kann Der Helikopter hat einen Friktionsantrieb das heisst, einfach Schwung geben und schon flitzt er los Viele tolle Sounds wie z.B. Flugger\u00e4usch und Lichteffekte.<br \/>&nbsp;<\/p>\n<p>Altersempfehlung: ab 3 Jahre<br \/>Material: Kunststoff<br \/>Ma\u00dfe: ca. 28cm 10cm&nbsp;14cm (L.B.H.)<br \/>3x Batterien LR 44, im Lieferumfang enthalten<\/p>\n<p>Achtung: Nicht f\u00fcr Kinder unter 36 Monaten geeignet wegen verschluckbarer Kleinteile, Erstickungsgefahr.<\/p>\n<p>&nbsp;<\/p>\n<p><span style=\"font-size:12pt\"><span style=\"font-family:Times New Roman,serif\">Hinweis zur Entsorgung von Altbatterien<\/span><\/span><\/p>\n<p class=\"Textbody\" style=\"margin-bottom:8px\"><span style=\"font-size:12pt\"><span style=\"font-family:Times New Roman,serif\">Der nachfolgende Hinweis richtet sich an diejenigen, die Batterien oder Produkte mit eingebauten Batterien nutzen und in der an sie gelieferten Form nicht mehr weiterver\u00e4u\u00dfern (Endnutzer):<\/span><\/span><\/p>\n<p class=\"Textbody\" style=\"margin-bottom:8px\"><span style=\"font-size:12pt\"><span style=\"font-family:Times New Roman,serif\">1. Unentgeltliche R\u00fccknahme von Altbatterien<\/span><\/span><\/p>\n<p class=\"Textbody\" style=\"margin-bottom:8px\"><span style=\"font-size:12pt\"><span style=\"font-family:Times New Roman,serif\">Batterien d\u00fcrfen nicht \u00fcber den Hausm\u00fcll entsorgt werden. Sie sind zur R\u00fcckgabe von Altbatterien gesetzlich verpflichtet, damit eine fachgerechte Entsorgung gew\u00e4hrleistet werden kann. Sie k\u00f6nnen Altbatterien an einer kommunalen Sammelstelle oder im Handel vor Ort abgeben. Auch wir sind als Vertreiber von Batterien zur R\u00fccknahme von Altbatterien verpflichtet, wobei sich unsere R\u00fccknahmeverpflichtung auf Altbatterien der Art beschr\u00e4nkt, die wir als Neubatterien in unserem Sortiment f\u00fchren oder gef\u00fchrt haben. Altbatterien vorgenannter Art k\u00f6nnen Sie daher entweder ausreichend frankiert an uns zur\u00fccksenden oder sie direkt an unserem Versandlager unter der im Impressum genannten Adresse unentgeltlich abgeben.<\/span><\/span><\/p>\n<p class=\"Textbody\" style=\"margin-bottom:8px\"><span style=\"font-size:12pt\"><span style=\"font-family:Times New Roman,serif\">2. Bedeutung der Batteriesymbole<\/span><\/span><\/p>\n<p class=\"Textbody\" style=\"margin-bottom:8px\"><span style=\"font-size:12pt\"><span style=\"font-family:Times New Roman,serif\">Batterien sind mit dem Symbol einer durchgekreuzten M\u00fclltonne gekennzeichnet. Dieses Symbol weist darauf hin, dass Batterien nicht in den Hausm\u00fcll gegeben werden d\u00fcrfen. Bei Batterien, die mehr als 0,0005 Masseprozent Quecksilber, mehr als 0,002 Masseprozent Cadmium oder mehr als 0,004 Masseprozent Blei enthalten, befindet sich unter dem M\u00fclltonnen-Symbol die chemische Bezeichnung des jeweils eingesetzten Schadstoffes \u2013 dabei steht &#8222;Cd&#8220; f\u00fcr Cadmium, &#8222;Pb&#8220; steht f\u00fcr Blei, und &#8222;Hg&#8220; f\u00fcr Quecksilber.<\/span><\/span><\/p>\n","protected":false},"excerpt":{"rendered":"<p>Lastenhelikopter mit vielen tollen Spielfunktionen.<\/p>\n","protected":false},"featured_media":16571,"comment_status":"closed","ping_status":"open","template":"","meta":[],"product_brand":[],"product_cat":[480],"product_tag":[],"class_list":{"0":"post-16570","1":"product","2":"type-product","3":"status-publish","4":"has-post-thumbnail","6":"product_cat-hubschrauber","8":"first","9":"instock","10":"shipping-taxable","11":"purchasable","12":"product-type-simple"},"_links":{"self":[{"href":"https:\/\/9play.de\/shop\/wp-json\/wp\/v2\/product\/16570","targetHints":{"allow":["GET"]}}],"collection":[{"href":"https:\/\/9play.de\/shop\/wp-json\/wp\/v2\/product"}],"about":[{"href":"https:\/\/9play.de\/shop\/wp-json\/wp\/v2\/types\/product"}],"replies":[{"embeddable":true,"href":"https:\/\/9play.de\/shop\/wp-json\/wp\/v2\/comments?post=16570"}],"wp:featuredmedia":[{"embeddable":true,"href":"https:\/\/9play.de\/shop\/wp-json\/wp\/v2\/media\/16571"}],"wp:attachment":[{"href":"https:\/\/9play.de\/shop\/wp-json\/wp\/v2\/media?parent=16570"}],"wp:term":[{"taxonomy":"product_brand","embeddable":true,"href":"https:\/\/9play.de\/shop\/wp-json\/wp\/v2\/product_brand?post=16570"},{"taxonomy":"product_cat","embeddable":true,"href":"https:\/\/9play.de\/shop\/wp-json\/wp\/v2\/product_cat?post=16570"},{"taxonomy":"product_tag","embeddable":true,"href":"https:\/\/9play.de\/shop\/wp-json\/wp\/v2\/product_tag?post=16570"}],"curies":[{"name":"wp","href":"https:\/\/api.w.org\/{rel}","templated":true}]}}