{"id":16574,"date":"2024-10-06T18:16:00","date_gmt":"2024-10-06T16:16:00","guid":{"rendered":"https:\/\/9play.de\/shop\/produkt\/gewehr-schrotflinte-mit-schaumstoffpfeilen\/"},"modified":"2024-10-06T18:16:16","modified_gmt":"2024-10-06T16:16:16","slug":"gewehr-schrotflinte-mit-schaumstoffpfeilen","status":"publish","type":"product","link":"https:\/\/9play.de\/shop\/produkt\/gewehr-schrotflinte-mit-schaumstoffpfeilen\/","title":{"rendered":"Gewehr Schrotflinte mit Schaumstoffpfeilen"},"content":{"rendered":"<p>Toi-Toys Space Revengers Milit\u00e4rschrotflinte.<\/p>\n<p>Sollten jemals Marsmenschen auf der Erde landen, werden Sie sie nat\u00fcrlich zuerst begr\u00fc\u00dfen.<br \/>Wenn sie feindlich gesinnt sind, kannst du dich zumindest mit dem Space Revenger Gewehr gut verteidigen.<br \/>Lege einen Schaumstoffpfeil in den Lauf. Ziehen Sie den seitlichen Hebel einmal, um die Pistole zu spannen, und lassen Sie ihn wieder einrasten.<br \/>Dann dr\u00fcckst du ab und feuerst den Pfeil mit hoher Geschwindigkeit ab. Es wird mit 6 Pfeilen geliefert, die Sie auf der R\u00fcckseite der Waffe aufbewahren k\u00f6nnen.<br \/>Halten Sie immer Munition bereit, wenn Sie nachladen m\u00fcssen.<br \/>F\u00fchren Sie mit diesem robustem Gewehr \u00dcberraschungsangriffe durch. Hast du deinen Feind entdeckt? Schalte ihn blitzschnell f\u00fcr einen Angriff aus, den niemand kommen sieht.<br \/>Shotgun wird mit 6 Schaumstoffpfeile geliefert, die sich gut in dem Griff verstauen lassen. Geladen wird an der Seite, wie bei einem echtem Milit\u00e4r-Gewehr.<\/p>\n<p>SPACE REVENGER Gewehr Schwarz Rot + 6 Schaumstoffpfeilen&nbsp;<br \/>Altersempfehlung: ab 8 Jahre<br \/>Material: Kunststoff&nbsp;<br \/>Gr\u00f6\u00dfe: ca. 62cm<\/p>\n<p>Achtung: Nicht f\u00fcr Kinder unter 36 Monaten geeignet wegen verschluckbarer Kleinteile, Erstickungsgefahr.<\/p>\n","protected":false},"excerpt":{"rendered":"<p>Toi-Toys Space Revengers Milit\u00e4rschrotflinte<\/p>\n","protected":false},"featured_media":16575,"comment_status":"closed","ping_status":"open","template":"","meta":[],"product_brand":[],"product_cat":[476],"product_tag":[],"class_list":{"0":"post-16574","1":"product","2":"type-product","3":"status-publish","4":"has-post-thumbnail","6":"product_cat-polizei-detektiv","8":"first","9":"instock","10":"shipping-taxable","11":"purchasable","12":"product-type-simple"},"_links":{"self":[{"href":"https:\/\/9play.de\/shop\/wp-json\/wp\/v2\/product\/16574","targetHints":{"allow":["GET"]}}],"collection":[{"href":"https:\/\/9play.de\/shop\/wp-json\/wp\/v2\/product"}],"about":[{"href":"https:\/\/9play.de\/shop\/wp-json\/wp\/v2\/types\/product"}],"replies":[{"embeddable":true,"href":"https:\/\/9play.de\/shop\/wp-json\/wp\/v2\/comments?post=16574"}],"wp:featuredmedia":[{"embeddable":true,"href":"https:\/\/9play.de\/shop\/wp-json\/wp\/v2\/media\/16575"}],"wp:attachment":[{"href":"https:\/\/9play.de\/shop\/wp-json\/wp\/v2\/media?parent=16574"}],"wp:term":[{"taxonomy":"product_brand","embeddable":true,"href":"https:\/\/9play.de\/shop\/wp-json\/wp\/v2\/product_brand?post=16574"},{"taxonomy":"product_cat","embeddable":true,"href":"https:\/\/9play.de\/shop\/wp-json\/wp\/v2\/product_cat?post=16574"},{"taxonomy":"product_tag","embeddable":true,"href":"https:\/\/9play.de\/shop\/wp-json\/wp\/v2\/product_tag?post=16574"}],"curies":[{"name":"wp","href":"https:\/\/api.w.org\/{rel}","templated":true}]}}