{"id":16576,"date":"2024-10-06T18:16:00","date_gmt":"2024-10-06T16:16:00","guid":{"rendered":"https:\/\/9play.de\/shop\/produkt\/polizei-gewehr-schrotflinte-mit-schaumstoffpfeilen\/"},"modified":"2024-10-06T18:16:16","modified_gmt":"2024-10-06T16:16:16","slug":"polizei-gewehr-schrotflinte-mit-schaumstoffpfeilen","status":"publish","type":"product","link":"https:\/\/9play.de\/shop\/produkt\/polizei-gewehr-schrotflinte-mit-schaumstoffpfeilen\/","title":{"rendered":"Polizei Gewehr Schrotflinte mit Schaumstoffpfeilen"},"content":{"rendered":"<p>Toi-Toys Polizei Schrotflinte.<br \/>F\u00fchren Sie mit diesem robustem Polizei-Gewehr \u00dcberraschungsangriffe durch. Hast du einen Verbrecher entdeckt? Schalte ihn blitzschnell f\u00fcr einen Angriff aus, den niemand kommen sieht.<br \/>Shotgun wird mit 6 Schaumstoffpfeile geliefert, die sich gut in dem Griff verstauen lassen.<br \/>Geladen wird an der Seite, wie bei einem echtem Milit\u00e4r-Gewehr.<\/p>\n<p>1&nbsp;Shotgun mit 6 Schaumstoffpfeile<br \/>Altersempfehlung: ab 6 Jahre<br \/>Material: Kunststoff<br \/>Gr\u00f6\u00dfe: ca. 63cm<\/p>\n<p>Achtung: Nicht f\u00fcr Kinder unter 36 Monaten geeignet wegen verschluckbarer Kleinteile, Erstickungsgefahr.<\/p>\n","protected":false},"excerpt":{"rendered":"<p>Toi-Toys Space Polizei Schrotflinte<\/p>\n","protected":false},"featured_media":16577,"comment_status":"closed","ping_status":"open","template":"","meta":[],"product_brand":[],"product_cat":[476],"product_tag":[],"class_list":{"0":"post-16576","1":"product","2":"type-product","3":"status-publish","4":"has-post-thumbnail","6":"product_cat-polizei-detektiv","8":"first","9":"instock","10":"shipping-taxable","11":"purchasable","12":"product-type-simple"},"_links":{"self":[{"href":"https:\/\/9play.de\/shop\/wp-json\/wp\/v2\/product\/16576","targetHints":{"allow":["GET"]}}],"collection":[{"href":"https:\/\/9play.de\/shop\/wp-json\/wp\/v2\/product"}],"about":[{"href":"https:\/\/9play.de\/shop\/wp-json\/wp\/v2\/types\/product"}],"replies":[{"embeddable":true,"href":"https:\/\/9play.de\/shop\/wp-json\/wp\/v2\/comments?post=16576"}],"wp:featuredmedia":[{"embeddable":true,"href":"https:\/\/9play.de\/shop\/wp-json\/wp\/v2\/media\/16577"}],"wp:attachment":[{"href":"https:\/\/9play.de\/shop\/wp-json\/wp\/v2\/media?parent=16576"}],"wp:term":[{"taxonomy":"product_brand","embeddable":true,"href":"https:\/\/9play.de\/shop\/wp-json\/wp\/v2\/product_brand?post=16576"},{"taxonomy":"product_cat","embeddable":true,"href":"https:\/\/9play.de\/shop\/wp-json\/wp\/v2\/product_cat?post=16576"},{"taxonomy":"product_tag","embeddable":true,"href":"https:\/\/9play.de\/shop\/wp-json\/wp\/v2\/product_tag?post=16576"}],"curies":[{"name":"wp","href":"https:\/\/api.w.org\/{rel}","templated":true}]}}