{"id":16581,"date":"2024-10-06T18:16:00","date_gmt":"2024-10-06T16:16:00","guid":{"rendered":"https:\/\/9play.de\/shop\/produkt\/militaerische-spielzeugpistole-mit-sound-licht-schalldaempfer-taschenlampe\/"},"modified":"2024-10-06T18:16:19","modified_gmt":"2024-10-06T16:16:19","slug":"militaerische-spielzeugpistole-mit-sound-licht-schalldaempfer-taschenlampe","status":"publish","type":"product","link":"https:\/\/9play.de\/shop\/produkt\/militaerische-spielzeugpistole-mit-sound-licht-schalldaempfer-taschenlampe\/","title":{"rendered":"Milit\u00e4rische Spielzeugpistole mit Sound &#038; Licht Schalld\u00e4mpfer Taschenlampe"},"content":{"rendered":"<p>Bei der Mission Alfafox sind Sie der Soldat an der Front, aber niemand sieht Sie.<br \/>Fast unsichtbar schleicht man sich an den Feind heran. Mit dem Nachtsichtger\u00e4t auf dem Gewehr haben Sie ihn genau im Blick und k\u00f6nnen im richtigen Moment abdr\u00fccken.<br \/>An der Seite leuchten Lichter auf, Sie h\u00f6ren, wie sich Ihr Schuss entl\u00e4dt und die Patronenh\u00fclse zu Boden f\u00e4llt. Falls n\u00f6tig, setzen Sie einen Schalld\u00e4mpfer auf den Lauf Ihrer Waffe, um so leise wie m\u00f6glich zu schie\u00dfen.<br \/>Oder schalten Sie die echte Taschenlampe ein, um Ihren Gegner zu blenden&#8230;.<br \/>Diese milit\u00e4rische Spielzeug-Pistole ist mit zahlreichen taktischen Zubeh\u00f6rteilen ausgestattet, die Sie anbringen und abnehmen k\u00f6nnen, wie z. B. Schalld\u00e4mpfer, Visier und Taschenlampe.<br \/>Neben den 3 Soundeffekten zum Laden, D\u00e4mpfen und Schie\u00dfen verf\u00fcgt die Waffe auch \u00fcber diverse Lichteffekte am Schlitten der Waffe.<br \/>Im Dunkeln k\u00f6nnen Sie die taktische Taschenlampe verwenden. Kurz gesagt, mit all diesen Optionen sind Sie jeder Herausforderung gewachsen!<br \/>&nbsp;<\/p>\n<p>Spezifikationen:<br \/>Alter: ab 3&nbsp;Jahren<br \/>Material: Kunststoff<br \/>Farbe: gr\u00fcn \/ schwarz \/ braun<br \/>Effekte: Licht und Ton<br \/>Batterie: im Lieferumfang enthalten<br \/>Verpackungsma\u00dfe: 25,0 x 4,5 x 23,0 cm (LxBxH)<br \/>Produktabmessungen (mit Visier): 23 x 20 cm (LxH)<br \/>Gewicht (inkl. Verpackung): 0,363 kg<\/p>\n<p>Achtung: Nicht f\u00fcr Kinder unter 36 Monaten geeignet wegen verschluckbarer Kleinteile, Erstickungsgefahr.<\/p>\n<p>&nbsp;<\/p>\n<p><span style=\"font-size:12pt\"><span style=\"font-family:Times New Roman,serif\">Hinweis zur Entsorgung von Altbatterien<\/span><\/span><\/p>\n<p class=\"Textbody\" style=\"margin-bottom:8px\"><span style=\"font-size:12pt\"><span style=\"font-family:Times New Roman,serif\">Der nachfolgende Hinweis richtet sich an diejenigen, die Batterien oder Produkte mit eingebauten Batterien nutzen und in der an sie gelieferten Form nicht mehr weiterver\u00e4u\u00dfern (Endnutzer):<\/span><\/span><\/p>\n<p class=\"Textbody\" style=\"margin-bottom:8px\"><span style=\"font-size:12pt\"><span style=\"font-family:Times New Roman,serif\">1. Unentgeltliche R\u00fccknahme von Altbatterien<\/span><\/span><\/p>\n<p class=\"Textbody\" style=\"margin-bottom:8px\"><span style=\"font-size:12pt\"><span style=\"font-family:Times New Roman,serif\">Batterien d\u00fcrfen nicht \u00fcber den Hausm\u00fcll entsorgt werden. Sie sind zur R\u00fcckgabe von Altbatterien gesetzlich verpflichtet, damit eine fachgerechte Entsorgung gew\u00e4hrleistet werden kann. Sie k\u00f6nnen Altbatterien an einer kommunalen Sammelstelle oder im Handel vor Ort abgeben. Auch wir sind als Vertreiber von Batterien zur R\u00fccknahme von Altbatterien verpflichtet, wobei sich unsere R\u00fccknahmeverpflichtung auf Altbatterien der Art beschr\u00e4nkt, die wir als Neubatterien in unserem Sortiment f\u00fchren oder gef\u00fchrt haben. Altbatterien vorgenannter Art k\u00f6nnen Sie daher entweder ausreichend frankiert an uns zur\u00fccksenden oder sie direkt an unserem Versandlager unter der im Impressum genannten Adresse unentgeltlich abgeben.<\/span><\/span><\/p>\n<p class=\"Textbody\" style=\"margin-bottom:8px\"><span style=\"font-size:12pt\"><span style=\"font-family:Times New Roman,serif\">2. Bedeutung der Batteriesymbole<\/span><\/span><\/p>\n<p class=\"Textbody\" style=\"margin-bottom:8px\"><span style=\"font-size:12pt\"><span style=\"font-family:Times New Roman,serif\">Batterien sind mit dem Symbol einer durchgekreuzten M\u00fclltonne gekennzeichnet. Dieses Symbol weist darauf hin, dass Batterien nicht in den Hausm\u00fcll gegeben werden d\u00fcrfen. Bei Batterien, die mehr als 0,0005 Masseprozent Quecksilber, mehr als 0,002 Masseprozent Cadmium oder mehr als 0,004 Masseprozent Blei enthalten, befindet sich unter dem M\u00fclltonnen-Symbol die chemische Bezeichnung des jeweils eingesetzten Schadstoffes \u2013 dabei steht &#8222;Cd&#8220; f\u00fcr Cadmium, &#8222;Pb&#8220; steht f\u00fcr Blei, und &#8222;Hg&#8220; f\u00fcr Quecksilber.<\/span><\/span><\/p>\n","protected":false},"excerpt":{"rendered":"<p>Diese milit\u00e4rische Spielzeugpistole ist mit zahlreichen taktischen Zubeh\u00f6rteilen ausgestattet!<\/p>\n","protected":false},"featured_media":16582,"comment_status":"closed","ping_status":"open","template":"","meta":[],"product_brand":[],"product_cat":[476],"product_tag":[],"class_list":{"0":"post-16581","1":"product","2":"type-product","3":"status-publish","4":"has-post-thumbnail","6":"product_cat-polizei-detektiv","8":"first","9":"instock","10":"shipping-taxable","11":"purchasable","12":"product-type-simple"},"_links":{"self":[{"href":"https:\/\/9play.de\/shop\/wp-json\/wp\/v2\/product\/16581","targetHints":{"allow":["GET"]}}],"collection":[{"href":"https:\/\/9play.de\/shop\/wp-json\/wp\/v2\/product"}],"about":[{"href":"https:\/\/9play.de\/shop\/wp-json\/wp\/v2\/types\/product"}],"replies":[{"embeddable":true,"href":"https:\/\/9play.de\/shop\/wp-json\/wp\/v2\/comments?post=16581"}],"wp:featuredmedia":[{"embeddable":true,"href":"https:\/\/9play.de\/shop\/wp-json\/wp\/v2\/media\/16582"}],"wp:attachment":[{"href":"https:\/\/9play.de\/shop\/wp-json\/wp\/v2\/media?parent=16581"}],"wp:term":[{"taxonomy":"product_brand","embeddable":true,"href":"https:\/\/9play.de\/shop\/wp-json\/wp\/v2\/product_brand?post=16581"},{"taxonomy":"product_cat","embeddable":true,"href":"https:\/\/9play.de\/shop\/wp-json\/wp\/v2\/product_cat?post=16581"},{"taxonomy":"product_tag","embeddable":true,"href":"https:\/\/9play.de\/shop\/wp-json\/wp\/v2\/product_tag?post=16581"}],"curies":[{"name":"wp","href":"https:\/\/api.w.org\/{rel}","templated":true}]}}