{"id":16586,"date":"2024-10-06T18:16:00","date_gmt":"2024-10-06T16:16:00","guid":{"rendered":"https:\/\/9play.de\/shop\/produkt\/militaer-blaster-pistole-6-schaumstoffpfeilen\/"},"modified":"2024-10-06T18:16:22","modified_gmt":"2024-10-06T16:16:22","slug":"militaer-blaster-pistole-6-schaumstoffpfeilen","status":"publish","type":"product","link":"https:\/\/9play.de\/shop\/produkt\/militaer-blaster-pistole-6-schaumstoffpfeilen\/","title":{"rendered":"Milit\u00e4r Blaster Pistole 6 Schaumstoffpfeilen"},"content":{"rendered":"<p>Als Soldat m\u00fcssen Sie an der Armeemission Alfafox teilnehmen.<br \/>Aber bevor das passiert, sollten Sie mit dieser ultimativen Waffe \u00fcben.<br \/>Also klicke den Pfeilhalter auf das Gewehr, lade es einfach und schie\u00dfe schnell die 6 Schaumstoffpfeile auf das Ziel. Alles getroffen? Dann bist du bereit f\u00fcr die wahre Schlacht, Soldat.<br \/>Diese milit\u00e4rische Spielzeug-Pistole hat coole Tarnfarben wie bei den echten Profis. Die Schaumstoffpfeile lassen sich praktisch an der Seite befestigen. So kann die Schlacht beginnen.<br \/>Mit diesem Rollenspielzeug versetzen Sie sich in einen milit\u00e4r Soldaten.<br \/>Wenn du nach Kinderpistolen suchst, dann bist du bei uns genau richtig.<br \/>Du suchst eine Kinderpistole f\u00fcr einen Kinderkost\u00fcm? Dann erg\u00e4nze dein Polizeikost\u00fcm mit dieser Pistole !<\/p>\n<p>1&nbsp;Pistole, 6 Schaumstoffpfeilen, 1 Pfeilenhalter<br \/>Altersempfehlung: ab 6 Jahre<br \/>Material: Kunststoff&nbsp;<br \/>&nbsp;<\/p>\n<p>Achtung: Nicht f\u00fcr Kinder unter 36 Monaten geeignet wegen verschluckbarer Kleinteile, Erstickungsgefahr.<\/p>\n","protected":false},"excerpt":{"rendered":"<p>Diese milit\u00e4rische Spielzeug-Pistole hat coole Tarnfarben wie bei den echten Profis.<\/p>\n","protected":false},"featured_media":16587,"comment_status":"closed","ping_status":"open","template":"","meta":[],"product_brand":[],"product_cat":[476],"product_tag":[],"class_list":{"0":"post-16586","1":"product","2":"type-product","3":"status-publish","4":"has-post-thumbnail","6":"product_cat-polizei-detektiv","8":"first","9":"instock","10":"shipping-taxable","11":"purchasable","12":"product-type-simple"},"_links":{"self":[{"href":"https:\/\/9play.de\/shop\/wp-json\/wp\/v2\/product\/16586","targetHints":{"allow":["GET"]}}],"collection":[{"href":"https:\/\/9play.de\/shop\/wp-json\/wp\/v2\/product"}],"about":[{"href":"https:\/\/9play.de\/shop\/wp-json\/wp\/v2\/types\/product"}],"replies":[{"embeddable":true,"href":"https:\/\/9play.de\/shop\/wp-json\/wp\/v2\/comments?post=16586"}],"wp:featuredmedia":[{"embeddable":true,"href":"https:\/\/9play.de\/shop\/wp-json\/wp\/v2\/media\/16587"}],"wp:attachment":[{"href":"https:\/\/9play.de\/shop\/wp-json\/wp\/v2\/media?parent=16586"}],"wp:term":[{"taxonomy":"product_brand","embeddable":true,"href":"https:\/\/9play.de\/shop\/wp-json\/wp\/v2\/product_brand?post=16586"},{"taxonomy":"product_cat","embeddable":true,"href":"https:\/\/9play.de\/shop\/wp-json\/wp\/v2\/product_cat?post=16586"},{"taxonomy":"product_tag","embeddable":true,"href":"https:\/\/9play.de\/shop\/wp-json\/wp\/v2\/product_tag?post=16586"}],"curies":[{"name":"wp","href":"https:\/\/api.w.org\/{rel}","templated":true}]}}