{"id":16593,"date":"2024-10-06T18:16:00","date_gmt":"2024-10-06T16:16:00","guid":{"rendered":"https:\/\/9play.de\/shop\/produkt\/hund-in-transportbox-xl-doktor-tierarzt\/"},"modified":"2024-10-06T18:16:26","modified_gmt":"2024-10-06T16:16:26","slug":"hund-in-transportbox-xl-doktor-tierarzt","status":"publish","type":"product","link":"https:\/\/9play.de\/shop\/produkt\/hund-in-transportbox-xl-doktor-tierarzt\/","title":{"rendered":"Hund in Transportbox XL Doktor Tierarzt"},"content":{"rendered":"<p>Mit diesem Tierarzt Spieleset steht der n\u00e4chsten Untersuchung der Kuscheltiere nichts mehr im Weg.<br \/>Ideal f\u00fcr kleine Tier\u00e4rzte f\u00fcr Rollenspiele geeignet. Das Set ist mit einem wei\u00dfen Hunde Stofftier und einer passenden Transportbox ausgestattet.<br \/>Wann geht es f\u00fcr den kleinen Hund zum Tierarzt? Die Transportbox und der kleine Hund werden von einer Tierarztausr\u00fcstung erg\u00e4nzt.<br \/>Diese beinhaltet zum Beispiel einen Blutdruckmesser, ein Stethoskop, einen Thermometer und eine Spritze.<br \/>Unser Arztkoffer ist perfekt f\u00fcr Jungen und M\u00e4dchen geeignet, die am Tierarztberuf interessiert sind. Ein ideales Geschenk f\u00fcr Kinder ab 3 Jahren.<br \/>Stundenlanger Spielspa\u00df f\u00fcr kleine Tier\u00e4rzte.<br \/>Das Set besteht aus einem niedlichen kleinen Hund mit einer tollen Transportbox. Es enth\u00e4lt verschiedene Hilfsmittel zur Behandlung Ihres Hundes.<br \/>Das Set enth\u00e4lt Stethoskop, Pulsmesser, Spritze, Schere, Thermometer und vieles mehr!<br \/>Toi Toys Dog In Transportbox &#8211; 27,6 x 21,7 x 21,3 cm.<\/p>\n<p>Inhalt:&nbsp;Pl\u00fcsch-Kuschelwelpen, Stethoskop, eine Spritze, eine Schere, ein Thermometer und mehr Tierarztbedarf.<br \/>Altersempfehlung: ab 4 Jahre<br \/>Material: Kunststoff, Pl\u00fcsch&nbsp;<br \/>Gr\u00f6\u00dfe: Box ca. 32 x 27 x 20 cm<\/p>\n<p>&nbsp;<\/p>\n<p>Achtung: Nicht f\u00fcr Kinder unter 36 Monaten geeignet wegen verschluckbarer Kleinteile, Erstickungsgefahr.<\/p>\n","protected":false},"excerpt":{"rendered":"<p>Stundenlanger Spielspa\u00df f\u00fcr kleine Tier\u00e4rzte<\/p>\n","protected":false},"featured_media":16594,"comment_status":"closed","ping_status":"open","template":"","meta":[],"product_brand":[],"product_cat":[444],"product_tag":[],"class_list":{"0":"post-16593","1":"product","2":"type-product","3":"status-publish","4":"has-post-thumbnail","6":"product_cat-arzt","8":"first","9":"instock","10":"shipping-taxable","11":"purchasable","12":"product-type-simple"},"_links":{"self":[{"href":"https:\/\/9play.de\/shop\/wp-json\/wp\/v2\/product\/16593","targetHints":{"allow":["GET"]}}],"collection":[{"href":"https:\/\/9play.de\/shop\/wp-json\/wp\/v2\/product"}],"about":[{"href":"https:\/\/9play.de\/shop\/wp-json\/wp\/v2\/types\/product"}],"replies":[{"embeddable":true,"href":"https:\/\/9play.de\/shop\/wp-json\/wp\/v2\/comments?post=16593"}],"wp:featuredmedia":[{"embeddable":true,"href":"https:\/\/9play.de\/shop\/wp-json\/wp\/v2\/media\/16594"}],"wp:attachment":[{"href":"https:\/\/9play.de\/shop\/wp-json\/wp\/v2\/media?parent=16593"}],"wp:term":[{"taxonomy":"product_brand","embeddable":true,"href":"https:\/\/9play.de\/shop\/wp-json\/wp\/v2\/product_brand?post=16593"},{"taxonomy":"product_cat","embeddable":true,"href":"https:\/\/9play.de\/shop\/wp-json\/wp\/v2\/product_cat?post=16593"},{"taxonomy":"product_tag","embeddable":true,"href":"https:\/\/9play.de\/shop\/wp-json\/wp\/v2\/product_tag?post=16593"}],"curies":[{"name":"wp","href":"https:\/\/api.w.org\/{rel}","templated":true}]}}