{"id":16603,"date":"2024-10-06T18:16:00","date_gmt":"2024-10-06T16:16:00","guid":{"rendered":"https:\/\/9play.de\/shop\/produkt\/kinder-werkzeugset-im-rucksack\/"},"modified":"2024-10-06T18:16:31","modified_gmt":"2024-10-06T16:16:31","slug":"kinder-werkzeugset-im-rucksack","status":"publish","type":"product","link":"https:\/\/9play.de\/shop\/produkt\/kinder-werkzeugset-im-rucksack\/","title":{"rendered":"Kinder Werkzeugset im Rucksack"},"content":{"rendered":"<p>Eine kleine mobile Werkstatt, versteckt in einem stabilen Hardcover-Rucksack.<br \/>Kinder sind immer neugierig auf Papas Werkzeugkiste und wollen am liebsten gleich mit anpacken!<br \/>Leider ist Papas Werkzeugkiste zu gef\u00e4hrlich f\u00fcr Sie \u2013 ein Gl\u00fcck, dass es Toi-Toys gibt. Mit all den praktischen Werkzeugen der Toi-Toys Spielzeug Linie &#8218;Power Tools&#8216; k\u00f6nnen die Kleinen direkt das n\u00e4chste Bauprojekt mit Ihren Eltern in Angriff nehmen und dieses im Handumdrehen erledigen.<br \/>M\u00f6gen eure Kleinen lieber eine Bohrmaschine, einen Hammer oder doch lieber eine S\u00e4ge? Keine Sorge Ihr m\u00fcsst euch nicht entscheiden, denn die Toi-Toys Werkzeugkoffer und Werkzeugsets bieten eine ganze Reihe an realistischen Kinderwerkzeugen von der Schleifmaschine bis hin zur Schutzbrille.<br \/>Die Werkzeugsets k\u00f6nnen die Neugierde der Kinder stillen und gleichzeitig eine volle Sicherheit beim Spielen gew\u00e4hrleisten!<br \/>Mit den Werkzeugsets von Toi-Toys werden Ihre Kinder stundenlangen Spa\u00df haben und ein sicheres, fantasievolles Spiel-Abenteuer erleben!<br \/>Authentisches Kinderwerkzeug bietet nicht nur viel Spielspa\u00df, sondern auch viele Vorteile f\u00fcr die Entwicklung Ihres Kindes.<br \/>Die Werkzeugsets sind explizit f\u00fcr die Entwicklung der kognitiven Funktionen und der hervorragenden motorischen F\u00e4higkeiten eines Kindes bestimmt. Au\u00dferdem hilft es um auf kreative Weise das L\u00f6sen von Problemen zu \u00fcben und etwas \u00fcber Werkzeuge im Allgemeinen zu lernen.<br \/>Mit realistischen Spiel-Werkzeugen k\u00f6nnen Ihre Kinder auch auf echte Werkzeuge im Erwachsenenalter vorbereitet werden und die Entwicklung einer hervorragenden Hand-Augen-Koordination und Motorik erlernen.<br \/>Also worauf wartet Ihr noch?<br \/>Auf die Baustelle, fertig los! Setzt euren Bauhelm auf, nehmt die Bohrmaschine zur Hand und schraubt alle Schrauben fest.<br \/>Ihr werdet sehen, im Handumdrehen seid Ihr die besten kleinen Schreiner und Bauarbeiter weit und breit.<br \/>So l\u00e4sst sich dieses Power Tools-Werkzeugset am besten beschreiben. Es enth\u00e4lt alles, was Sie f\u00fcr jede Arbeit brauchen.<br \/>Ob Sie nun schreinern oder s\u00e4gen wollen. Es ist machbar!<br \/>Der Koffer enth\u00e4lt nicht nur eine Axt, einen Hammer, eine S\u00e4ge, eine Handbohrmaschine, einen Schraubenzieher und einen Maulschl\u00fcssel, sondern auch einen richtigen Schraubstock und einen Bohrst\u00e4nder f\u00fcr die wirklich schweren Arbeiten.<br \/>Ein tolles 21-teiliges Set, einschlie\u00dflich Muttern und Aufbewahrungsmaterial.<\/p>\n<p>Teile: 21&nbsp;<br \/>Altersempfehlung: ab 3 Jahre<br \/>Material: Kunststoff&nbsp;<br \/>Gr\u00f6\u00dfe: ca 23x26cm<\/p>\n<p>Achtung: Benutzung unter unmittelbarer Aufsicht von Erwachsenen.<\/p>\n<p><span style=\"font-size:12.0pt\"><span style=\"font-family:Times New Roman,serif\">Achtung: Nicht f\u00fcr Kinder unter 36 Monaten geeignet wegen verschluckbarer Kleinteile, Erstickungsgefahr.<\/span><\/span><\/p>\n","protected":false},"excerpt":{"rendered":"<p>Eine kleine mobile Werkstatt, versteckt in einem stabilen Hardcover-Rucksack.<\/p>\n","protected":false},"featured_media":16604,"comment_status":"closed","ping_status":"open","template":"","meta":[],"product_brand":[],"product_cat":[457],"product_tag":[],"class_list":{"0":"post-16603","1":"product","2":"type-product","3":"status-publish","4":"has-post-thumbnail","6":"product_cat-handwerk","8":"first","9":"instock","10":"shipping-taxable","11":"purchasable","12":"product-type-simple"},"_links":{"self":[{"href":"https:\/\/9play.de\/shop\/wp-json\/wp\/v2\/product\/16603","targetHints":{"allow":["GET"]}}],"collection":[{"href":"https:\/\/9play.de\/shop\/wp-json\/wp\/v2\/product"}],"about":[{"href":"https:\/\/9play.de\/shop\/wp-json\/wp\/v2\/types\/product"}],"replies":[{"embeddable":true,"href":"https:\/\/9play.de\/shop\/wp-json\/wp\/v2\/comments?post=16603"}],"wp:featuredmedia":[{"embeddable":true,"href":"https:\/\/9play.de\/shop\/wp-json\/wp\/v2\/media\/16604"}],"wp:attachment":[{"href":"https:\/\/9play.de\/shop\/wp-json\/wp\/v2\/media?parent=16603"}],"wp:term":[{"taxonomy":"product_brand","embeddable":true,"href":"https:\/\/9play.de\/shop\/wp-json\/wp\/v2\/product_brand?post=16603"},{"taxonomy":"product_cat","embeddable":true,"href":"https:\/\/9play.de\/shop\/wp-json\/wp\/v2\/product_cat?post=16603"},{"taxonomy":"product_tag","embeddable":true,"href":"https:\/\/9play.de\/shop\/wp-json\/wp\/v2\/product_tag?post=16603"}],"curies":[{"name":"wp","href":"https:\/\/api.w.org\/{rel}","templated":true}]}}