{"id":16608,"date":"2024-10-06T18:16:00","date_gmt":"2024-10-06T16:16:00","guid":{"rendered":"https:\/\/9play.de\/shop\/produkt\/friseurset-mit-echtem-foen-im-koffer-haare-stylen\/"},"modified":"2024-10-06T18:16:34","modified_gmt":"2024-10-06T16:16:34","slug":"friseurset-mit-echtem-foen-im-koffer-haare-stylen","status":"publish","type":"product","link":"https:\/\/9play.de\/shop\/produkt\/friseurset-mit-echtem-foen-im-koffer-haare-stylen\/","title":{"rendered":"Friseurset mit echtem F\u00f6n im Koffer Haare stylen"},"content":{"rendered":"<p>In der Girlz-Hartschalentasche mit durchsichtigem Deckel sind Ihre Sachen bequem untergebracht.<br \/>Alles, was du als Friseur brauchst, um deine Kunden f\u00fcr eine coole Party sch\u00f6n zu machen. Zuerst die Haare mit dem F\u00f6hn trocknen, das funktioniert wirklich!<br \/>Dann die Haare mit der B\u00fcrste k\u00e4mmen, die Lockenwickler anbringen und w\u00e4hrenddessen die Lippen mit Lippenstift bemalen.<br \/>Nehmen Sie die Lockenwickler wieder heraus und ersetzen Sie sie durch festliche Haarnadeln mit einer Schleife.<br \/>Zum Schluss noch ein sch\u00f6ner Duft auf dem Haar und das war&#8217;s! Ihr Kunde sieht im Spiegel sehr zufrieden aus.<br \/>Das sieht toll aus!<br \/>Niedliches Friseur-Set, mit Spiegel, B\u00fcrste, Lockenwickler, Lippenstift, Parf\u00fcm, Haarklammern und F\u00f6n, der F\u00f6n l\u00e4sst sich durch eine Batterie einschalten.<\/p>\n<p>Inhalt: 10 Teile &#8211; 1 Koffer, 1 F\u00f6n, 1 Spiegel, 2 Haarspangen, 2 Haarspangen, 1 B\u00fcrste, 1 Parf\u00fcm, 1 Lippenstift mit Kappe<br \/>Altersempfehlung: ab 3&nbsp;Jahre<br \/>Material: Kunststoff&nbsp;<br \/>Gr\u00f6\u00dfe: ca. 28cm<br \/>Batterie:&nbsp;im Lieferumfang nicht enthalten<br \/>&nbsp;<\/p>\n<p><span style=\"font-size:12.0pt\"><span style=\"font-family:Times New Roman,serif\">Achtung:&nbsp;Nicht f\u00fcr Kinder unter 36 Monaten geeignet wegen verschluckbarer Kleinteile, Erstickungsgefahr.<\/span><\/span><\/p>\n<p>&nbsp;<\/p>\n<p><span style=\"font-size:12pt\"><span style=\"font-family:Times New Roman,serif\">Hinweis zur Entsorgung von Altbatterien<\/span><\/span><\/p>\n<p class=\"Textbody\" style=\"margin-bottom:8px\"><span style=\"font-size:12pt\"><span style=\"font-family:Times New Roman,serif\">Der nachfolgende Hinweis richtet sich an diejenigen, die Batterien oder Produkte mit eingebauten Batterien nutzen und in der an sie gelieferten Form nicht mehr weiterver\u00e4u\u00dfern (Endnutzer):<\/span><\/span><\/p>\n<p class=\"Textbody\" style=\"margin-bottom:8px\"><span style=\"font-size:12pt\"><span style=\"font-family:Times New Roman,serif\">1. Unentgeltliche R\u00fccknahme von Altbatterien<\/span><\/span><\/p>\n<p class=\"Textbody\" style=\"margin-bottom:8px\"><span style=\"font-size:12pt\"><span style=\"font-family:Times New Roman,serif\">Batterien d\u00fcrfen nicht \u00fcber den Hausm\u00fcll entsorgt werden. Sie sind zur R\u00fcckgabe von Altbatterien gesetzlich verpflichtet, damit eine fachgerechte Entsorgung gew\u00e4hrleistet werden kann. Sie k\u00f6nnen Altbatterien an einer kommunalen Sammelstelle oder im Handel vor Ort abgeben. Auch wir sind als Vertreiber von Batterien zur R\u00fccknahme von Altbatterien verpflichtet, wobei sich unsere R\u00fccknahmeverpflichtung auf Altbatterien der Art beschr\u00e4nkt, die wir als Neubatterien in unserem Sortiment f\u00fchren oder gef\u00fchrt haben. Altbatterien vorgenannter Art k\u00f6nnen Sie daher entweder ausreichend frankiert an uns zur\u00fccksenden oder sie direkt an unserem Versandlager unter der im Impressum genannten Adresse unentgeltlich abgeben.<\/span><\/span><\/p>\n<p class=\"Textbody\" style=\"margin-bottom:8px\"><span style=\"font-size:12pt\"><span style=\"font-family:Times New Roman,serif\">2. Bedeutung der Batteriesymbole<\/span><\/span><\/p>\n<p><span style=\"font-size:12.0pt\"><span style=\"font-family:Times New Roman,serif\">Batterien sind mit dem Symbol einer durchgekreuzten M\u00fclltonne gekennzeichnet. Dieses Symbol weist darauf hin, dass Batterien nicht in den Hausm\u00fcll gegeben werden d\u00fcrfen. Bei Batterien, die mehr als 0,0005 Masseprozent Quecksilber, mehr als 0,002 Masseprozent Cadmium oder mehr als 0,004 Masseprozent Blei enthalten, befindet sich unter dem M\u00fclltonnen-Symbol die chemische Bezeichnung des jeweils eingesetzten Schadstoffes \u2013 dabei steht &#8222;Cd&#8220; f\u00fcr Cadmium, &#8222;Pb&#8220; steht f\u00fcr Blei, und &#8222;Hg&#8220; f\u00fcr Quecksilber.<\/span><\/span><\/p>\n","protected":false},"excerpt":{"rendered":"<p>Niedliches Friseur-Set, mit Spiegel, B\u00fcrste, Lockenwickler, Lippenstift, Parf\u00fcm, Haarklammern und F\u00f6n<\/p>\n","protected":false},"featured_media":16609,"comment_status":"closed","ping_status":"open","template":"","meta":[],"product_brand":[],"product_cat":[442],"product_tag":[],"class_list":{"0":"post-16608","1":"product","2":"type-product","3":"status-publish","4":"has-post-thumbnail","6":"product_cat-rollenspielzeug","8":"first","9":"instock","10":"shipping-taxable","11":"purchasable","12":"product-type-simple"},"_links":{"self":[{"href":"https:\/\/9play.de\/shop\/wp-json\/wp\/v2\/product\/16608","targetHints":{"allow":["GET"]}}],"collection":[{"href":"https:\/\/9play.de\/shop\/wp-json\/wp\/v2\/product"}],"about":[{"href":"https:\/\/9play.de\/shop\/wp-json\/wp\/v2\/types\/product"}],"replies":[{"embeddable":true,"href":"https:\/\/9play.de\/shop\/wp-json\/wp\/v2\/comments?post=16608"}],"wp:featuredmedia":[{"embeddable":true,"href":"https:\/\/9play.de\/shop\/wp-json\/wp\/v2\/media\/16609"}],"wp:attachment":[{"href":"https:\/\/9play.de\/shop\/wp-json\/wp\/v2\/media?parent=16608"}],"wp:term":[{"taxonomy":"product_brand","embeddable":true,"href":"https:\/\/9play.de\/shop\/wp-json\/wp\/v2\/product_brand?post=16608"},{"taxonomy":"product_cat","embeddable":true,"href":"https:\/\/9play.de\/shop\/wp-json\/wp\/v2\/product_cat?post=16608"},{"taxonomy":"product_tag","embeddable":true,"href":"https:\/\/9play.de\/shop\/wp-json\/wp\/v2\/product_tag?post=16608"}],"curies":[{"name":"wp","href":"https:\/\/api.w.org\/{rel}","templated":true}]}}