{"id":16613,"date":"2024-10-06T18:16:00","date_gmt":"2024-10-06T16:16:00","guid":{"rendered":"https:\/\/9play.de\/shop\/produkt\/friseur-set-rosa-friseur-guertel-mit-echtem-foen\/"},"modified":"2024-10-06T18:16:37","modified_gmt":"2024-10-06T16:16:37","slug":"friseur-set-rosa-friseur-guertel-mit-echtem-foen","status":"publish","type":"product","link":"https:\/\/9play.de\/shop\/produkt\/friseur-set-rosa-friseur-guertel-mit-echtem-foen\/","title":{"rendered":"Friseur Set Rosa Friseur-G\u00fcrtel mit echtem F\u00f6n"},"content":{"rendered":"<p>Im H\u00fcftgurt, der sich mit einem Klick um die Taille legen l\u00e4sst, haben Sie B\u00fcrste, Schere, Effilierschere und Kamm immer griffbereit. So haben Sie die H\u00e4nde frei, um eine sch\u00f6ne Frisur zu kreieren.<br \/>Zuerst die Haare mit der Spr\u00fchdose nass spr\u00fchen. Dann die Haare ordentlich abschneiden und schlie\u00dflich mit dem F\u00f6hn trocken f\u00f6hnen, das funktioniert wirklich.<br \/>Wow! Das sieht gut aus, Friseur.<br \/>Als kr\u00f6nenden Abschluss stecken Sie die 2 Haarspangen auf, die ebenfalls in diesem 9-teiligen Friseurset enthalten sind, und Ihr Kunde verl\u00e4sst zufrieden den Friseursalon.<br \/>Mit diesem Friseurset sind Sie ein echter Friseur.<br \/>H\u00e4ngen Sie sich den G\u00fcrtel um die Taille und das Schneiden kann beginnen! Fixieren Sie die Haarstr\u00e4hnen mit der Schere, damit Sie die Haare Schicht f\u00fcr Schicht gut schneiden k\u00f6nnen.<br \/>Wenn Sie mit dem Schneiden fertig sind, k\u00f6nnen Sie Ihr Haar f\u00f6hnen.<br \/>Inhalt: Bauchtasche, Schere, Kamm, B\u00fcrste, F\u00f6n,&nbsp;Haarspangen und Haarpflege. &nbsp;Aus Kunststoff und Nylon.<br \/>Der F\u00f6n l\u00e4sst sich durch eine Batterie einschalten.<\/p>\n<p>H\u00fcftma\u00df auf maximal ca. 85 cm einstellbar.<br \/>Batterien sind nicht enthalten.<\/p>\n<p>Inhalt: 9 Teile &#8211; 1 Bauchtasche, 2 Schere, 2 Haarspangen, 1 Kamm, 1 B\u00fcrste, 1 F\u00f6n,&nbsp;1 Haarpflege.&nbsp;<br \/>Altersempfehlung: ab 3 Jahre<br \/>H\u00fcftma\u00df auf maximal ca. 85 cm einstellbar.<br \/>Material: Kunststoff und Nylon.<br \/>Batterie: (1x&nbsp;R6 AA)&nbsp;im Lieferumfang nicht enthalten<\/p>\n<p><span style=\"font-size:12pt\"><span style=\"font-family:Times New Roman,serif\">Achtung:&nbsp;Nicht f\u00fcr Kinder unter 36 Monaten geeignet wegen verschluckbarer Kleinteile, Erstickungsgefahr.<\/p>\n<p>Hinweis zur Entsorgung von Altbatterien<\/span><\/span><\/p>\n<p class=\"Textbody\" style=\"margin-bottom:8px\"><span style=\"font-size:12pt\"><span style=\"font-family:Times New Roman,serif\">Der nachfolgende Hinweis richtet sich an diejenigen, die Batterien oder Produkte mit eingebauten Batterien nutzen und in der an sie gelieferten Form nicht mehr weiterver\u00e4u\u00dfern (Endnutzer):<\/span><\/span><\/p>\n<p class=\"Textbody\" style=\"margin-bottom:8px\"><span style=\"font-size:12pt\"><span style=\"font-family:Times New Roman,serif\">1. Unentgeltliche R\u00fccknahme von Altbatterien<\/span><\/span><\/p>\n<p class=\"Textbody\" style=\"margin-bottom:8px\"><span style=\"font-size:12pt\"><span style=\"font-family:Times New Roman,serif\">Batterien d\u00fcrfen nicht \u00fcber den Hausm\u00fcll entsorgt werden. Sie sind zur R\u00fcckgabe von Altbatterien gesetzlich verpflichtet, damit eine fachgerechte Entsorgung gew\u00e4hrleistet werden kann. Sie k\u00f6nnen Altbatterien an einer kommunalen Sammelstelle oder im Handel vor Ort abgeben. Auch wir sind als Vertreiber von Batterien zur R\u00fccknahme von Altbatterien verpflichtet, wobei sich unsere R\u00fccknahmeverpflichtung auf Altbatterien der Art beschr\u00e4nkt, die wir als Neubatterien in unserem Sortiment f\u00fchren oder gef\u00fchrt haben. Altbatterien vorgenannter Art k\u00f6nnen Sie daher entweder ausreichend frankiert an uns zur\u00fccksenden oder sie direkt an unserem Versandlager unter der im Impressum genannten Adresse unentgeltlich abgeben.<\/span><\/span><\/p>\n<p class=\"Textbody\" style=\"margin-bottom:8px\"><span style=\"font-size:12pt\"><span style=\"font-family:Times New Roman,serif\">2. Bedeutung der Batteriesymbole<\/span><\/span><\/p>\n<p><span style=\"font-size:12.0pt\"><span style=\"font-family:Times New Roman,serif\">Batterien sind mit dem Symbol einer durchgekreuzten M\u00fclltonne gekennzeichnet. Dieses Symbol weist darauf hin, dass Batterien nicht in den Hausm\u00fcll gegeben werden d\u00fcrfen. Bei Batterien, die mehr als 0,0005 Masseprozent Quecksilber, mehr als 0,002 Masseprozent Cadmium oder mehr als 0,004 Masseprozent Blei enthalten, befindet sich unter dem M\u00fclltonnen-Symbol die chemische Bezeichnung des jeweils eingesetzten Schadstoffes \u2013 dabei steht &#8222;Cd&#8220; f\u00fcr Cadmium, &#8222;Pb&#8220; steht f\u00fcr Blei, und &#8222;Hg&#8220; f\u00fcr Quecksilber.<\/span><\/span><\/p>\n","protected":false},"excerpt":{"rendered":"<p>Mit diesem Friseurset sind Sie ein echter Friseur.<\/p>\n","protected":false},"featured_media":16614,"comment_status":"closed","ping_status":"open","template":"","meta":[],"product_brand":[],"product_cat":[442],"product_tag":[],"class_list":{"0":"post-16613","1":"product","2":"type-product","3":"status-publish","4":"has-post-thumbnail","6":"product_cat-rollenspielzeug","8":"first","9":"instock","10":"shipping-taxable","11":"purchasable","12":"product-type-simple"},"_links":{"self":[{"href":"https:\/\/9play.de\/shop\/wp-json\/wp\/v2\/product\/16613","targetHints":{"allow":["GET"]}}],"collection":[{"href":"https:\/\/9play.de\/shop\/wp-json\/wp\/v2\/product"}],"about":[{"href":"https:\/\/9play.de\/shop\/wp-json\/wp\/v2\/types\/product"}],"replies":[{"embeddable":true,"href":"https:\/\/9play.de\/shop\/wp-json\/wp\/v2\/comments?post=16613"}],"wp:featuredmedia":[{"embeddable":true,"href":"https:\/\/9play.de\/shop\/wp-json\/wp\/v2\/media\/16614"}],"wp:attachment":[{"href":"https:\/\/9play.de\/shop\/wp-json\/wp\/v2\/media?parent=16613"}],"wp:term":[{"taxonomy":"product_brand","embeddable":true,"href":"https:\/\/9play.de\/shop\/wp-json\/wp\/v2\/product_brand?post=16613"},{"taxonomy":"product_cat","embeddable":true,"href":"https:\/\/9play.de\/shop\/wp-json\/wp\/v2\/product_cat?post=16613"},{"taxonomy":"product_tag","embeddable":true,"href":"https:\/\/9play.de\/shop\/wp-json\/wp\/v2\/product_tag?post=16613"}],"curies":[{"name":"wp","href":"https:\/\/api.w.org\/{rel}","templated":true}]}}