{"id":16619,"date":"2024-10-06T18:16:00","date_gmt":"2024-10-06T16:16:00","guid":{"rendered":"https:\/\/9play.de\/shop\/produkt\/kinder-gartengeraete-im-aufbewahrungskoffer\/"},"modified":"2024-10-06T18:16:40","modified_gmt":"2024-10-06T16:16:40","slug":"kinder-gartengeraete-im-aufbewahrungskoffer","status":"publish","type":"product","link":"https:\/\/9play.de\/shop\/produkt\/kinder-gartengeraete-im-aufbewahrungskoffer\/","title":{"rendered":"Kinder Gartenger\u00e4te im Aufbewahrungskoffer"},"content":{"rendered":"<p>Dieser Power Tools-Koffer ist vollgepackt mit Werkzeugen zum Harken, Beschneiden und Pflanzen Ihres Gartens.<br \/>Hier ist alles drin, damit Ihr Gartenprojekt ein Erfolg wird.<br \/>Der praktische, abschlie\u00dfbare Koffer enth\u00e4lt nicht nur verschiedene Harken, sondern auch eine Schaufel und eine Baumschere. Ein gro\u00dfartiges 7-teiliges Set, das f\u00fcr Sie als G\u00e4rtner sehr n\u00fctzlich sein wird.<br \/>Die Gartenger\u00e4te sind speziell f\u00fcr Kinder gemacht. Aus Plastik hergestellt.<br \/>Sie erhalten Gartenwerkzeuge bestehend aus Rechen, Hacke, Harken, Schaufel und Gartenschere in einem Koffer zum verstauen.<\/p>\n<p>Geeignet f\u00fcr Kinder von 3 bis 6 Jahren.<\/p>\n<p>Altersempfehlung: ab 3 Jahre<br \/>Material: Kunststoff&nbsp;<\/p>\n<p>Achtung: Benutzung unter unmittelbarer Aufsicht von Erwachsenen.<br \/><span style=\"font-size:12.0pt\"><span style=\"font-family:Times New Roman,serif\">Achtung:&nbsp;Nicht f\u00fcr Kinder unter 36 Monaten geeignet wegen verschluckbarer Kleinteile, Erstickungsgefahr.<\/span><\/span><\/p>\n","protected":false},"excerpt":{"rendered":"<p>Die Gartenger\u00e4te sind speziell f\u00fcr Kinder gemacht.<\/p>\n","protected":false},"featured_media":16620,"comment_status":"closed","ping_status":"open","template":"","meta":[],"product_brand":[],"product_cat":[504],"product_tag":[],"class_list":{"0":"post-16619","1":"product","2":"type-product","3":"status-publish","4":"has-post-thumbnail","6":"product_cat-spiele-im-freien","8":"first","9":"instock","10":"shipping-taxable","11":"purchasable","12":"product-type-simple"},"_links":{"self":[{"href":"https:\/\/9play.de\/shop\/wp-json\/wp\/v2\/product\/16619","targetHints":{"allow":["GET"]}}],"collection":[{"href":"https:\/\/9play.de\/shop\/wp-json\/wp\/v2\/product"}],"about":[{"href":"https:\/\/9play.de\/shop\/wp-json\/wp\/v2\/types\/product"}],"replies":[{"embeddable":true,"href":"https:\/\/9play.de\/shop\/wp-json\/wp\/v2\/comments?post=16619"}],"wp:featuredmedia":[{"embeddable":true,"href":"https:\/\/9play.de\/shop\/wp-json\/wp\/v2\/media\/16620"}],"wp:attachment":[{"href":"https:\/\/9play.de\/shop\/wp-json\/wp\/v2\/media?parent=16619"}],"wp:term":[{"taxonomy":"product_brand","embeddable":true,"href":"https:\/\/9play.de\/shop\/wp-json\/wp\/v2\/product_brand?post=16619"},{"taxonomy":"product_cat","embeddable":true,"href":"https:\/\/9play.de\/shop\/wp-json\/wp\/v2\/product_cat?post=16619"},{"taxonomy":"product_tag","embeddable":true,"href":"https:\/\/9play.de\/shop\/wp-json\/wp\/v2\/product_tag?post=16619"}],"curies":[{"name":"wp","href":"https:\/\/api.w.org\/{rel}","templated":true}]}}