{"id":16624,"date":"2024-10-06T18:16:00","date_gmt":"2024-10-06T16:16:00","guid":{"rendered":"https:\/\/9play.de\/shop\/produkt\/beauty-hunde-salon-im-koffer-tier-friseur-toi-toys\/"},"modified":"2024-10-06T18:16:43","modified_gmt":"2024-10-06T16:16:43","slug":"beauty-hunde-salon-im-koffer-tier-friseur-toi-toys","status":"publish","type":"product","link":"https:\/\/9play.de\/shop\/produkt\/beauty-hunde-salon-im-koffer-tier-friseur-toi-toys\/","title":{"rendered":"Beauty Hunde Salon im Koffer Tier-Friseur Toi-Toys"},"content":{"rendered":"<p>Die 5 Hunde in diesem niedlichen Koffer an einem Schl\u00fcsselband warten darauf, dass du sie verw\u00f6hnst.<br \/>Wie ein echter Hundefris\u00f6r bringst du die kleinen Vierbeiner zum Strahlen, damit sie nach der Ausstellung mit einem Preis nach Hause gehen.<br \/>N\u00e4gel schneiden, striegeln, f\u00f6hnen, das ist alles m\u00f6glich. In dem gro\u00dfen Spiegel kann man sie von allen Seiten betrachten und nach der Pflege ruhen sie bequem in einem Korb oder einer Kiste.<br \/>Das gesamte Zubeh\u00f6r kann in der Umh\u00e4ngetasche verstaut werden, so dass man es \u00fcberallhin mitnehmen kann.<br \/>Hunde Salon Set eignet sich gut f\u00fcr Rollenspiele. Inklusive viel Tierpflegezubeh\u00f6r und 5 s\u00fc\u00dfe Hunde.<br \/>Das Kind lernt beim Spielen Haustierpflege und medizinisches Wissen. Kommt mit 5 Hunden, Schere, F\u00f6n, Kamm und vielem mehr.<br \/>Das ganze in einem niedlichem Koffer zum mitnehmen und vertauen.<br \/>Das Kind kann lernen, sich um die Haustiere zu k\u00fcmmern und sie zu pflegen. Durch die Pflege von Haustieren k\u00f6nnen Kinder lernen, sich um andere zu k\u00fcmmern und inspiriert auch die Empathie und Liebe der Kinder.<br \/>Toll als Geburtstags- Weihnachts oder anderes Festgeschenk f\u00fcr Kinder.<\/p>\n<p>Altersempfehlung: ab 3 Jahre<br \/>Material: Kunststoff&nbsp;<br \/><span style=\"font-size:12.0pt\"><span style=\"font-family:Times New Roman,serif\">Koffergr\u00f6\u00dfe: 20x19x8,5 cm<\/span><\/span><\/p>\n<p><span style=\"font-size:12.0pt\"><span style=\"font-family:Times New Roman,serif\">Achtung! Nicht f\u00fcr Kinder unter 36 Monaten geeignet wegen verschluckbarer Kleinteile, Erstickungsgefahr.<\/span><\/span><\/p>\n","protected":false},"excerpt":{"rendered":"<p>Hunde Salon Set eignet sich gut f\u00fcr Rollenspiele.<\/p>\n","protected":false},"featured_media":16625,"comment_status":"closed","ping_status":"open","template":"","meta":[],"product_brand":[],"product_cat":[442],"product_tag":[],"class_list":{"0":"post-16624","1":"product","2":"type-product","3":"status-publish","4":"has-post-thumbnail","6":"product_cat-rollenspielzeug","8":"first","9":"instock","10":"shipping-taxable","11":"purchasable","12":"product-type-simple"},"_links":{"self":[{"href":"https:\/\/9play.de\/shop\/wp-json\/wp\/v2\/product\/16624","targetHints":{"allow":["GET"]}}],"collection":[{"href":"https:\/\/9play.de\/shop\/wp-json\/wp\/v2\/product"}],"about":[{"href":"https:\/\/9play.de\/shop\/wp-json\/wp\/v2\/types\/product"}],"replies":[{"embeddable":true,"href":"https:\/\/9play.de\/shop\/wp-json\/wp\/v2\/comments?post=16624"}],"wp:featuredmedia":[{"embeddable":true,"href":"https:\/\/9play.de\/shop\/wp-json\/wp\/v2\/media\/16625"}],"wp:attachment":[{"href":"https:\/\/9play.de\/shop\/wp-json\/wp\/v2\/media?parent=16624"}],"wp:term":[{"taxonomy":"product_brand","embeddable":true,"href":"https:\/\/9play.de\/shop\/wp-json\/wp\/v2\/product_brand?post=16624"},{"taxonomy":"product_cat","embeddable":true,"href":"https:\/\/9play.de\/shop\/wp-json\/wp\/v2\/product_cat?post=16624"},{"taxonomy":"product_tag","embeddable":true,"href":"https:\/\/9play.de\/shop\/wp-json\/wp\/v2\/product_tag?post=16624"}],"curies":[{"name":"wp","href":"https:\/\/api.w.org\/{rel}","templated":true}]}}