{"id":16634,"date":"2024-10-06T18:16:48","date_gmt":"2024-10-06T16:16:48","guid":{"rendered":"https:\/\/9play.de\/shop\/produkt\/einhorn-spielfigur-mit-beweglichen-fluegeln-und-kopf\/"},"modified":"2024-10-06T18:16:52","modified_gmt":"2024-10-06T16:16:52","slug":"einhorn-spielfigur-mit-beweglichen-fluegeln-und-kopf","status":"publish","type":"product","link":"https:\/\/9play.de\/shop\/produkt\/einhorn-spielfigur-mit-beweglichen-fluegeln-und-kopf\/","title":{"rendered":"Einhorn Spielfigur mit beweglichen Fl\u00fcgeln und Kopf"},"content":{"rendered":"<p>Was f\u00fcr ein sch\u00f6nes, wei\u00dfes Einhorn!<br \/>Breite die Fl\u00fcgel aus und lass es fliegen. Es nickt zustimmend mit dem Kopf ihres Pferdes auf und ab.<br \/>F\u00fchlt sich so frei wie ein Vogel odere eher wie ein Einhorn nat\u00fcrlich.<br \/>Wenn Sie den QR-Code auf der Verpackung scannen, k\u00f6nnen Sie eine sch\u00f6ne Traumpferd-Malseite und ein fr\u00f6hliches Poster des Toi-Toys-Einhorns herunterladen!<\/p>\n<p><span style=\"font-size:12.0pt\"><span style=\"font-family:Times New Roman,serif\">Altersempfehlung: Ab 3 Jahre<br \/>Gr\u00f6\u00dfe: ca. 23x19x7cm<br \/>Material: Kunststoff&nbsp;<br \/>Verpackung: 23 x 19 x 7 cm<\/span><\/span><\/p>\n<p>Achtung: Nicht f\u00fcr Kinder unter 36 Monaten geeignet wegen verschluckbarer Kleinteile, Erstickungsgefahr.<\/p>\n","protected":false},"excerpt":{"rendered":"<p>Was f\u00fcr eine Sch\u00f6nheit! Dein Einhort mit beweglichen Fl\u00fcgeln.<\/p>\n","protected":false},"featured_media":16635,"comment_status":"closed","ping_status":"open","template":"","meta":[],"product_brand":[],"product_cat":[517],"product_tag":[],"class_list":{"0":"post-16634","1":"product","2":"type-product","3":"status-publish","4":"has-post-thumbnail","6":"product_cat-einhoerner","8":"first","9":"instock","10":"shipping-taxable","11":"purchasable","12":"product-type-simple"},"_links":{"self":[{"href":"https:\/\/9play.de\/shop\/wp-json\/wp\/v2\/product\/16634","targetHints":{"allow":["GET"]}}],"collection":[{"href":"https:\/\/9play.de\/shop\/wp-json\/wp\/v2\/product"}],"about":[{"href":"https:\/\/9play.de\/shop\/wp-json\/wp\/v2\/types\/product"}],"replies":[{"embeddable":true,"href":"https:\/\/9play.de\/shop\/wp-json\/wp\/v2\/comments?post=16634"}],"wp:featuredmedia":[{"embeddable":true,"href":"https:\/\/9play.de\/shop\/wp-json\/wp\/v2\/media\/16635"}],"wp:attachment":[{"href":"https:\/\/9play.de\/shop\/wp-json\/wp\/v2\/media?parent=16634"}],"wp:term":[{"taxonomy":"product_brand","embeddable":true,"href":"https:\/\/9play.de\/shop\/wp-json\/wp\/v2\/product_brand?post=16634"},{"taxonomy":"product_cat","embeddable":true,"href":"https:\/\/9play.de\/shop\/wp-json\/wp\/v2\/product_cat?post=16634"},{"taxonomy":"product_tag","embeddable":true,"href":"https:\/\/9play.de\/shop\/wp-json\/wp\/v2\/product_tag?post=16634"}],"curies":[{"name":"wp","href":"https:\/\/api.w.org\/{rel}","templated":true}]}}