{"id":16649,"date":"2024-10-06T18:16:48","date_gmt":"2024-10-06T16:16:48","guid":{"rendered":"https:\/\/9play.de\/shop\/produkt\/xxl-militaer-set-mit-panzer-hubschrauber-und-spielfigur\/"},"modified":"2024-10-06T18:17:01","modified_gmt":"2024-10-06T16:17:01","slug":"xxl-militaer-set-mit-panzer-hubschrauber-und-spielfigur","status":"publish","type":"product","link":"https:\/\/9play.de\/shop\/produkt\/xxl-militaer-set-mit-panzer-hubschrauber-und-spielfigur\/","title":{"rendered":"XXL Milit\u00e4r-Set mit Panzer, Hubschrauber und Spielfigur"},"content":{"rendered":"<p>Robustes, milit\u00e4risches Spielset aus der Alfafox-Kollektion, bestehend aus einem Spielzeugauto, einem Armeehubschrauber, dessen Rotorbl\u00e4tter sich drehen k\u00f6nnen und der sogar Munition abfeuern kann, einer Spielfigur und verschiedenen Waffen.<br \/>Rollenspielzeug f\u00fcr echte Helden.<\/p>\n<p>Inhalt: 6+&nbsp;Teile<br \/>Altersempfehlung: ab 3 Jahre<br \/>Material: Kunststoff&nbsp;<br \/>Gr\u00f6\u00dfe: Wagen ca. 34x18x13cm; Hubschrauber ca. 28x18x8 cm<\/p>\n<p><span style=\"font-size:12.0pt\"><span style=\"font-family:Times New Roman,serif\">Achtung! Nicht f\u00fcr Kinder unter 36 Monaten geeignet wegen verschluckbarer Kleinteile, Erstickungsgefahr.<\/span><\/span><\/p>\n","protected":false},"excerpt":{"rendered":"<p>Robustes, milit\u00e4risches Spielset aus der Alfafox-Kollektion.<\/p>\n","protected":false},"featured_media":16650,"comment_status":"closed","ping_status":"open","template":"","meta":[],"product_brand":[],"product_cat":[466],"product_tag":[],"class_list":{"0":"post-16649","1":"product","2":"type-product","3":"status-publish","4":"has-post-thumbnail","6":"product_cat-dienstfahrzeuge","8":"first","9":"instock","10":"shipping-taxable","11":"purchasable","12":"product-type-simple"},"_links":{"self":[{"href":"https:\/\/9play.de\/shop\/wp-json\/wp\/v2\/product\/16649","targetHints":{"allow":["GET"]}}],"collection":[{"href":"https:\/\/9play.de\/shop\/wp-json\/wp\/v2\/product"}],"about":[{"href":"https:\/\/9play.de\/shop\/wp-json\/wp\/v2\/types\/product"}],"replies":[{"embeddable":true,"href":"https:\/\/9play.de\/shop\/wp-json\/wp\/v2\/comments?post=16649"}],"wp:featuredmedia":[{"embeddable":true,"href":"https:\/\/9play.de\/shop\/wp-json\/wp\/v2\/media\/16650"}],"wp:attachment":[{"href":"https:\/\/9play.de\/shop\/wp-json\/wp\/v2\/media?parent=16649"}],"wp:term":[{"taxonomy":"product_brand","embeddable":true,"href":"https:\/\/9play.de\/shop\/wp-json\/wp\/v2\/product_brand?post=16649"},{"taxonomy":"product_cat","embeddable":true,"href":"https:\/\/9play.de\/shop\/wp-json\/wp\/v2\/product_cat?post=16649"},{"taxonomy":"product_tag","embeddable":true,"href":"https:\/\/9play.de\/shop\/wp-json\/wp\/v2\/product_tag?post=16649"}],"curies":[{"name":"wp","href":"https:\/\/api.w.org\/{rel}","templated":true}]}}