{"id":16654,"date":"2024-10-06T18:16:48","date_gmt":"2024-10-06T16:16:48","guid":{"rendered":"https:\/\/9play.de\/shop\/produkt\/spielset-militaer-toi-toys-mit-3-soldaten-und-zubehoer\/"},"modified":"2024-10-06T18:17:04","modified_gmt":"2024-10-06T16:17:04","slug":"spielset-militaer-toi-toys-mit-3-soldaten-und-zubehoer","status":"publish","type":"product","link":"https:\/\/9play.de\/shop\/produkt\/spielset-militaer-toi-toys-mit-3-soldaten-und-zubehoer\/","title":{"rendered":"Spielset Milit\u00e4r Toi-toys mit 3 Soldaten und Zubeh\u00f6r"},"content":{"rendered":"<p>Die 3 Soldaten haben viele verschiedene Waffen zur Verf\u00fcgung!<br \/>Bereit, sich zu verteidigen oder Zivilisten zu sch\u00fctzen, sobald sich der Feind n\u00e4hert.. Auf welcher Mission befinden sich deine Spielsteine aus diesem Alfafox-Spielset?<\/p>\n<p>Inhalt: 3 Soldaten, 10 Waffen, 2 Koffer, 1 Computer, 1 Kettens\u00e4ge, 1 Schild, 1 Satellit<br \/>Altersempfehlung: ab 3 Jahre<br \/>Material: Kunststoff&nbsp;<br \/>Gr\u00f6\u00dfe:&nbsp;Soldat ca. 10 cm<br \/>Verpackung: 35x25x4,5cm<\/p>\n<p>&nbsp;<\/p>\n<p>Achtung: Nicht f\u00fcr Kinder unter 36 Monaten geeignet wegen verschluckbarer Kleinteile, Erstickungsgefahr.<\/p>\n","protected":false},"excerpt":{"rendered":"<p>Die 3 Soldaten haben viele verschiedene Waffen zur Verf\u00fcgung.<\/p>\n","protected":false},"featured_media":16655,"comment_status":"closed","ping_status":"open","template":"","meta":[],"product_brand":[],"product_cat":[476],"product_tag":[],"class_list":{"0":"post-16654","1":"product","2":"type-product","3":"status-publish","4":"has-post-thumbnail","6":"product_cat-polizei-detektiv","8":"first","9":"instock","10":"shipping-taxable","11":"purchasable","12":"product-type-simple"},"_links":{"self":[{"href":"https:\/\/9play.de\/shop\/wp-json\/wp\/v2\/product\/16654","targetHints":{"allow":["GET"]}}],"collection":[{"href":"https:\/\/9play.de\/shop\/wp-json\/wp\/v2\/product"}],"about":[{"href":"https:\/\/9play.de\/shop\/wp-json\/wp\/v2\/types\/product"}],"replies":[{"embeddable":true,"href":"https:\/\/9play.de\/shop\/wp-json\/wp\/v2\/comments?post=16654"}],"wp:featuredmedia":[{"embeddable":true,"href":"https:\/\/9play.de\/shop\/wp-json\/wp\/v2\/media\/16655"}],"wp:attachment":[{"href":"https:\/\/9play.de\/shop\/wp-json\/wp\/v2\/media?parent=16654"}],"wp:term":[{"taxonomy":"product_brand","embeddable":true,"href":"https:\/\/9play.de\/shop\/wp-json\/wp\/v2\/product_brand?post=16654"},{"taxonomy":"product_cat","embeddable":true,"href":"https:\/\/9play.de\/shop\/wp-json\/wp\/v2\/product_cat?post=16654"},{"taxonomy":"product_tag","embeddable":true,"href":"https:\/\/9play.de\/shop\/wp-json\/wp\/v2\/product_tag?post=16654"}],"curies":[{"name":"wp","href":"https:\/\/api.w.org\/{rel}","templated":true}]}}