{"id":16669,"date":"2024-10-06T18:16:48","date_gmt":"2024-10-06T16:16:48","guid":{"rendered":"https:\/\/9play.de\/shop\/produkt\/flugzeug-set-aus-8-farbigen-flugzeugen\/"},"modified":"2024-10-06T18:17:13","modified_gmt":"2024-10-06T16:17:13","slug":"flugzeug-set-aus-8-farbigen-flugzeugen","status":"publish","type":"product","link":"https:\/\/9play.de\/shop\/produkt\/flugzeug-set-aus-8-farbigen-flugzeugen\/","title":{"rendered":"Flugzeug &#8211; Set aus 8 farbigen Flugzeugen"},"content":{"rendered":"<p>Super lustiges Set mit 8 verschiedenen Metallflugzeugen aus der Produktlinie Planes and Helicopters.<br \/>Vom Passagierflugzeug \u00fcber den Kampfjet bis zum Sportflugzeug.<br \/>Farbenfroh, kompakt und robust.<br \/>In diesem sch\u00f6nen Blumenkasten, sch\u00f6n f\u00fcr jeden Flugzeugliebhaber.<\/p>\n<p>Inhalt: 8 Flugzeuge&nbsp;<br \/>Altersempfehlung: ab 3 Jahre<br \/>Material: Metall&nbsp;<br \/>Verpackung:&nbsp;27,5 x 22 x 3 cm<br \/>Flugzeugma\u00dfe: ca. 7x5x2 cm<\/p>\n<p><span style=\"font-size:12.0pt\"><span style=\"font-family:Times New Roman,serif\">Achtung:&nbsp;Nicht f\u00fcr Kinder unter 36 Monaten geeignet wegen verschluckbarer Kleinteile, Erstickungsgefahr.<\/span><\/span><\/p>\n","protected":false},"excerpt":{"rendered":"<p>Super lustiges Set mit 8 verschiedenen Metallflugzeugen aus der Produktlinie Planes and Helicopters.<\/p>\n","protected":false},"featured_media":16670,"comment_status":"closed","ping_status":"open","template":"","meta":[],"product_brand":[],"product_cat":[478],"product_tag":[],"class_list":{"0":"post-16669","1":"product","2":"type-product","3":"status-publish","4":"has-post-thumbnail","6":"product_cat-flugzeuge","8":"first","9":"instock","10":"shipping-taxable","11":"purchasable","12":"product-type-simple"},"_links":{"self":[{"href":"https:\/\/9play.de\/shop\/wp-json\/wp\/v2\/product\/16669","targetHints":{"allow":["GET"]}}],"collection":[{"href":"https:\/\/9play.de\/shop\/wp-json\/wp\/v2\/product"}],"about":[{"href":"https:\/\/9play.de\/shop\/wp-json\/wp\/v2\/types\/product"}],"replies":[{"embeddable":true,"href":"https:\/\/9play.de\/shop\/wp-json\/wp\/v2\/comments?post=16669"}],"wp:featuredmedia":[{"embeddable":true,"href":"https:\/\/9play.de\/shop\/wp-json\/wp\/v2\/media\/16670"}],"wp:attachment":[{"href":"https:\/\/9play.de\/shop\/wp-json\/wp\/v2\/media?parent=16669"}],"wp:term":[{"taxonomy":"product_brand","embeddable":true,"href":"https:\/\/9play.de\/shop\/wp-json\/wp\/v2\/product_brand?post=16669"},{"taxonomy":"product_cat","embeddable":true,"href":"https:\/\/9play.de\/shop\/wp-json\/wp\/v2\/product_cat?post=16669"},{"taxonomy":"product_tag","embeddable":true,"href":"https:\/\/9play.de\/shop\/wp-json\/wp\/v2\/product_tag?post=16669"}],"curies":[{"name":"wp","href":"https:\/\/api.w.org\/{rel}","templated":true}]}}