{"id":16689,"date":"2024-10-06T18:16:48","date_gmt":"2024-10-06T16:16:48","guid":{"rendered":"https:\/\/9play.de\/shop\/produkt\/einhorn-pistole-mit-schaumstoffbaellen\/"},"modified":"2024-10-06T18:17:21","modified_gmt":"2024-10-06T16:17:21","slug":"einhorn-pistole-mit-schaumstoffbaellen","status":"publish","type":"product","link":"https:\/\/9play.de\/shop\/produkt\/einhorn-pistole-mit-schaumstoffbaellen\/","title":{"rendered":"Einhorn Pistole mit Schaumstoffb\u00e4llen"},"content":{"rendered":"<p>So lustig, dieses Tier, das B\u00e4lle schie\u00dft. Und dann auch noch ein Einhorn aus der Produktlinie Dream Horse.<br \/>Schiebe die 6 Schaumstoffkugeln durch das Maul hinein. Dann schieben Sie den vorderen Teil des K\u00f6rpers erst nach vorne und dann schnell nach hinten.<br \/>Nach jeder Bewegung plumpst ein Ball aufgrund des Luftdrucks wieder heraus.<br \/>Schie\u00dft sie abwechselnd mit einem leisen Plopp-Ger\u00e4usch weg und findet sie dann schnell wieder zusammen, um eine weitere Runde Ballpopping zu spielen.<br \/>Ach ja, wenn du den QR-Code auf der Verpackung scannst, kannst du eine lustige Dream Horse-Malvorlage und ein fr\u00f6hliches Poster des schelmischen Toi-Toys Einhorns herunterladen!<br \/>Wenn du nach Kinderpistolen suchst, dann bist du bei uns genau richtig.<br \/>Du suchst eine Kinderpistole f\u00fcr einen Kinderkost\u00fcm? Dann erg\u00e4nze dein Einhornkost\u00fcm mit dieser Pistole !<\/p>\n<p>Altersempfehlung: ab 3 Jahre<br \/>Material: Kunststoff&nbsp;<br \/>Gr\u00f6\u00dfe: 35x16x8 cm<\/p>\n<p><span style=\"font-size:12.0pt\"><span style=\"font-family:Times New Roman,serif\">Achtung! Nicht f\u00fcr Kinder unter 36 Monaten geeignet wegen verschluckbarer Kleinteile, Erstickungsgefahr.<\/span><\/span><\/p>\n","protected":false},"excerpt":{"rendered":"<p>So lustig, dieses Tier, das B\u00e4lle schie\u00dft.<\/p>\n","protected":false},"featured_media":16690,"comment_status":"closed","ping_status":"open","template":"","meta":[],"product_brand":[],"product_cat":[482],"product_tag":[],"class_list":{"0":"post-16689","1":"product","2":"type-product","3":"status-publish","4":"has-post-thumbnail","6":"product_cat-schiessspielzeug","8":"first","9":"instock","10":"shipping-taxable","11":"purchasable","12":"product-type-simple"},"_links":{"self":[{"href":"https:\/\/9play.de\/shop\/wp-json\/wp\/v2\/product\/16689","targetHints":{"allow":["GET"]}}],"collection":[{"href":"https:\/\/9play.de\/shop\/wp-json\/wp\/v2\/product"}],"about":[{"href":"https:\/\/9play.de\/shop\/wp-json\/wp\/v2\/types\/product"}],"replies":[{"embeddable":true,"href":"https:\/\/9play.de\/shop\/wp-json\/wp\/v2\/comments?post=16689"}],"wp:featuredmedia":[{"embeddable":true,"href":"https:\/\/9play.de\/shop\/wp-json\/wp\/v2\/media\/16690"}],"wp:attachment":[{"href":"https:\/\/9play.de\/shop\/wp-json\/wp\/v2\/media?parent=16689"}],"wp:term":[{"taxonomy":"product_brand","embeddable":true,"href":"https:\/\/9play.de\/shop\/wp-json\/wp\/v2\/product_brand?post=16689"},{"taxonomy":"product_cat","embeddable":true,"href":"https:\/\/9play.de\/shop\/wp-json\/wp\/v2\/product_cat?post=16689"},{"taxonomy":"product_tag","embeddable":true,"href":"https:\/\/9play.de\/shop\/wp-json\/wp\/v2\/product_tag?post=16689"}],"curies":[{"name":"wp","href":"https:\/\/api.w.org\/{rel}","templated":true}]}}