{"id":16694,"date":"2024-10-06T18:16:48","date_gmt":"2024-10-06T16:16:48","guid":{"rendered":"https:\/\/9play.de\/shop\/produkt\/air-pistole-3-flugzeuge-shooter\/"},"modified":"2024-10-06T18:17:24","modified_gmt":"2024-10-06T16:17:24","slug":"air-pistole-3-flugzeuge-shooter","status":"publish","type":"product","link":"https:\/\/9play.de\/shop\/produkt\/air-pistole-3-flugzeuge-shooter\/","title":{"rendered":"AIR Pistole 3 Flugzeuge Shooter"},"content":{"rendered":"<p>Die 3 Flugzeuge in diesem Set aus der AIR-Produktlinie k\u00f6nnen mit der beiliegenden Pistole abgefeuert werden, und zwar in schneller Folge.<br \/>Schieben die Halterung nach oben und setzen einen Segelflugzeug in jede \u00d6ffnung.<br \/>Dr\u00fccke nun den Knopf an der Seite und die Halterung f\u00e4hrt nach unten und l\u00e4sst 1 Segelflugzeug in die Abschussleiste \u00fcber der Kanone fallen.<br \/>Schiebe nun den Spannmechanismus an der Unterseite der Pistole nach hinten, um die Pistole zu laden.<br \/>Du brauchst nur noch den Abzug zu bet\u00e4tigen, und schon schwebt Ihr kleines Flugzeug durch die Luft. Bereit f\u00fcr den n\u00e4chsten Flug.<br \/>Wenn du nach Kinderpistolen suchst, dann bist du bei uns genau richtig.<\/p>\n<p>Altersempfehlung: ab 3 Jahre<br \/>Material: Kunststoff&nbsp;<br \/>Packungsgr\u00f6\u00dfe 25x18x6 cm<\/p>\n<p><span style=\"font-size:12.0pt\"><span style=\"font-family:Times New Roman,serif\">Achtung! Nicht f\u00fcr Kinder unter 36 Monaten geeignet wegen verschluckbarer Kleinteile, Erstickungsgefahr.<\/span><\/span><\/p>\n","protected":false},"excerpt":{"rendered":"<p>Die 3 Flugzeuge in diesem Set aus der AIR-Produktlinie k\u00f6nnen mit der beiliegenden Pistole abgefeuert werden<\/p>\n","protected":false},"featured_media":16695,"comment_status":"closed","ping_status":"open","template":"","meta":[],"product_brand":[],"product_cat":[523],"product_tag":[],"class_list":{"0":"post-16694","1":"product","2":"type-product","3":"status-publish","4":"has-post-thumbnail","6":"product_cat-outdoor-spielzeug","8":"first","9":"instock","10":"shipping-taxable","11":"purchasable","12":"product-type-simple"},"_links":{"self":[{"href":"https:\/\/9play.de\/shop\/wp-json\/wp\/v2\/product\/16694","targetHints":{"allow":["GET"]}}],"collection":[{"href":"https:\/\/9play.de\/shop\/wp-json\/wp\/v2\/product"}],"about":[{"href":"https:\/\/9play.de\/shop\/wp-json\/wp\/v2\/types\/product"}],"replies":[{"embeddable":true,"href":"https:\/\/9play.de\/shop\/wp-json\/wp\/v2\/comments?post=16694"}],"wp:featuredmedia":[{"embeddable":true,"href":"https:\/\/9play.de\/shop\/wp-json\/wp\/v2\/media\/16695"}],"wp:attachment":[{"href":"https:\/\/9play.de\/shop\/wp-json\/wp\/v2\/media?parent=16694"}],"wp:term":[{"taxonomy":"product_brand","embeddable":true,"href":"https:\/\/9play.de\/shop\/wp-json\/wp\/v2\/product_brand?post=16694"},{"taxonomy":"product_cat","embeddable":true,"href":"https:\/\/9play.de\/shop\/wp-json\/wp\/v2\/product_cat?post=16694"},{"taxonomy":"product_tag","embeddable":true,"href":"https:\/\/9play.de\/shop\/wp-json\/wp\/v2\/product_tag?post=16694"}],"curies":[{"name":"wp","href":"https:\/\/api.w.org\/{rel}","templated":true}]}}