{"id":16702,"date":"2024-10-06T18:16:48","date_gmt":"2024-10-06T16:16:48","guid":{"rendered":"https:\/\/9play.de\/shop\/produkt\/pluesch-einhorn-am-stiel-babyspielzeug\/"},"modified":"2024-10-06T18:17:28","modified_gmt":"2024-10-06T16:17:28","slug":"pluesch-einhorn-am-stiel-babyspielzeug","status":"publish","type":"product","link":"https:\/\/9play.de\/shop\/produkt\/pluesch-einhorn-am-stiel-babyspielzeug\/","title":{"rendered":"Pl\u00fcsch Einhorn am Stiel Babyspielzeug"},"content":{"rendered":"<p>Der Stern in den Augen dieses s\u00fc\u00dfen Pl\u00fcsch-Einhorns macht es besonders unwiderstehlich.<br \/>Man m\u00f6chte einfach nur den Stock nehmen und spazieren gehen. Das Geschirr ist bereits angelegt und der Regenbogenschwanz geht fr\u00f6hlich hin und her.<br \/>Behalte sie aber fest im Griff, denn wenn sie mit ihren glitzernden Fl\u00fcgeln schl\u00e4gt, kann es sein, dass sie ein wenig \u00fcber deinem Kopf fliegt.<br \/>Wieder auf dem Boden angekommen, kannst du das Geschirr mit dem Stock abnehmen und gemeinsam auf dem Sofa kuscheln. Welches der 3 Einh\u00f6rner aus der Produktlinie Dream Horse species kann dich begleiten?<br \/>Ach ja, wenn du den QR-Code auf der Verpackung scannst, kannst du eine lustige Dream Horse-Malvorlage und ein fr\u00f6hliches Poster des schelmischen Toi-Toys Einhorns herunterladen!<br \/>Farbwahl erfolgt per Zufall.<br \/>&nbsp;<\/p>\n<p>Altersempfehlung: ab 3 Jahre<br \/>Material: Pl\u00fcsch<br \/>Gr\u00f6\u00dfe: 20x19x11cm<\/p>\n<p><span style=\"font-size:12pt\"><span style=\"font-family:Times New Roman,serif\">Achtung! Benutzung unter unmittelbarer Aufsicht von Erwachsenen.<\/span><\/span><\/p>\n","protected":false},"excerpt":{"rendered":"<p>Der Stern in den Augen dieses s\u00fc\u00dfen Pl\u00fcsch-Einhorns macht es besonders unwiderstehlich.<\/p>\n","protected":false},"featured_media":16703,"comment_status":"closed","ping_status":"open","template":"","meta":[],"product_brand":[],"product_cat":[524],"product_tag":[],"class_list":{"0":"post-16702","1":"product","2":"type-product","3":"status-publish","4":"has-post-thumbnail","6":"product_cat-plueschspielzeug","8":"first","9":"instock","10":"shipping-taxable","11":"purchasable","12":"product-type-simple"},"_links":{"self":[{"href":"https:\/\/9play.de\/shop\/wp-json\/wp\/v2\/product\/16702","targetHints":{"allow":["GET"]}}],"collection":[{"href":"https:\/\/9play.de\/shop\/wp-json\/wp\/v2\/product"}],"about":[{"href":"https:\/\/9play.de\/shop\/wp-json\/wp\/v2\/types\/product"}],"replies":[{"embeddable":true,"href":"https:\/\/9play.de\/shop\/wp-json\/wp\/v2\/comments?post=16702"}],"wp:featuredmedia":[{"embeddable":true,"href":"https:\/\/9play.de\/shop\/wp-json\/wp\/v2\/media\/16703"}],"wp:attachment":[{"href":"https:\/\/9play.de\/shop\/wp-json\/wp\/v2\/media?parent=16702"}],"wp:term":[{"taxonomy":"product_brand","embeddable":true,"href":"https:\/\/9play.de\/shop\/wp-json\/wp\/v2\/product_brand?post=16702"},{"taxonomy":"product_cat","embeddable":true,"href":"https:\/\/9play.de\/shop\/wp-json\/wp\/v2\/product_cat?post=16702"},{"taxonomy":"product_tag","embeddable":true,"href":"https:\/\/9play.de\/shop\/wp-json\/wp\/v2\/product_tag?post=16702"}],"curies":[{"name":"wp","href":"https:\/\/api.w.org\/{rel}","templated":true}]}}