{"id":16707,"date":"2024-10-06T18:16:48","date_gmt":"2024-10-06T16:16:48","guid":{"rendered":"https:\/\/9play.de\/shop\/produkt\/4-lebensechte-schlange-als-armband\/"},"modified":"2024-10-06T18:17:33","modified_gmt":"2024-10-06T16:17:33","slug":"4-lebensechte-schlange-als-armband","status":"publish","type":"product","link":"https:\/\/9play.de\/shop\/produkt\/4-lebensechte-schlange-als-armband\/","title":{"rendered":"4 Lebensechte Schlange als Armband"},"content":{"rendered":"<p>Das Schlagen-Set besteht aus 4 Schlangen !<br \/>Diese Schlange aus Hartplastik aus der Produktlinie Animal World sieht lebensecht aus.<br \/>Es ist in eine solide Form eingepackt und das aus gutem Grund.<br \/>Schlie\u00dflich kann man dieses Reptil \u00fcberallhin mitnehmen, weil es so sch\u00f6n am Handgelenk sitzt. Es ist ein Armband!<br \/>Ein Schmuckst\u00fcck zum Anschauen. Welcher der 4 verschiedenen Typen steht dir am besten?<\/p>\n<p>Altersempfehlung: ab 3 Jahre<br \/>Material: Kunststoff&nbsp;<br \/>Gr\u00f6\u00dfe: 6&#215;6,5&#215;4,5cm (gerollt)<\/p>\n<p><span style=\"font-size:12.0pt\"><span style=\"font-family:Times New Roman,serif\">Achtung! Nicht f\u00fcr Kinder unter 36 Monaten geeignet wegen verschluckbarer Kleinteile, Erstickungsgefahr.<br \/>Strangulationsgefahr durch ein langes Seil.<\/span><\/span><\/p>\n","protected":false},"excerpt":{"rendered":"<p>Es sind vier Armb\u00e4nder als Schlange!<\/p>\n","protected":false},"featured_media":16708,"comment_status":"closed","ping_status":"open","template":"","meta":[],"product_brand":[],"product_cat":[523],"product_tag":[],"class_list":{"0":"post-16707","1":"product","2":"type-product","3":"status-publish","4":"has-post-thumbnail","6":"product_cat-outdoor-spielzeug","8":"first","9":"instock","10":"shipping-taxable","11":"purchasable","12":"product-type-simple"},"_links":{"self":[{"href":"https:\/\/9play.de\/shop\/wp-json\/wp\/v2\/product\/16707","targetHints":{"allow":["GET"]}}],"collection":[{"href":"https:\/\/9play.de\/shop\/wp-json\/wp\/v2\/product"}],"about":[{"href":"https:\/\/9play.de\/shop\/wp-json\/wp\/v2\/types\/product"}],"replies":[{"embeddable":true,"href":"https:\/\/9play.de\/shop\/wp-json\/wp\/v2\/comments?post=16707"}],"wp:featuredmedia":[{"embeddable":true,"href":"https:\/\/9play.de\/shop\/wp-json\/wp\/v2\/media\/16708"}],"wp:attachment":[{"href":"https:\/\/9play.de\/shop\/wp-json\/wp\/v2\/media?parent=16707"}],"wp:term":[{"taxonomy":"product_brand","embeddable":true,"href":"https:\/\/9play.de\/shop\/wp-json\/wp\/v2\/product_brand?post=16707"},{"taxonomy":"product_cat","embeddable":true,"href":"https:\/\/9play.de\/shop\/wp-json\/wp\/v2\/product_cat?post=16707"},{"taxonomy":"product_tag","embeddable":true,"href":"https:\/\/9play.de\/shop\/wp-json\/wp\/v2\/product_tag?post=16707"}],"curies":[{"name":"wp","href":"https:\/\/api.w.org\/{rel}","templated":true}]}}