{"id":16712,"date":"2024-10-06T18:16:48","date_gmt":"2024-10-06T16:16:48","guid":{"rendered":"https:\/\/9play.de\/shop\/produkt\/3-lebensechte-schlangen-super-dehnbar\/"},"modified":"2024-10-06T18:17:36","modified_gmt":"2024-10-06T16:17:36","slug":"3-lebensechte-schlangen-super-dehnbar","status":"publish","type":"product","link":"https:\/\/9play.de\/shop\/produkt\/3-lebensechte-schlangen-super-dehnbar\/","title":{"rendered":"3 lebensechte Schlangen super dehnbar"},"content":{"rendered":"<p>Brrr, sie zappeln und wackeln diese 3 Schlangen aus der Animal World Produktlinie.<br \/>Sie sehen lebensecht aus, aber man kann sie auch superlang machen, was nat\u00fcrlich super s\u00fc\u00df ist!<\/p>\n<p>Altersempfehlung: ab 3 Jahre<br \/>Material: Kunststoff&nbsp;<br \/>Gr\u00f6\u00dfe: 32x17x1cm<\/p>\n<p><span style=\"font-size:12.0pt\"><span style=\"font-family:Times New Roman,serif\">Achtung! Nicht f\u00fcr Kinder unter 36 Monaten geeignet wegen verschluckbarer Kleinteile, Erstickungsgefahr.<br \/>Strangulationsgefahr durch ein langes Seil.<\/span><\/span><\/p>\n","protected":false},"excerpt":{"rendered":"<p>Brrr, sie zappeln und wackeln diese 3 Schlangen aus der Animal World Produktlinie.<\/p>\n","protected":false},"featured_media":16713,"comment_status":"closed","ping_status":"open","template":"","meta":[],"product_brand":[],"product_cat":[523],"product_tag":[],"class_list":{"0":"post-16712","1":"product","2":"type-product","3":"status-publish","4":"has-post-thumbnail","6":"product_cat-outdoor-spielzeug","8":"first","9":"instock","10":"shipping-taxable","11":"purchasable","12":"product-type-simple"},"_links":{"self":[{"href":"https:\/\/9play.de\/shop\/wp-json\/wp\/v2\/product\/16712","targetHints":{"allow":["GET"]}}],"collection":[{"href":"https:\/\/9play.de\/shop\/wp-json\/wp\/v2\/product"}],"about":[{"href":"https:\/\/9play.de\/shop\/wp-json\/wp\/v2\/types\/product"}],"replies":[{"embeddable":true,"href":"https:\/\/9play.de\/shop\/wp-json\/wp\/v2\/comments?post=16712"}],"wp:featuredmedia":[{"embeddable":true,"href":"https:\/\/9play.de\/shop\/wp-json\/wp\/v2\/media\/16713"}],"wp:attachment":[{"href":"https:\/\/9play.de\/shop\/wp-json\/wp\/v2\/media?parent=16712"}],"wp:term":[{"taxonomy":"product_brand","embeddable":true,"href":"https:\/\/9play.de\/shop\/wp-json\/wp\/v2\/product_brand?post=16712"},{"taxonomy":"product_cat","embeddable":true,"href":"https:\/\/9play.de\/shop\/wp-json\/wp\/v2\/product_cat?post=16712"},{"taxonomy":"product_tag","embeddable":true,"href":"https:\/\/9play.de\/shop\/wp-json\/wp\/v2\/product_tag?post=16712"}],"curies":[{"name":"wp","href":"https:\/\/api.w.org\/{rel}","templated":true}]}}