{"id":16719,"date":"2024-10-06T18:16:48","date_gmt":"2024-10-06T16:16:48","guid":{"rendered":"https:\/\/9play.de\/shop\/produkt\/baby-puzzle-set-rettungsdienste-6-fahrzeuge\/"},"modified":"2024-10-06T18:17:40","modified_gmt":"2024-10-06T16:17:40","slug":"baby-puzzle-set-rettungsdienste-6-fahrzeuge","status":"publish","type":"product","link":"https:\/\/9play.de\/shop\/produkt\/baby-puzzle-set-rettungsdienste-6-fahrzeuge\/","title":{"rendered":"Baby Puzzle-Set Rettungsdienste 6 Fahrzeuge"},"content":{"rendered":"<p>Die Box enth\u00e4lt 6 bunte Puzzles mit bis zu 3 Teilen.<br \/>Wenn diese gro\u00dfen Teile richtig zusammengesetzt werden, bilden sie ein Polizeiauto, einen Abschleppwagen, einen Krankenwagen, ein Feuerwehrauto, ein Flugzeug oder ein Boot.<br \/>Das Basteln der Fahrzeuge f\u00f6rdert die Auge-Hand-Koordination und ist nat\u00fcrlich lehrreich f\u00fcr dein Kind.<\/p>\n<p>Altersempfehlung: ab 18 Monate<br \/>Material: Pappe<br \/>Packungsgr\u00f6\u00dfe: 19x15x5 cm<\/p>\n<p><span style=\"font-size:12.0pt\"><span style=\"font-family:Times New Roman,serif\">Achtung! Nicht f\u00fcr Kinder unter 18 Monaten geeignet wegen verschluckbarer Kleinteile, Erstickungsgefahr.<br \/>Achtung! Benutzung unter unmittelbarer Aufsicht von Erwachsenen.<\/span><\/span><\/p>\n","protected":false},"excerpt":{"rendered":"<p>Die Box enth\u00e4lt 6 bunte Puzzles mit bis zu 3 Teilen.<\/p>\n","protected":false},"featured_media":16720,"comment_status":"closed","ping_status":"open","template":"","meta":[],"product_brand":[],"product_cat":[450],"product_tag":[],"class_list":{"0":"post-16719","1":"product","2":"type-product","3":"status-publish","4":"has-post-thumbnail","6":"product_cat-steckspielzeug","8":"first","9":"instock","10":"shipping-taxable","11":"purchasable","12":"product-type-simple"},"_links":{"self":[{"href":"https:\/\/9play.de\/shop\/wp-json\/wp\/v2\/product\/16719","targetHints":{"allow":["GET"]}}],"collection":[{"href":"https:\/\/9play.de\/shop\/wp-json\/wp\/v2\/product"}],"about":[{"href":"https:\/\/9play.de\/shop\/wp-json\/wp\/v2\/types\/product"}],"replies":[{"embeddable":true,"href":"https:\/\/9play.de\/shop\/wp-json\/wp\/v2\/comments?post=16719"}],"wp:featuredmedia":[{"embeddable":true,"href":"https:\/\/9play.de\/shop\/wp-json\/wp\/v2\/media\/16720"}],"wp:attachment":[{"href":"https:\/\/9play.de\/shop\/wp-json\/wp\/v2\/media?parent=16719"}],"wp:term":[{"taxonomy":"product_brand","embeddable":true,"href":"https:\/\/9play.de\/shop\/wp-json\/wp\/v2\/product_brand?post=16719"},{"taxonomy":"product_cat","embeddable":true,"href":"https:\/\/9play.de\/shop\/wp-json\/wp\/v2\/product_cat?post=16719"},{"taxonomy":"product_tag","embeddable":true,"href":"https:\/\/9play.de\/shop\/wp-json\/wp\/v2\/product_tag?post=16719"}],"curies":[{"name":"wp","href":"https:\/\/api.w.org\/{rel}","templated":true}]}}