{"id":16752,"date":"2024-10-06T18:17:43","date_gmt":"2024-10-06T16:17:43","guid":{"rendered":"https:\/\/9play.de\/shop\/produkt\/selfie-set-ringlicht-von-wow-generation\/"},"modified":"2024-10-06T18:18:00","modified_gmt":"2024-10-06T16:18:00","slug":"selfie-set-ringlicht-von-wow-generation","status":"publish","type":"product","link":"https:\/\/9play.de\/shop\/produkt\/selfie-set-ringlicht-von-wow-generation\/","title":{"rendered":"Selfie-Set Ringlicht von WOW GENERATION"},"content":{"rendered":"<p>CLIP ON SELFIE RINGLICHT-SET WOW GENERATION<br \/>Jeder Influencer braucht die besten Gadgets, um gro\u00dfartige Ergebnisse zu erzielen.<br \/>Deshalb muss Ihr Kind, wie unsere WOW-Girls, das Beste aus allen von ihm erstellten Inhalten herausholen.<br \/>Dieses Selfie-Kit ist perfekt daf\u00fcr. Der Leuchtring wird mit einem Clip am Handy befestigt und hat 3 verschiedene Leuchtstufen.<br \/>Dar\u00fcber hinaus enth\u00e4lt das Kit viel Zubeh\u00f6r, um Ihre Videos und Fotos viel origineller und einzigartiger zu machen.<br \/>Das komplette Kit beinhaltet: \u2013 1 Lichtring mit Clip \u2013 1 Micro-USB mit Kabel \u2013 4 Zubeh\u00f6rbl\u00e4tter \u2013 8 Papierstrohhalme \u2013 1 gr\u00fcne Tapete \u2013 1 Blatt Klebepunkte \u2013 Merkblatt Um Ihr Kind in die Influencer-Welt einzuf\u00fchren, ist dieses Kit perfekt, um Inhalte zu erstellen.<\/p>\n<p>Inhalt:&nbsp;1 Lichtring mit Clip, 1 Micro-USB mit Kabel, 4 B\u00f6gen Zubeh\u00f6r, 8 Papierstrohhalme, 1 gr\u00fcne Tapete, 1 Blatt Klebepunkte, Anleitungsblatt<br \/>Altersempfehlung: ab 6 Jahre<br \/>Material: Kunststoff, Papier&nbsp;<br \/>Verpackung:&nbsp;20,5 x 28,5 x 3,8 cm<br \/>Batterie: Akku (Batterien sind nicht notwendig)<\/p>\n<p><span style=\"font-size:12.0pt\"><span style=\"font-family:Times New Roman,serif\">Achtung:&nbsp;Nicht f\u00fcr Kinder unter 36 Monaten geeignet wegen verschluckbarer Kleinteile, Erstickungsgefahr.<\/span><\/span><\/p>\n","protected":false},"excerpt":{"rendered":"<p>Jeder Influencer braucht die besten Gadgets!<\/p>\n","protected":false},"featured_media":16753,"comment_status":"closed","ping_status":"open","template":"","meta":[],"product_brand":[],"product_cat":[442],"product_tag":[],"class_list":{"0":"post-16752","1":"product","2":"type-product","3":"status-publish","4":"has-post-thumbnail","6":"product_cat-rollenspielzeug","8":"first","9":"instock","10":"shipping-taxable","11":"purchasable","12":"product-type-simple"},"_links":{"self":[{"href":"https:\/\/9play.de\/shop\/wp-json\/wp\/v2\/product\/16752","targetHints":{"allow":["GET"]}}],"collection":[{"href":"https:\/\/9play.de\/shop\/wp-json\/wp\/v2\/product"}],"about":[{"href":"https:\/\/9play.de\/shop\/wp-json\/wp\/v2\/types\/product"}],"replies":[{"embeddable":true,"href":"https:\/\/9play.de\/shop\/wp-json\/wp\/v2\/comments?post=16752"}],"wp:featuredmedia":[{"embeddable":true,"href":"https:\/\/9play.de\/shop\/wp-json\/wp\/v2\/media\/16753"}],"wp:attachment":[{"href":"https:\/\/9play.de\/shop\/wp-json\/wp\/v2\/media?parent=16752"}],"wp:term":[{"taxonomy":"product_brand","embeddable":true,"href":"https:\/\/9play.de\/shop\/wp-json\/wp\/v2\/product_brand?post=16752"},{"taxonomy":"product_cat","embeddable":true,"href":"https:\/\/9play.de\/shop\/wp-json\/wp\/v2\/product_cat?post=16752"},{"taxonomy":"product_tag","embeddable":true,"href":"https:\/\/9play.de\/shop\/wp-json\/wp\/v2\/product_tag?post=16752"}],"curies":[{"name":"wp","href":"https:\/\/api.w.org\/{rel}","templated":true}]}}