{"id":16760,"date":"2024-10-06T18:17:43","date_gmt":"2024-10-06T16:17:43","guid":{"rendered":"https:\/\/9play.de\/shop\/produkt\/diy-nagel-beauty-set-wow-generation\/"},"modified":"2024-10-06T18:18:05","modified_gmt":"2024-10-06T16:18:05","slug":"diy-nagel-beauty-set-wow-generation","status":"publish","type":"product","link":"https:\/\/9play.de\/shop\/produkt\/diy-nagel-beauty-set-wow-generation\/","title":{"rendered":"Diy Nagel Beauty Set WOW Generation"},"content":{"rendered":"<p>Diy Nagel Beauty Set WOW Generation!<br \/>Dieses DIY-Manik\u00fcre-Set ist das ultimative Set f\u00fcr Ihre Tochter, um ein echter Nail-Art-Liebhaber zu werden.<br \/>Es ist ein super komplettes Set mit allen m\u00f6glichen Details, damit Ihr Kind zu einem echten DIY-Kreativen wird.<br \/>Das Set enth\u00e4lt: \u2013 Duftende falsche N\u00e4gel \u2013 Duftaufkleber \u2013 Dekorative Aufkleber \u2013 Eine Datei mit der WOW-Blitzform \u2013 2 Nagellackfarben: Pink und Lila Ohne Zweifel das umfassendste DIY-Nagelset.<br \/>Wenn Ihre Tochter dem WOW-Club beitreten m\u00f6chte, braucht sie unbedingt eine Manik\u00fcre.<\/p>\n<p>Inhalt:&nbsp;Duftende Kunstn\u00e4gel, Duftende Aufkleber, Dekorative Aufkleber, Eine Feile mit der WOW-Blitzform, 2 Nagellackfarben: Rosa und Lila<br \/>Altersempfehlung: ab 6 Jahre<br \/>Material: Papier, Pappe, Kunststoff&nbsp;<br \/>&nbsp;<\/p>\n<p><span style=\"font-size:12.0pt\"><span style=\"font-family:Times New Roman,serif\">Achtung:&nbsp;Nicht f\u00fcr Kinder unter 36 Monaten geeignet wegen verschluckbarer Kleinteile, Erstickungsgefahr.<\/span><\/span><br \/>Achtung: Enth\u00e4lt Duftstoffe, die Allergien ausl\u00f6sen k\u00f6nnen.<\/p>\n","protected":false},"excerpt":{"rendered":"<p>Ohne Zweifel das umfassendste DIY-Nagelset!<\/p>\n","protected":false},"featured_media":16761,"comment_status":"closed","ping_status":"open","template":"","meta":[],"product_brand":[],"product_cat":[506],"product_tag":[],"class_list":{"0":"post-16760","1":"product","2":"type-product","3":"status-publish","4":"has-post-thumbnail","6":"product_cat-beauty-set","8":"first","9":"instock","10":"shipping-taxable","11":"purchasable","12":"product-type-simple"},"_links":{"self":[{"href":"https:\/\/9play.de\/shop\/wp-json\/wp\/v2\/product\/16760","targetHints":{"allow":["GET"]}}],"collection":[{"href":"https:\/\/9play.de\/shop\/wp-json\/wp\/v2\/product"}],"about":[{"href":"https:\/\/9play.de\/shop\/wp-json\/wp\/v2\/types\/product"}],"replies":[{"embeddable":true,"href":"https:\/\/9play.de\/shop\/wp-json\/wp\/v2\/comments?post=16760"}],"wp:featuredmedia":[{"embeddable":true,"href":"https:\/\/9play.de\/shop\/wp-json\/wp\/v2\/media\/16761"}],"wp:attachment":[{"href":"https:\/\/9play.de\/shop\/wp-json\/wp\/v2\/media?parent=16760"}],"wp:term":[{"taxonomy":"product_brand","embeddable":true,"href":"https:\/\/9play.de\/shop\/wp-json\/wp\/v2\/product_brand?post=16760"},{"taxonomy":"product_cat","embeddable":true,"href":"https:\/\/9play.de\/shop\/wp-json\/wp\/v2\/product_cat?post=16760"},{"taxonomy":"product_tag","embeddable":true,"href":"https:\/\/9play.de\/shop\/wp-json\/wp\/v2\/product_tag?post=16760"}],"curies":[{"name":"wp","href":"https:\/\/api.w.org\/{rel}","templated":true}]}}