{"id":16764,"date":"2024-10-06T18:17:43","date_gmt":"2024-10-06T16:17:43","guid":{"rendered":"https:\/\/9play.de\/shop\/produkt\/kreativ-set-wow-generation-farben-malen\/"},"modified":"2024-10-06T18:18:08","modified_gmt":"2024-10-06T16:18:08","slug":"kreativ-set-wow-generation-farben-malen","status":"publish","type":"product","link":"https:\/\/9play.de\/shop\/produkt\/kreativ-set-wow-generation-farben-malen\/","title":{"rendered":"Kreativ-Set WOW Generation Farben malen"},"content":{"rendered":"<p>Magic deep Studio WOW Generation<br \/>Ist Ihre Tochter kreier- und mals\u00fcchtig? Dies ist das perfekte Set f\u00fcr sie.<br \/>Mit diesem kreativen Malatelier kreiert Ihr Kind seine Lieblingsfarbmischungen, um jegliche Art von Accessoires oder Objekten zu dekorieren.<br \/>Das Set enth\u00e4lt 5 Bleistiftaufs\u00e4tze mit den repr\u00e4sentativen Elementen der WOW-Girls. Mit diesem Kreativset l\u00e4sst Ihr Kind seiner Fantasie freien Lauf, um coole Accessoires zu kreieren.<br \/>Das Set enth\u00e4lt: \u2013 Kreativstudio mit Farbmischschale und allem notwendigen Zubeh\u00f6r. \u2013 farbige Tinten \u2013 Glitter-Applikator \u2013 Glitzerspray &#8211; Handschuhe \u2013 Glitzer-Stickerbogen \u2013 Transferbl\u00e4tter \u2013 Bleistiftaufs\u00e4tze \u2013 1 Federm\u00e4ppchen \u2013 6 Buntstifte \u2013 5 Gru\u00dfkarten \u2013 1 Radiergummi \u2013 1 Bleistiftspitzer Dieses exklusive Kreativset wird das perfekte Hobby f\u00fcr Ihre Tochter sein und sie wird die besten WOW-Accessoires kreieren.<\/p>\n<p>Inhalt:&nbsp;Bunttinten, Glitter-Applikator, Glitter-Spray, Handschuhe, Glitter-Sticker-Bogen, Transferb\u00f6gen, Bleistiftaufs\u00e4tze,. 1 M\u00e4ppchen, 6 Buntstifte, 5 Gru\u00dfkarten, 1 Radiergummi, 1 Bleistiftspitzer<br \/>Altersempfehlung: ab 8 Jahre<br \/>Verpackung: 28 x 39,5 x 9,3 cm<br \/>Material: Kunststoff&nbsp;<\/p>\n<p><span style=\"font-size:12.0pt\"><span style=\"font-family:Times New Roman,serif\">Achtung:&nbsp;Nicht f\u00fcr Kinder unter 36 Monaten geeignet wegen verschluckbarer Kleinteile, Erstickungsgefahr.<\/span><\/span><\/p>\n","protected":false},"excerpt":{"rendered":"<p>Mit diesem kreativen Malatelier kreiert Ihr Kind seine Lieblingsfarbmischungen!<\/p>\n","protected":false},"featured_media":16765,"comment_status":"closed","ping_status":"open","template":"","meta":[],"product_brand":[],"product_cat":[509],"product_tag":[],"class_list":{"0":"post-16764","1":"product","2":"type-product","3":"status-publish","4":"has-post-thumbnail","6":"product_cat-malen-zeichnen","8":"first","9":"instock","10":"shipping-taxable","11":"purchasable","12":"product-type-simple"},"_links":{"self":[{"href":"https:\/\/9play.de\/shop\/wp-json\/wp\/v2\/product\/16764","targetHints":{"allow":["GET"]}}],"collection":[{"href":"https:\/\/9play.de\/shop\/wp-json\/wp\/v2\/product"}],"about":[{"href":"https:\/\/9play.de\/shop\/wp-json\/wp\/v2\/types\/product"}],"replies":[{"embeddable":true,"href":"https:\/\/9play.de\/shop\/wp-json\/wp\/v2\/comments?post=16764"}],"wp:featuredmedia":[{"embeddable":true,"href":"https:\/\/9play.de\/shop\/wp-json\/wp\/v2\/media\/16765"}],"wp:attachment":[{"href":"https:\/\/9play.de\/shop\/wp-json\/wp\/v2\/media?parent=16764"}],"wp:term":[{"taxonomy":"product_brand","embeddable":true,"href":"https:\/\/9play.de\/shop\/wp-json\/wp\/v2\/product_brand?post=16764"},{"taxonomy":"product_cat","embeddable":true,"href":"https:\/\/9play.de\/shop\/wp-json\/wp\/v2\/product_cat?post=16764"},{"taxonomy":"product_tag","embeddable":true,"href":"https:\/\/9play.de\/shop\/wp-json\/wp\/v2\/product_tag?post=16764"}],"curies":[{"name":"wp","href":"https:\/\/api.w.org\/{rel}","templated":true}]}}