{"id":16767,"date":"2024-10-06T18:17:43","date_gmt":"2024-10-06T16:17:43","guid":{"rendered":"https:\/\/9play.de\/shop\/produkt\/schul-rucksack-40-cm-wow-generation\/"},"modified":"2024-10-06T18:18:09","modified_gmt":"2024-10-06T16:18:09","slug":"schul-rucksack-40-cm-wow-generation","status":"publish","type":"product","link":"https:\/\/9play.de\/shop\/produkt\/schul-rucksack-40-cm-wow-generation\/","title":{"rendered":"Schul-Rucksack 40 cm WOW Generation"},"content":{"rendered":"<p>Bedruckter Schul-Rucksack 40cm WOW&nbsp;Generation<br \/>Mit der WOW Schultasche ist Ihre Tochter bestens ger\u00fcstet f\u00fcr das neue Schuljahr.<br \/>Damit es sich wie ein echtes WOW-Girl f\u00fchlt, braucht Ihr Kind dieses perfekte Accessoire, um all seine B\u00fccher und Utensilien im besten WOW-Stil zu tragen.<br \/>Der Rucksack hat einen sehr modernen Stil mit Metallic-Effekten, die ihm den perfekten Touch verleihen.<br \/>Es hat auch einen dekorativen Pompon, den Ihr Kind lieben wird. Der Rucksack hat ein gro\u00dfes Fach und eine kleinere Vordertasche, beide mit Rei\u00dfverschluss.<\/p>\n<p>Altersempfehlung: ab 5 Jahre&nbsp;<br \/>Ideale Gr\u00f6\u00dfe f\u00fcr die Schule: ca. 40 cm.<br \/>Material: PVC, Polyester<\/p>\n<p><span style=\"font-size:12.0pt\"><span style=\"font-family:Times New Roman,serif\">Achtung:&nbsp;Nicht f\u00fcr Kinder unter 36 Monaten geeignet wegen verschluckbarer Kleinteile, Erstickungsgefahr.<\/span><\/span><br \/>Achtung: Strangulationsgefahr durch lange Seile.<\/p>\n","protected":false},"excerpt":{"rendered":"<p>Mit der WOW Schultasche ist Ihre Tochter bestens ger\u00fcstet f\u00fcr das neue Schuljahr!<\/p>\n","protected":false},"featured_media":16768,"comment_status":"closed","ping_status":"open","template":"","meta":[],"product_brand":[],"product_cat":[465],"product_tag":[],"class_list":{"0":"post-16767","1":"product","2":"type-product","3":"status-publish","4":"has-post-thumbnail","6":"product_cat-rucksaecke-taschen","8":"first","9":"instock","10":"shipping-taxable","11":"purchasable","12":"product-type-simple"},"_links":{"self":[{"href":"https:\/\/9play.de\/shop\/wp-json\/wp\/v2\/product\/16767","targetHints":{"allow":["GET"]}}],"collection":[{"href":"https:\/\/9play.de\/shop\/wp-json\/wp\/v2\/product"}],"about":[{"href":"https:\/\/9play.de\/shop\/wp-json\/wp\/v2\/types\/product"}],"replies":[{"embeddable":true,"href":"https:\/\/9play.de\/shop\/wp-json\/wp\/v2\/comments?post=16767"}],"wp:featuredmedia":[{"embeddable":true,"href":"https:\/\/9play.de\/shop\/wp-json\/wp\/v2\/media\/16768"}],"wp:attachment":[{"href":"https:\/\/9play.de\/shop\/wp-json\/wp\/v2\/media?parent=16767"}],"wp:term":[{"taxonomy":"product_brand","embeddable":true,"href":"https:\/\/9play.de\/shop\/wp-json\/wp\/v2\/product_brand?post=16767"},{"taxonomy":"product_cat","embeddable":true,"href":"https:\/\/9play.de\/shop\/wp-json\/wp\/v2\/product_cat?post=16767"},{"taxonomy":"product_tag","embeddable":true,"href":"https:\/\/9play.de\/shop\/wp-json\/wp\/v2\/product_tag?post=16767"}],"curies":[{"name":"wp","href":"https:\/\/api.w.org\/{rel}","templated":true}]}}