{"id":16775,"date":"2024-10-06T18:17:43","date_gmt":"2024-10-06T16:17:43","guid":{"rendered":"https:\/\/9play.de\/shop\/produkt\/urzeitkrebse-salzkrebse-zuechten-kinder-experiment\/"},"modified":"2024-10-06T18:18:14","modified_gmt":"2024-10-06T16:18:14","slug":"urzeitkrebse-salzkrebse-zuechten-kinder-experiment","status":"publish","type":"product","link":"https:\/\/9play.de\/shop\/produkt\/urzeitkrebse-salzkrebse-zuechten-kinder-experiment\/","title":{"rendered":"Urzeitkrebse Salzkrebse z\u00fcchten Kinder Experiment"},"content":{"rendered":"<p>Los geht\u00b4s! Becken, Sand, Salz und Eier \u2013 alles steht bereit.<br \/>Anschaulich und gut illustriert erkl\u00e4rt die Anleitung, wie eine artgerechte Zucht vorbereitet wird und bereits nach einem Tag k\u00f6nnen die ersten Tiere schl\u00fcpfen.<br \/>Nun hei\u00dft es Lupe schnappen und beobachten!<br \/>Nach und nach entwickeln sich die Larven zu ausgewachsenen Urzeitkrebschen mit Schwimmbeinen und gut erkennbaren Augen.<br \/>Schon bald herrscht reges Treiben und eine ganze Familie kleiner Salzkrebse flitzt durchs Becken.<br \/>In spannenden Info-Texten und pfiffigen Fun-Facts erfahren die Kinder Wissenswertes zum Lebensraum und der Entwicklung der Tiere und wie sie sich richtig um ihre kleinen Haustiere k\u00fcmmern.<br \/>F\u00fcr den extra Spielspa\u00df enth\u00e4lt das das Experimentier-Set einen H\u00f6hlenaufsteller und einem Stickerbogen, mit denen das Becken individuell gestaltet werden kann. Von 8 bis 12 Jahren.<br \/>Komplett-Set zum sofort Loslegen: Mit Becken, Sand, Eiern, Lupe und genau der richtigen Menge Salz. Das ideale Forscher-Set f\u00fcr Kinder von 8 bis 12 Jahren.<br \/>Schneller Zuchterfolg garantiert: Bereits nach einem Tag k\u00f6nnen die ersten Salzkrebse schl\u00fcpfen und schon bald wuselt eine lebendige Urzeit-Familie durchs Becken.<br \/>Mit spannenden Info-Texten und Fun-Facts \u00fcber die Entwicklung und Lebenswelt der Krebse.<br \/>F\u00fcr den extra Spielspa\u00df enth\u00e4lt der Experimentierkasten einen H\u00f6hlenaufsteller und einen Stickerbogen zum Dekorieren des Beckens.<\/p>\n<p>Inhalt: Spritzgussbecken, Aufsteller Pappe, Spezialsalz, Salzkrebscheneier, Salzkrebschenfutter, Foliensticker, Aquariensand, Pipette, Spatel, Lupe, Petrischale, Anleitung.<\/p>\n<p>Altersempfehlung: ab 8 Jahren<br \/>Gr\u00f6\u00dfe: ca. 29 x 20&nbsp;x 6,5 cm (LxBxH)<\/p>\n<p>Achtung: Nicht geeignet f\u00fcr Kinder unter 8 Jahren. Benutzung unter Aufsicht von Erwachsenen.<\/p>\n","protected":false},"excerpt":{"rendered":"<p>Los geht\u00b4s! Becken, Sand, Salz und Eier \u2013 alles steht bereit!<\/p>\n","protected":false},"featured_media":16776,"comment_status":"closed","ping_status":"open","template":"","meta":[],"product_brand":[],"product_cat":[473],"product_tag":[],"class_list":{"0":"post-16775","1":"product","2":"type-product","3":"status-publish","4":"has-post-thumbnail","6":"product_cat-experiment","8":"first","9":"instock","10":"shipping-taxable","11":"purchasable","12":"product-type-simple"},"_links":{"self":[{"href":"https:\/\/9play.de\/shop\/wp-json\/wp\/v2\/product\/16775","targetHints":{"allow":["GET"]}}],"collection":[{"href":"https:\/\/9play.de\/shop\/wp-json\/wp\/v2\/product"}],"about":[{"href":"https:\/\/9play.de\/shop\/wp-json\/wp\/v2\/types\/product"}],"replies":[{"embeddable":true,"href":"https:\/\/9play.de\/shop\/wp-json\/wp\/v2\/comments?post=16775"}],"wp:featuredmedia":[{"embeddable":true,"href":"https:\/\/9play.de\/shop\/wp-json\/wp\/v2\/media\/16776"}],"wp:attachment":[{"href":"https:\/\/9play.de\/shop\/wp-json\/wp\/v2\/media?parent=16775"}],"wp:term":[{"taxonomy":"product_brand","embeddable":true,"href":"https:\/\/9play.de\/shop\/wp-json\/wp\/v2\/product_brand?post=16775"},{"taxonomy":"product_cat","embeddable":true,"href":"https:\/\/9play.de\/shop\/wp-json\/wp\/v2\/product_cat?post=16775"},{"taxonomy":"product_tag","embeddable":true,"href":"https:\/\/9play.de\/shop\/wp-json\/wp\/v2\/product_tag?post=16775"}],"curies":[{"name":"wp","href":"https:\/\/api.w.org\/{rel}","templated":true}]}}