{"id":16785,"date":"2024-10-06T18:17:43","date_gmt":"2024-10-06T16:17:43","guid":{"rendered":"https:\/\/9play.de\/shop\/produkt\/kristalle-ueberraschungsfarbe-zuechten\/"},"modified":"2024-10-06T18:18:27","modified_gmt":"2024-10-06T16:18:27","slug":"kristalle-ueberraschungsfarbe-zuechten","status":"publish","type":"product","link":"https:\/\/9play.de\/shop\/produkt\/kristalle-ueberraschungsfarbe-zuechten\/","title":{"rendered":"Kristalle \u00dcberraschungsfarbe z\u00fcchten"},"content":{"rendered":"<p>Aus Kristallsalz wird in diesem KOSMOS Experimentier-Set \u00fcber Nacht ein funkelnder Kristall gez\u00fcchtet.<br \/>Der Clou: Beim Kauf wei\u00df man noch nicht, welche Farbe entstehen wird, denn nur eine der drei Farben Violett, T\u00fcrkis oder Orange liegen im Set.<br \/>Das Wunderwerk der Natur kann anschlie\u00dfend in einer kleinen Schmuckdose ausgestellt werden.<br \/>Auf spielerische Weise experimentieren Kinder beim Z\u00fcchten mit unterschiedlichen L\u00f6sungen und entdecken so erste Aspekte der Chemie.<br \/>In der leicht verst\u00e4ndlichen farbigen Anleitung wird Schritt f\u00fcr Schritt erkl\u00e4rt, wie die Kristalle gez\u00fcchtet werden. Spannende Experimente erleben \u2013 funkelnde Kristalle in einer \u00dcberraschungsfarbe selber z\u00fcchten. Mit einer der drei Farben: Violett, T\u00fcrkis oder Orange. Schnelle Ergebnisse garantieren Forscher-Spa\u00df: Kristallwachstum \u00fcber Nacht. Komplette Ausstattung zum Z\u00fcchten inkl. kleiner Schmuckdose zum Aufbewahren und Pr\u00e4sentieren der Kristalle. Experimente mit L\u00f6sungen \u2013 Kinder entdecken spielerisch Chemie. KOSMOS Experimentierkasten f\u00fcr Kinder ab 10 Jahren.<\/p>\n<p>Inhalt: 1 T\u00fctchen Alaun (20g), eine F\u00e4rbetablette in orange, t\u00fcrkis-gr\u00fcn oder lila, Messbecher, Spatel, Kristall-Dose, farbig illustrierte Anleitung.<\/p>\n<p>Altersempfehlung: ab 10 Jahren<br \/>Gr\u00f6\u00dfe: ca. 10 x 7 x 5 cm (LxBxH)<\/p>\n<p>Achtung: Nicht geeignet f\u00fcr Kinder unter 8 Jahren. Benutzung unter Aufsicht von Erwachsenen.<\/p>\n<p>ACHTUNG! Nicht geeignet f\u00fcr Kinder unter 10 Jahren. Benutzung unter Aufsicht von Erwachsenen. Enth\u00e4lt einige Chemikalien, die eine Gefahr f\u00fcr die Gesundheit darstellen. Lies die Anweisungen vor Gebrauch, befolge sie und halte sie nachschlagebereit. Bringe die Chemikalien mit keiner Stelle des K\u00f6rpers in Kontakt, besonders nicht mit dem Mund und den Augen. Halte kleine Kinder und Tiere beim Experimentieren fern. Bewahre den Experimentierkasten au\u00dfer Reichweite von Kindern unter 10 Jahren auf. Augenschutz f\u00fcr \u00fcberwachende Erwachsene ist nicht eingeschlossen.<\/p>\n","protected":false},"excerpt":{"rendered":"<p>Aus Kristallsalz wird in diesem KOSMOS Experimentier-Set \u00fcber Nacht ein funkelnder Kristall gez\u00fcchtet.<\/p>\n","protected":false},"featured_media":16786,"comment_status":"closed","ping_status":"open","template":"","meta":[],"product_brand":[],"product_cat":[473],"product_tag":[],"class_list":{"0":"post-16785","1":"product","2":"type-product","3":"status-publish","4":"has-post-thumbnail","6":"product_cat-experiment","8":"first","9":"instock","10":"shipping-taxable","11":"purchasable","12":"product-type-simple"},"_links":{"self":[{"href":"https:\/\/9play.de\/shop\/wp-json\/wp\/v2\/product\/16785","targetHints":{"allow":["GET"]}}],"collection":[{"href":"https:\/\/9play.de\/shop\/wp-json\/wp\/v2\/product"}],"about":[{"href":"https:\/\/9play.de\/shop\/wp-json\/wp\/v2\/types\/product"}],"replies":[{"embeddable":true,"href":"https:\/\/9play.de\/shop\/wp-json\/wp\/v2\/comments?post=16785"}],"wp:featuredmedia":[{"embeddable":true,"href":"https:\/\/9play.de\/shop\/wp-json\/wp\/v2\/media\/16786"}],"wp:attachment":[{"href":"https:\/\/9play.de\/shop\/wp-json\/wp\/v2\/media?parent=16785"}],"wp:term":[{"taxonomy":"product_brand","embeddable":true,"href":"https:\/\/9play.de\/shop\/wp-json\/wp\/v2\/product_brand?post=16785"},{"taxonomy":"product_cat","embeddable":true,"href":"https:\/\/9play.de\/shop\/wp-json\/wp\/v2\/product_cat?post=16785"},{"taxonomy":"product_tag","embeddable":true,"href":"https:\/\/9play.de\/shop\/wp-json\/wp\/v2\/product_tag?post=16785"}],"curies":[{"name":"wp","href":"https:\/\/api.w.org\/{rel}","templated":true}]}}