{"id":16790,"date":"2024-10-06T18:17:43","date_gmt":"2024-10-06T16:17:43","guid":{"rendered":"https:\/\/9play.de\/shop\/produkt\/polizei-kostuem-weste-pistole-handschellen\/"},"modified":"2024-10-06T18:18:31","modified_gmt":"2024-10-06T16:18:31","slug":"polizei-kostuem-weste-pistole-handschellen","status":"publish","type":"product","link":"https:\/\/9play.de\/shop\/produkt\/polizei-kostuem-weste-pistole-handschellen\/","title":{"rendered":"Polizei Kost\u00fcm Weste Pistole Handschellen"},"content":{"rendered":"<p>Polizei Set f\u00fcr Kinder mit viel Zubeh\u00f6r.<br \/>Zu einem Polizeikost\u00fcm passt dieses Set mit dem reichhaltigen Zubeh\u00f6r besonders gut.<br \/>Mit dem 11-teiligen Zubeh\u00f6r kann man so richtig loslegen und auf Verbrecherjagd gehen.<br \/>Mal etwas anderes als immer nur Spielzeugwaffen zum Kost\u00fcm. Ein echter Polizist braucht schlie\u00dflich noch viel mehr Zubeh\u00f6r f\u00fcr die echte Polizeiarbeit.<br \/>Im Polizei Set f\u00fcr Kinder befinden sich Pistole, graue Handschellen aus Kunststoff, ein fake Uhr f\u00fcr das Inspizieren des Tatorts, ein Funkger\u00e4t um Verst\u00e4rkung anzufordern, nat\u00fcrlich die Polizeimarke und Polizei-Ausweis mit der man sich ausweisen kann, ein Schlagstock, Messer, Polizei-Weste aus&nbsp;Kunststoff um sich zu sch\u00fctzen und Handgranate f\u00fcr ganz besonders kriminelle Verbrecher. Pistole um Einbrecher in Schach zu halten.<br \/>Der Bank\u00fcberfall wird bestimmt vereitelt. Jetzt geht es los und die Stadt wird gereinigt von den B\u00f6sewichten.<br \/>Tipp: Mit diesem Polizei Zubeh\u00f6rset Kinderspielzeug hat das Kind das ganze Jahr \u00fcber viel Spa\u00df beim Spiel.<br \/>Daher eignet sich das Set auch gut als Geburtstags- oder Weihnachtsgeschenk.<br \/>Falls Ihr Kind noch kein Kost\u00fcm hat, das ist das richtige f\u00fcr ihn!<br \/>Wenn du nach Kinderpistolen suchst, dann bist du bei uns genau richtig.<br \/>Du suchst eine Kinderpistole f\u00fcr einen Kinderkost\u00fcm? Dann erg\u00e4nze dein Polizeikost\u00fcm mit dieser Pistole !<\/p>\n<p>Inhalt:&nbsp;11-Teile (Kugelsichere Weste, Abzeichen, Pistole, Walkie-Talkie, Handgranate, Uhr, Pfeife, Handschellen, Karte, Sichtschutz, Schlagstock)&nbsp;<br \/>Material: Kunststoff&nbsp;<br \/>Verpackungsgr\u00f6\u00dfe: 60 x 34 x 5,5 cm<br \/>Altersempfehlung: ab 3 Jahre<br \/>Batterie:&nbsp;im Lieferumfang enthalten<\/p>\n<p><span style=\"font-size:12.0pt\"><span style=\"font-family:Times New Roman,serif\">Achtung:&nbsp;Nicht f\u00fcr Kinder unter 36 Monaten geeignet wegen verschluckbarer Kleinteile, Erstickungsgefahr.<\/span><\/span><\/p>\n<p><span style=\"font-size:12pt\"><span style=\"font-family:Times New Roman,serif\">Hinweis zur Entsorgung von Altbatterien<\/span><\/span><\/p>\n<p class=\"Textbody\" style=\"margin-bottom:8px\"><span style=\"font-size:12pt\"><span style=\"font-family:Times New Roman,serif\">Der nachfolgende Hinweis richtet sich an diejenigen, die Batterien oder Produkte mit eingebauten Batterien nutzen und in der an sie gelieferten Form nicht mehr weiterver\u00e4u\u00dfern (Endnutzer):<\/span><\/span><\/p>\n<p class=\"Textbody\" style=\"margin-bottom:8px\"><span style=\"font-size:12pt\"><span style=\"font-family:Times New Roman,serif\">1. Unentgeltliche R\u00fccknahme von Altbatterien<\/span><\/span><\/p>\n<p class=\"Textbody\" style=\"margin-bottom:8px\"><span style=\"font-size:12pt\"><span style=\"font-family:Times New Roman,serif\">Batterien d\u00fcrfen nicht \u00fcber den Hausm\u00fcll entsorgt werden. Sie sind zur R\u00fcckgabe von Altbatterien gesetzlich verpflichtet, damit eine fachgerechte Entsorgung gew\u00e4hrleistet werden kann. Sie k\u00f6nnen Altbatterien an einer kommunalen Sammelstelle oder im Handel vor Ort abgeben. Auch wir sind als Vertreiber von Batterien zur R\u00fccknahme von Altbatterien verpflichtet, wobei sich unsere R\u00fccknahmeverpflichtung auf Altbatterien der Art beschr\u00e4nkt, die wir als Neubatterien in unserem Sortiment f\u00fchren oder gef\u00fchrt haben. Altbatterien vorgenannter Art k\u00f6nnen Sie daher entweder ausreichend frankiert an uns zur\u00fccksenden oder sie direkt an unserem Versandlager unter der im Impressum genannten Adresse unentgeltlich abgeben.<\/span><\/span><\/p>\n<p class=\"Textbody\" style=\"margin-bottom:8px\"><span style=\"font-size:12pt\"><span style=\"font-family:Times New Roman,serif\">2. Bedeutung der Batteriesymbole<\/span><\/span><\/p>\n<p class=\"Textbody\" style=\"margin-bottom:8px\"><span style=\"font-size:12pt\"><span style=\"font-family:Times New Roman,serif\">Batterien sind mit dem Symbol einer durchgekreuzten M\u00fclltonne gekennzeichnet. Dieses Symbol weist darauf hin, dass Batterien nicht in den Hausm\u00fcll gegeben werden d\u00fcrfen. Bei Batterien, die mehr als 0,0005 Masseprozent Quecksilber, mehr als 0,002 Masseprozent Cadmium oder mehr als 0,004 Masseprozent Blei enthalten, befindet sich unter dem M\u00fclltonnen-Symbol die chemische Bezeichnung des jeweils eingesetzten Schadstoffes \u2013 dabei steht &#8222;Cd&#8220; f\u00fcr Cadmium, &#8222;Pb&#8220; steht f\u00fcr Blei, und &#8222;Hg&#8220; f\u00fcr Quecksilber.<\/span><\/span><\/p>\n","protected":false},"excerpt":{"rendered":"<p>Polizei Set f\u00fcr Kinder mit viel Zubeh\u00f6r.<\/p>\n","protected":false},"featured_media":16791,"comment_status":"closed","ping_status":"open","template":"","meta":[],"product_brand":[],"product_cat":[476],"product_tag":[],"class_list":{"0":"post-16790","1":"product","2":"type-product","3":"status-publish","4":"has-post-thumbnail","6":"product_cat-polizei-detektiv","8":"first","9":"instock","10":"shipping-taxable","11":"purchasable","12":"product-type-simple"},"_links":{"self":[{"href":"https:\/\/9play.de\/shop\/wp-json\/wp\/v2\/product\/16790","targetHints":{"allow":["GET"]}}],"collection":[{"href":"https:\/\/9play.de\/shop\/wp-json\/wp\/v2\/product"}],"about":[{"href":"https:\/\/9play.de\/shop\/wp-json\/wp\/v2\/types\/product"}],"replies":[{"embeddable":true,"href":"https:\/\/9play.de\/shop\/wp-json\/wp\/v2\/comments?post=16790"}],"wp:featuredmedia":[{"embeddable":true,"href":"https:\/\/9play.de\/shop\/wp-json\/wp\/v2\/media\/16791"}],"wp:attachment":[{"href":"https:\/\/9play.de\/shop\/wp-json\/wp\/v2\/media?parent=16790"}],"wp:term":[{"taxonomy":"product_brand","embeddable":true,"href":"https:\/\/9play.de\/shop\/wp-json\/wp\/v2\/product_brand?post=16790"},{"taxonomy":"product_cat","embeddable":true,"href":"https:\/\/9play.de\/shop\/wp-json\/wp\/v2\/product_cat?post=16790"},{"taxonomy":"product_tag","embeddable":true,"href":"https:\/\/9play.de\/shop\/wp-json\/wp\/v2\/product_tag?post=16790"}],"curies":[{"name":"wp","href":"https:\/\/api.w.org\/{rel}","templated":true}]}}