{"id":16795,"date":"2024-10-06T18:17:43","date_gmt":"2024-10-06T16:17:43","guid":{"rendered":"https:\/\/9play.de\/shop\/produkt\/holz-motorik-wuerfel-activity-cube\/"},"modified":"2024-10-06T18:18:39","modified_gmt":"2024-10-06T16:18:39","slug":"holz-motorik-wuerfel-activity-cube","status":"publish","type":"product","link":"https:\/\/9play.de\/shop\/produkt\/holz-motorik-wuerfel-activity-cube\/","title":{"rendered":"Holz Motorik-W\u00fcrfel Activity Cube"},"content":{"rendered":"<p>Fisher Price Activity Cube Holz.<br \/>Der Fisher Price Activity Cube aus Holz ist die perfekte Erg\u00e4nzung der traditionellen Holzspielzeugkollektion von Fisher Price und wird in einer zeitgem\u00e4\u00dfen Version f\u00fcr die Kleinkinder von heute hergestellt.<br \/>Auf diesem 5-in-1-Aktivit\u00e4tsw\u00fcrfel gibt es viel zu entdecken und wird Ihre Kleinen stundenlang unterhalten.<br \/>Das abnehmbare Oberteil verf\u00fcgt \u00fcber ein Perlenlabyrinth und einen Puzzleschlitz. Hilf dem L\u00f6wen, dem Panda, dem Krokodil und dem Elefanten, sich auf dem Brett zu bewegen.<br \/>Au\u00dferdem gibt es weitere Spielm\u00f6glichkeiten, wie z. B. Musizieren auf dem Xylophon oder Puzzeln mit dem Formensortierer.<br \/>Die verschiedenen Aktivit\u00e4ten f\u00f6rdern das Lernen und die koordinativen F\u00e4higkeiten bei Spiel und Spa\u00df. Auch das gemeinsame Spielen und Teilen mit anderen Kindern wird gef\u00f6rdert.<br \/>Der Fisher Price Activity Cube aus Holz ist aus verantwortungsvollen Materialien hergestellt.<\/p>\n<p>Altersempfehlung: ab 18 Monate&nbsp;<br \/>Material: Holz<br \/>Gr\u00f6\u00dfe: ca. 43 x 23 x 23 cm<\/p>\n<p>Achtung: Benutzung unter unmittelbarer Aufsicht von Erwachsenen.<\/p>\n","protected":false},"excerpt":{"rendered":"<p>Fisher Price Activity Cube Holz<\/p>\n","protected":false},"featured_media":16796,"comment_status":"closed","ping_status":"open","template":"","meta":[],"product_brand":[],"product_cat":[525],"product_tag":[],"class_list":{"0":"post-16795","1":"product","2":"type-product","3":"status-publish","4":"has-post-thumbnail","6":"product_cat-holz-motorikspielzeug","8":"first","9":"instock","10":"shipping-taxable","11":"purchasable","12":"product-type-simple"},"_links":{"self":[{"href":"https:\/\/9play.de\/shop\/wp-json\/wp\/v2\/product\/16795","targetHints":{"allow":["GET"]}}],"collection":[{"href":"https:\/\/9play.de\/shop\/wp-json\/wp\/v2\/product"}],"about":[{"href":"https:\/\/9play.de\/shop\/wp-json\/wp\/v2\/types\/product"}],"replies":[{"embeddable":true,"href":"https:\/\/9play.de\/shop\/wp-json\/wp\/v2\/comments?post=16795"}],"wp:featuredmedia":[{"embeddable":true,"href":"https:\/\/9play.de\/shop\/wp-json\/wp\/v2\/media\/16796"}],"wp:attachment":[{"href":"https:\/\/9play.de\/shop\/wp-json\/wp\/v2\/media?parent=16795"}],"wp:term":[{"taxonomy":"product_brand","embeddable":true,"href":"https:\/\/9play.de\/shop\/wp-json\/wp\/v2\/product_brand?post=16795"},{"taxonomy":"product_cat","embeddable":true,"href":"https:\/\/9play.de\/shop\/wp-json\/wp\/v2\/product_cat?post=16795"},{"taxonomy":"product_tag","embeddable":true,"href":"https:\/\/9play.de\/shop\/wp-json\/wp\/v2\/product_tag?post=16795"}],"curies":[{"name":"wp","href":"https:\/\/api.w.org\/{rel}","templated":true}]}}