{"id":16808,"date":"2024-10-06T18:18:50","date_gmt":"2024-10-06T16:18:50","guid":{"rendered":"https:\/\/9play.de\/shop\/produkt\/muellwagen-muellauto-lkw-zum-bauen\/"},"modified":"2024-10-06T18:18:50","modified_gmt":"2024-10-06T16:18:50","slug":"muellwagen-muellauto-lkw-zum-bauen","status":"publish","type":"product","link":"https:\/\/9play.de\/shop\/produkt\/muellwagen-muellauto-lkw-zum-bauen\/","title":{"rendered":"M\u00fcllwagen M\u00fcllauto LKW zum Bauen"},"content":{"rendered":"<p>Ein hervorragendes Spielzeug f\u00fcr den ambitionierten M\u00fclllasterwagenfahrer, es l\u00e4sst kleine und gro\u00dfe Herzen h\u00f6her schlagen.<br \/>Der M\u00fcllwagen ist inklusive 4 M\u00fclltonnen und hat einen R\u00fcckzugsmotor.<br \/>Der M\u00fcllwagen ist gleichzeitig ein Bausatz, er l\u00e4sst sich einfach auseinander und wieder zusammenbauen und wird so zum besonderen Erlebnis f\u00fcr die Kinder.<\/p>\n<p>Gr\u00f6\u00dfe M\u00fcllwagen: ca. 25 x 11 cm<br \/>Gr\u00f6\u00dfe M\u00fclltonnen: ca. 7 x 5 cm<br \/>Altersempfehlung: Ab 3 Jahre<br \/>Material: Kunststoff<br \/>Inhalt: 4 M\u00fclltonnen, Fahrzeug, Schraubenzieher mit zwei Aufs\u00e4tzen<br \/>Achtung! Nicht f\u00fcr Kinder unter 36 Monaten geeignet wegen verschluckbarer Kleinteile, Erstickungsgefahr.<\/p>\n","protected":false},"excerpt":{"rendered":"<p>Ein hervorragendes Spielzeug f\u00fcr den ambitionierten M\u00fclllasterwagenfahrer !<\/p>\n","protected":false},"featured_media":16809,"comment_status":"closed","ping_status":"open","template":"","meta":[],"product_brand":[],"product_cat":[466],"product_tag":[],"class_list":{"0":"post-16808","1":"product","2":"type-product","3":"status-publish","4":"has-post-thumbnail","6":"product_cat-dienstfahrzeuge","8":"first","9":"instock","10":"shipping-taxable","11":"purchasable","12":"product-type-simple"},"_links":{"self":[{"href":"https:\/\/9play.de\/shop\/wp-json\/wp\/v2\/product\/16808","targetHints":{"allow":["GET"]}}],"collection":[{"href":"https:\/\/9play.de\/shop\/wp-json\/wp\/v2\/product"}],"about":[{"href":"https:\/\/9play.de\/shop\/wp-json\/wp\/v2\/types\/product"}],"replies":[{"embeddable":true,"href":"https:\/\/9play.de\/shop\/wp-json\/wp\/v2\/comments?post=16808"}],"wp:featuredmedia":[{"embeddable":true,"href":"https:\/\/9play.de\/shop\/wp-json\/wp\/v2\/media\/16809"}],"wp:attachment":[{"href":"https:\/\/9play.de\/shop\/wp-json\/wp\/v2\/media?parent=16808"}],"wp:term":[{"taxonomy":"product_brand","embeddable":true,"href":"https:\/\/9play.de\/shop\/wp-json\/wp\/v2\/product_brand?post=16808"},{"taxonomy":"product_cat","embeddable":true,"href":"https:\/\/9play.de\/shop\/wp-json\/wp\/v2\/product_cat?post=16808"},{"taxonomy":"product_tag","embeddable":true,"href":"https:\/\/9play.de\/shop\/wp-json\/wp\/v2\/product_tag?post=16808"}],"curies":[{"name":"wp","href":"https:\/\/api.w.org\/{rel}","templated":true}]}}