{"id":16813,"date":"2024-10-06T18:18:50","date_gmt":"2024-10-06T16:18:50","guid":{"rendered":"https:\/\/9play.de\/shop\/produkt\/feuerwehr-polizei-auto-und-kran-zum-bauen\/"},"modified":"2024-10-06T18:18:53","modified_gmt":"2024-10-06T16:18:53","slug":"feuerwehr-polizei-auto-und-kran-zum-bauen","status":"publish","type":"product","link":"https:\/\/9play.de\/shop\/produkt\/feuerwehr-polizei-auto-und-kran-zum-bauen\/","title":{"rendered":"Feuerwehr Polizei Auto und Kran zum Bauen"},"content":{"rendered":"<p>Das Spiel-Set aus der Produktlinie Cars and Trucks mit Feuerwehrauto, Polizeiauto, Kran und Spielfigur zum Zusammenbauen.<br \/>Mit dem mitgelieferten Schraubendreher k\u00f6nnst du diverse Teile abschrauben und woanders wieder zusammenbauen.<br \/>Mit allem Zubeh\u00f6r hast du so zus\u00e4tzliche Spielm\u00f6glichkeiten. Gestallte es so, wie es dir gef\u00e4llt !<br \/>&nbsp;<\/p>\n<p>Verpackungsgr\u00f6\u00dfe: ca. 36 x 26,5 x 7 cm<br \/>Material: Kunststoff<br \/>Altersempfehlung: Ab 3 Jahre<br \/>Achtung! Nicht f\u00fcr Kinder unter 36 Monaten geeignet wegen verschluckbarer Kleinteile, Erstickungsgefahr.<\/p>\n","protected":false},"excerpt":{"rendered":"<p>Bau deine Rettungsdienst-Fahrzeuge zusammen und auseinander !<\/p>\n","protected":false},"featured_media":16814,"comment_status":"closed","ping_status":"open","template":"","meta":[],"product_brand":[],"product_cat":[466],"product_tag":[],"class_list":{"0":"post-16813","1":"product","2":"type-product","3":"status-publish","4":"has-post-thumbnail","6":"product_cat-dienstfahrzeuge","8":"first","9":"instock","10":"shipping-taxable","11":"purchasable","12":"product-type-simple"},"_links":{"self":[{"href":"https:\/\/9play.de\/shop\/wp-json\/wp\/v2\/product\/16813","targetHints":{"allow":["GET"]}}],"collection":[{"href":"https:\/\/9play.de\/shop\/wp-json\/wp\/v2\/product"}],"about":[{"href":"https:\/\/9play.de\/shop\/wp-json\/wp\/v2\/types\/product"}],"replies":[{"embeddable":true,"href":"https:\/\/9play.de\/shop\/wp-json\/wp\/v2\/comments?post=16813"}],"wp:featuredmedia":[{"embeddable":true,"href":"https:\/\/9play.de\/shop\/wp-json\/wp\/v2\/media\/16814"}],"wp:attachment":[{"href":"https:\/\/9play.de\/shop\/wp-json\/wp\/v2\/media?parent=16813"}],"wp:term":[{"taxonomy":"product_brand","embeddable":true,"href":"https:\/\/9play.de\/shop\/wp-json\/wp\/v2\/product_brand?post=16813"},{"taxonomy":"product_cat","embeddable":true,"href":"https:\/\/9play.de\/shop\/wp-json\/wp\/v2\/product_cat?post=16813"},{"taxonomy":"product_tag","embeddable":true,"href":"https:\/\/9play.de\/shop\/wp-json\/wp\/v2\/product_tag?post=16813"}],"curies":[{"name":"wp","href":"https:\/\/api.w.org\/{rel}","templated":true}]}}