{"id":16818,"date":"2024-10-06T18:18:50","date_gmt":"2024-10-06T16:18:50","guid":{"rendered":"https:\/\/9play.de\/shop\/produkt\/abschleppwagen-polizei-auto-mit-rueckzug\/"},"modified":"2024-10-06T18:18:55","modified_gmt":"2024-10-06T16:18:55","slug":"abschleppwagen-polizei-auto-mit-rueckzug","status":"publish","type":"product","link":"https:\/\/9play.de\/shop\/produkt\/abschleppwagen-polizei-auto-mit-rueckzug\/","title":{"rendered":"Abschleppwagen Polizei Auto mit R\u00fcckzug"},"content":{"rendered":"<p>Perfekte Ausstattung f\u00fcr dein Kinderzimmer!<br \/>Polizeiauto von Toi-Toys.<br \/>Mit diesem stattlichen Polizei-Abschleppwagen k\u00f6nnen alle Falschparker oder auch kaputte Fahrzeuge von der Polizei abtransportiert werden.<br \/>Das Fahrzeug begeistert mit einem beweglichen Ausleger, drehbaren R\u00e4dern und einem coolen R\u00fcckzugsmotor.<br \/>F\u00fcr Spielespa\u00df drinnen und drau\u00dfen geeignet. F\u00f6rdert die feinmotorischen F\u00e4higkeiten deines Kindes.<\/p>\n<p>Gr\u00f6\u00dfe: ca. 20 x&nbsp;12 cm<br \/>Material: Metall, Kunststoff<br \/>Altersempfehlung: Ab 3 Jahre<br \/>Achtung! Nicht f\u00fcr Kinder unter 36 Monaten geeignet wegen verschluckbarer Kleinteile, Erstickungsgefahr.<\/p>\n","protected":false},"excerpt":{"rendered":"<p>Mit dem Polizei-Abschleppwagen k\u00f6nnen Falschparker von der Polizei abtransportiert werden !<\/p>\n","protected":false},"featured_media":16819,"comment_status":"closed","ping_status":"open","template":"","meta":[],"product_brand":[],"product_cat":[466],"product_tag":[],"class_list":{"0":"post-16818","1":"product","2":"type-product","3":"status-publish","4":"has-post-thumbnail","6":"product_cat-dienstfahrzeuge","8":"first","9":"instock","10":"shipping-taxable","11":"purchasable","12":"product-type-simple"},"_links":{"self":[{"href":"https:\/\/9play.de\/shop\/wp-json\/wp\/v2\/product\/16818","targetHints":{"allow":["GET"]}}],"collection":[{"href":"https:\/\/9play.de\/shop\/wp-json\/wp\/v2\/product"}],"about":[{"href":"https:\/\/9play.de\/shop\/wp-json\/wp\/v2\/types\/product"}],"replies":[{"embeddable":true,"href":"https:\/\/9play.de\/shop\/wp-json\/wp\/v2\/comments?post=16818"}],"wp:featuredmedia":[{"embeddable":true,"href":"https:\/\/9play.de\/shop\/wp-json\/wp\/v2\/media\/16819"}],"wp:attachment":[{"href":"https:\/\/9play.de\/shop\/wp-json\/wp\/v2\/media?parent=16818"}],"wp:term":[{"taxonomy":"product_brand","embeddable":true,"href":"https:\/\/9play.de\/shop\/wp-json\/wp\/v2\/product_brand?post=16818"},{"taxonomy":"product_cat","embeddable":true,"href":"https:\/\/9play.de\/shop\/wp-json\/wp\/v2\/product_cat?post=16818"},{"taxonomy":"product_tag","embeddable":true,"href":"https:\/\/9play.de\/shop\/wp-json\/wp\/v2\/product_tag?post=16818"}],"curies":[{"name":"wp","href":"https:\/\/api.w.org\/{rel}","templated":true}]}}