{"id":16821,"date":"2024-10-06T18:18:50","date_gmt":"2024-10-06T16:18:50","guid":{"rendered":"https:\/\/9play.de\/shop\/produkt\/wohnmobil-mit-anhaenger-und-boot\/"},"modified":"2024-10-06T18:18:57","modified_gmt":"2024-10-06T16:18:57","slug":"wohnmobil-mit-anhaenger-und-boot","status":"publish","type":"product","link":"https:\/\/9play.de\/shop\/produkt\/wohnmobil-mit-anhaenger-und-boot\/","title":{"rendered":"Wohnmobil mit Anh\u00e4nger und Boot"},"content":{"rendered":"<p>Machen Sie mit diesem Wohnwagen und Boot Urlaub am Meer.<br \/>Das Auto und das Schnellboot sehen aus wie echt, so dass dein Urlaub zu einem einzigartigen Erlebnis wird.<br \/>Wohnwagen verf\u00fcgt \u00fcber einen Anh\u00e4nger auf dem das Boot abgestellt werden kann.<\/p>\n<p>Gesamtgr\u00f6\u00dfe: ca. 36&nbsp;x 10&nbsp;x 7 cm<br \/>Ma\u00dfstab: 1:48<br \/>Material: Metal, Kunststoff<br \/>Altersempfehlung: Ab 3 Jahre<br \/>Achtung! Nicht f\u00fcr Kinder unter 36 Monaten geeignet wegen verschluckbarer Kleinteile, Erstickungsgefahr.<\/p>\n","protected":false},"excerpt":{"rendered":"<p>Wohnwagen mit Schnellboot f\u00fcr deinen perfekten Urlaub !<\/p>\n","protected":false},"featured_media":16822,"comment_status":"closed","ping_status":"open","template":"","meta":[],"product_brand":[],"product_cat":[526],"product_tag":[],"class_list":{"0":"post-16821","1":"product","2":"type-product","3":"status-publish","4":"has-post-thumbnail","6":"product_cat-pkws","8":"first","9":"instock","10":"shipping-taxable","11":"purchasable","12":"product-type-simple"},"_links":{"self":[{"href":"https:\/\/9play.de\/shop\/wp-json\/wp\/v2\/product\/16821","targetHints":{"allow":["GET"]}}],"collection":[{"href":"https:\/\/9play.de\/shop\/wp-json\/wp\/v2\/product"}],"about":[{"href":"https:\/\/9play.de\/shop\/wp-json\/wp\/v2\/types\/product"}],"replies":[{"embeddable":true,"href":"https:\/\/9play.de\/shop\/wp-json\/wp\/v2\/comments?post=16821"}],"wp:featuredmedia":[{"embeddable":true,"href":"https:\/\/9play.de\/shop\/wp-json\/wp\/v2\/media\/16822"}],"wp:attachment":[{"href":"https:\/\/9play.de\/shop\/wp-json\/wp\/v2\/media?parent=16821"}],"wp:term":[{"taxonomy":"product_brand","embeddable":true,"href":"https:\/\/9play.de\/shop\/wp-json\/wp\/v2\/product_brand?post=16821"},{"taxonomy":"product_cat","embeddable":true,"href":"https:\/\/9play.de\/shop\/wp-json\/wp\/v2\/product_cat?post=16821"},{"taxonomy":"product_tag","embeddable":true,"href":"https:\/\/9play.de\/shop\/wp-json\/wp\/v2\/product_tag?post=16821"}],"curies":[{"name":"wp","href":"https:\/\/api.w.org\/{rel}","templated":true}]}}