{"id":16826,"date":"2024-10-06T18:18:50","date_gmt":"2024-10-06T16:18:50","guid":{"rendered":"https:\/\/9play.de\/shop\/produkt\/feuerwehr-auto-mit-licht-und-sound\/"},"modified":"2024-10-06T18:19:00","modified_gmt":"2024-10-06T16:19:00","slug":"feuerwehr-auto-mit-licht-und-sound","status":"publish","type":"product","link":"https:\/\/9play.de\/shop\/produkt\/feuerwehr-auto-mit-licht-und-sound\/","title":{"rendered":"Feuerwehr Auto mit Licht und Sound"},"content":{"rendered":"<p>Feuerwehrwagen von Toi-Toys.<br \/>Das Feuerwehrfahrzeug bringt die Feuerwehrleute zur Einsatzstelle.<br \/>Damit auch alle ihn h\u00f6ren und sehen verf\u00fcgt er \u00fcber Licht und Sound, sowie einen R\u00fcckzugmotor.<\/p>\n<p>Gr\u00f6\u00dfe: ca. 21 x 11 cm<br \/>Material: Kunststoff<br \/>Altersempfehlung: Ab 3 Jahre<br \/>Holen Sie sich dieses tolle ma\u00dfstabgetreue Modellauto nach Hause.<br \/>Batterien sind im Lieferumfang enthalten.<br \/>Achtung! Nicht f\u00fcr Kinder unter 36 Monaten geeignet wegen verschluckbarer Kleinteile, Erstickungsgefahr.<\/p>\n","protected":false},"excerpt":{"rendered":"<p>Deutscher Feuerwehrbus bringt die Feuerwehrleute zur Einsatzstelle !<\/p>\n","protected":false},"featured_media":16827,"comment_status":"closed","ping_status":"open","template":"","meta":[],"product_brand":[],"product_cat":[466],"product_tag":[],"class_list":{"0":"post-16826","1":"product","2":"type-product","3":"status-publish","4":"has-post-thumbnail","6":"product_cat-dienstfahrzeuge","8":"first","9":"instock","10":"shipping-taxable","11":"purchasable","12":"product-type-simple"},"_links":{"self":[{"href":"https:\/\/9play.de\/shop\/wp-json\/wp\/v2\/product\/16826","targetHints":{"allow":["GET"]}}],"collection":[{"href":"https:\/\/9play.de\/shop\/wp-json\/wp\/v2\/product"}],"about":[{"href":"https:\/\/9play.de\/shop\/wp-json\/wp\/v2\/types\/product"}],"replies":[{"embeddable":true,"href":"https:\/\/9play.de\/shop\/wp-json\/wp\/v2\/comments?post=16826"}],"wp:featuredmedia":[{"embeddable":true,"href":"https:\/\/9play.de\/shop\/wp-json\/wp\/v2\/media\/16827"}],"wp:attachment":[{"href":"https:\/\/9play.de\/shop\/wp-json\/wp\/v2\/media?parent=16826"}],"wp:term":[{"taxonomy":"product_brand","embeddable":true,"href":"https:\/\/9play.de\/shop\/wp-json\/wp\/v2\/product_brand?post=16826"},{"taxonomy":"product_cat","embeddable":true,"href":"https:\/\/9play.de\/shop\/wp-json\/wp\/v2\/product_cat?post=16826"},{"taxonomy":"product_tag","embeddable":true,"href":"https:\/\/9play.de\/shop\/wp-json\/wp\/v2\/product_tag?post=16826"}],"curies":[{"name":"wp","href":"https:\/\/api.w.org\/{rel}","templated":true}]}}